





{"id":114,"date":"2017-05-10T09:37:17","date_gmt":"2017-05-10T09:37:17","guid":{"rendered":"http:\/\/www.casinoonline.tf\/br\/?page_id=114"},"modified":"2017-05-10T09:37:17","modified_gmt":"2017-05-10T09:37:17","slug":"faq-online-casino","status":"publish","type":"page","link":"https:\/\/www.casinoonline.tf\/br\/faq-online-casino\/","title":{"rendered":"Perguntas e respostas sobre o jogo e as empresas"},"content":{"rendered":"<p>Cada vez mais clientes confiam em sites de casinos para jogar e se entreter, mas como em qualquer outro grande mercado, surgem d\u00favidas sobre o funcionamento e como fazer para aproveitar melhor a experi\u00eancia. Por isso organizamos este post para resolver as d\u00favidas mais comuns.<\/p>\n<h2><span style=\"font-weight: 400;\">Jogar em um casino online \u00e9 seguro?<\/span><\/h2>\n<p><span style=\"font-weight: 400;\">Como toda compra que voc\u00ea fizer na sua vida, antes de colocar seu dinheiro em <a href=\"http:\/\/www.casinoonline.tf\/br\/\">um casino online voc\u00ea deve pesquisar<\/a> para fazer o melhor neg\u00f3cio poss\u00edvel. Assim, voc\u00ea vai saber que jogar em casas como Casino King, Betfair, Bet365, Vera &amp; John, entre outras, \u00e9 muito seguro.<img loading=\"lazy\" class=\"aligncenter size-medium wp-image-115\" src=\"http:\/\/www.casinoonline.tf\/br\/wp-content\/uploads\/sites\/8\/2017\/05\/Perguntas-e-respostas-sobre-o-jogo-e-as-empresas-300x134.jpg\" alt=\"Perguntas e respostas sobre o jogo e as empresas\" width=\"300\" height=\"134\" srcset=\"https:\/\/www.casinoonline.tf\/br\/wp-content\/uploads\/sites\/8\/2017\/05\/Perguntas-e-respostas-sobre-o-jogo-e-as-empresas-300x134.jpg 300w, https:\/\/www.casinoonline.tf\/br\/wp-content\/uploads\/sites\/8\/2017\/05\/Perguntas-e-respostas-sobre-o-jogo-e-as-empresas-768x343.jpg 768w, https:\/\/www.casinoonline.tf\/br\/wp-content\/uploads\/sites\/8\/2017\/05\/Perguntas-e-respostas-sobre-o-jogo-e-as-empresas-608x271.jpg 608w, https:\/\/www.casinoonline.tf\/br\/wp-content\/uploads\/sites\/8\/2017\/05\/Perguntas-e-respostas-sobre-o-jogo-e-as-empresas-758x338.jpg 758w, https:\/\/www.casinoonline.tf\/br\/wp-content\/uploads\/sites\/8\/2017\/05\/Perguntas-e-respostas-sobre-o-jogo-e-as-empresas.jpg 896w\" sizes=\"(max-width: 300px) 100vw, 300px\" \/><\/span><\/p>\n<p><span style=\"font-weight: 400;\">Elas n\u00e3o s\u00f3 s\u00e3o respaldadas por anos e anos de experi\u00eancia, mesmo nesse mercado novo, e por milhares ou at\u00e9 milh\u00f5es de clientes. Elas s\u00e3o reguladas por governos ou entidades especializadas que asseguram a justi\u00e7a do jogo e a seguran\u00e7a dos dados e tamb\u00e9m contam com grandes sistemas de seguran\u00e7a que impedem hackers de roubar informa\u00e7\u00f5es. Ent\u00e3o sim, na casa certa \u00e9 muito seguro.<\/span><\/p>\n<h2><span style=\"font-weight: 400;\">Como funciona para adicionar fundos e levantar eles?<\/span><\/h2>\n<p><span style=\"font-weight: 400;\">Isso varia de empresa para empresa. Invariavelmente, quem tem um cart\u00e3o de cr\u00e9dito ou d\u00e9bito das bandeiras Visa ou Mastercard ter\u00e3o imensa facilidade para jogar, j\u00e1 que eles s\u00e3o aceitas em todas as casas de respeito e o cr\u00e9dito ser\u00e1 disponibilizado na hora. <\/span><\/p>\n<p><span style=\"font-weight: 400;\">Para quem usa carteiras online como Skrill e Neteller, h\u00e1 tamb\u00e9m essa facilidade. J\u00e1 boleto banc\u00e1rio, transfer\u00eancia banc\u00e1ria e outras bandeiras ou carteiras online costumam estar dispon\u00edveis tamb\u00e9m. J\u00e1 para fazer o levantamento, as casas diferem nas condi\u00e7\u00f5es, mas pode ter certeza que os fundos ir\u00e3o <a href=\"http:\/\/www.casinoonline.tf\/br\/blackjack\/\">aparecer no seu cart\u00e3o ou conta online<\/a>.<\/span><\/p>\n<h2><span style=\"font-weight: 400;\">Qual \u00e9 o melhor casino online para jogar?<\/span><\/h2>\n<p><span style=\"font-weight: 400;\">Isso \u00e9 como perguntar qual \u00e9 o melhor sabor de sorvete ou qual \u00e9 o melhor carro ou o melhor time de futebol. Vai completamente do gosto do cliente. Caso voc\u00ea valorize os b\u00f4nus de uma casa, te dando mais chances de ganhar e continuar nas salas,<a href=\"http:\/\/www.casinoonline.tf\/br\/europa-casino\/\"> a Europa Casino oferece esses extras<\/a>.<img loading=\"lazy\" class=\"alignright size-medium wp-image-116\" src=\"http:\/\/www.casinoonline.tf\/br\/wp-content\/uploads\/sites\/8\/2017\/05\/Qual-e\u0301-o-melhor-casino-online-para-jogar-300x263.jpg\" alt=\"Qual \u00e9 o melhor casino online para jogar?\" width=\"300\" height=\"263\" srcset=\"https:\/\/www.casinoonline.tf\/br\/wp-content\/uploads\/sites\/8\/2017\/05\/Qual-e\u0301-o-melhor-casino-online-para-jogar-300x263.jpg 300w, https:\/\/www.casinoonline.tf\/br\/wp-content\/uploads\/sites\/8\/2017\/05\/Qual-e\u0301-o-melhor-casino-online-para-jogar-768x673.jpg 768w, https:\/\/www.casinoonline.tf\/br\/wp-content\/uploads\/sites\/8\/2017\/05\/Qual-e\u0301-o-melhor-casino-online-para-jogar-608x533.jpg 608w, https:\/\/www.casinoonline.tf\/br\/wp-content\/uploads\/sites\/8\/2017\/05\/Qual-e\u0301-o-melhor-casino-online-para-jogar-758x665.jpg 758w, https:\/\/www.casinoonline.tf\/br\/wp-content\/uploads\/sites\/8\/2017\/05\/Qual-e\u0301-o-melhor-casino-online-para-jogar.jpg 812w\" sizes=\"(max-width: 300px) 100vw, 300px\" \/> <\/span><\/p>\n<blockquote><p><span style=\"font-weight: 400;\">J\u00e1 se voc\u00ea prefere variedade, a casa escandinava Vera &amp; John oferece um gigantesco card\u00e1pio para seus clientes, que dificilmente se cansar\u00e3o do produto. <\/span><\/p><\/blockquote>\n<p><span style=\"font-weight: 400;\">Caso voc\u00ea queira um nome s\u00f3lido no mercado para n\u00e3o se preocupar com nada, a Casino King est\u00e1 online desde 1997. <\/span><\/p>\n<p><strong>Portanto, depende muito do que mais importa para voc\u00ea. <\/strong><\/p>\n<h2><span style=\"font-weight: 400;\">Como come\u00e7o?<\/span><\/h2>\n<p><span style=\"font-weight: 400;\">\u00c9 muito simples. Primeiro voc\u00ea ter\u00e1 que abrir uma conta. Os casinos online v\u00e3o te pedir para fornecer alguns dados pessoais como nome completo, endere\u00e7o residencial, n\u00famero de identifica\u00e7\u00e3o fiscal de seu pa\u00eds, email e tamb\u00e9m criar um nome de usu\u00e1rio e senha.<\/span><\/p>\n<p><span style=\"font-weight: 400;\">Al\u00e9m disso, voc\u00ea tamb\u00e9m deve selecionar sua forma de pagamento para colocar cr\u00e9dito na sua conta. Depois disso, \u00e9 s\u00f3 come\u00e7ar a jogar e se divertir. Caso voc\u00ea n\u00e3o queira colocar dinheiro, n\u00e3o h\u00e1 problema, j\u00e1 que muitas dessas casas t\u00eam atra\u00e7\u00f5es que n\u00e3o envolvem o aspecto financeiro.<\/span><\/p>\n<h2><span style=\"font-weight: 400;\">\u00c9 t\u00e3o divertido quanto um casino normal?<\/span><\/h2>\n<p><span style=\"font-weight: 400;\">N\u00e3o \u00e9 t\u00e3o glamouroso quanto uma cena de bacar\u00e1 em um filme de James Bond, mas pode ter certeza que \u00e9 divertido igual e muito mais c\u00f4modo. Al\u00e9m de voc\u00ea nem precisar sair de casa ou poder jogar no transporte, no intervalo do trabalho ou qualquer outro lugar nas vers\u00f5es mobile, o casino online nunca fecha. Voc\u00ea pode come\u00e7ar a hora que quiser e jogar com gente do mundo inteiro conectadas na mesma sala. <\/span><\/p>\n\n","protected":false},"excerpt":{"rendered":"<p>Cada vez mais clientes confiam em sites de casinos para jogar e se entreter, mas como em qualquer outro grande mercado, surgem d\u00favidas sobre o funcionamento e como fazer para aproveitar melhor a experi\u00eancia. Por isso organizamos este post para resolver as d\u00favidas mais comuns. Jogar em um casino online \u00e9 seguro? Como toda compra [&hellip;]<\/p>\n","protected":false},"author":1,"featured_media":0,"parent":0,"menu_order":0,"comment_status":"closed","ping_status":"closed","template":"","meta":[],"_links":{"self":[{"href":"https:\/\/www.casinoonline.tf\/br\/wp-json\/wp\/v2\/pages\/114"}],"collection":[{"href":"https:\/\/www.casinoonline.tf\/br\/wp-json\/wp\/v2\/pages"}],"about":[{"href":"https:\/\/www.casinoonline.tf\/br\/wp-json\/wp\/v2\/types\/page"}],"author":[{"embeddable":true,"href":"https:\/\/www.casinoonline.tf\/br\/wp-json\/wp\/v2\/users\/1"}],"replies":[{"embeddable":true,"href":"https:\/\/www.casinoonline.tf\/br\/wp-json\/wp\/v2\/comments?post=114"}],"version-history":[{"count":1,"href":"https:\/\/www.casinoonline.tf\/br\/wp-json\/wp\/v2\/pages\/114\/revisions"}],"predecessor-version":[{"id":117,"href":"https:\/\/www.casinoonline.tf\/br\/wp-json\/wp\/v2\/pages\/114\/revisions\/117"}],"wp:attachment":[{"href":"https:\/\/www.casinoonline.tf\/br\/wp-json\/wp\/v2\/media?parent=114"}],"curies":[{"name":"wp","href":"https:\/\/api.w.org\/{rel}","templated":true}]}}