





{"id":118,"date":"2017-05-10T09:42:40","date_gmt":"2017-05-10T09:42:40","guid":{"rendered":"http:\/\/www.casinoonline.tf\/br\/?page_id=118"},"modified":"2017-05-10T09:43:13","modified_gmt":"2017-05-10T09:43:13","slug":"jogos-e-software","status":"publish","type":"page","link":"https:\/\/www.casinoonline.tf\/br\/jogos-e-software\/","title":{"rendered":"Casino Online: d\u00favidas e respostas sobre esquema do jogo e software"},"content":{"rendered":"<p>A estrutura do jogo \u00e9 algo que pode ser bastante interessante para um apostador saber antes de se enveredar no mundo das apostas online, especialmente nos <a href=\"http:\/\/www.casinoonline.tf\/br\/\">jogos de casino e os sites especializados<\/a>.<\/p>\n<p><span style=\"font-weight: 400;\">Por isso, criamos um post de perguntas e respostas para tirar d\u00favidas sobre esses assuntos.<\/span><\/p>\n<h2><span style=\"font-weight: 400;\">Diferen\u00e7as entre o casino online: por que uns tem download e outros n\u00e3o?<\/span><\/h2>\n<p><span style=\"font-weight: 400;\">Voc\u00ea j\u00e1 deve ter notado que algumas casas confiam em seus sites para hospedar os jogos de casino e outras oferecem um software para fazer download. Isso tem mais a ver com a proposta da casa do que qualquer outra coisa. Baixando um programa, o <a href=\"http:\/\/www.casinoonline.tf\/br\/casino-software\/\">cliente deve ter sua experi\u00eancia de jogo online<\/a> aumentada, j\u00e1 que normalmente h\u00e1 mais op\u00e7\u00e3o e melhores gr\u00e1ficos e sons nesses programas.<img loading=\"lazy\" class=\"alignright size-medium wp-image-119\" src=\"http:\/\/www.casinoonline.tf\/br\/wp-content\/uploads\/sites\/8\/2017\/05\/du\u0301vidas-e-respostas-sobre-esquema-do-jogo-e-software-273x300.jpg\" alt=\"d\u00favidas e respostas sobre esquema do jogo e software\" width=\"273\" height=\"300\" srcset=\"https:\/\/www.casinoonline.tf\/br\/wp-content\/uploads\/sites\/8\/2017\/05\/du\u0301vidas-e-respostas-sobre-esquema-do-jogo-e-software-273x300.jpg 273w, https:\/\/www.casinoonline.tf\/br\/wp-content\/uploads\/sites\/8\/2017\/05\/du\u0301vidas-e-respostas-sobre-esquema-do-jogo-e-software.jpg 346w\" sizes=\"(max-width: 273px) 100vw, 273px\" \/><\/span><\/p>\n<blockquote><p><span style=\"font-weight: 400;\">Por\u00e9m, caso voc\u00ea n\u00e3o ligue muito para isso ou n\u00e3o queira peso no seu computador, \u00e9 melhor optar pela vers\u00e3o mais leve mesmo.<\/span><\/p><\/blockquote>\n<h2><span style=\"font-weight: 400;\">Eu posso jogar com meu celular? <\/span><\/h2>\n<p><span style=\"font-weight: 400;\">Depende do casino, mas a maioria deles j\u00e1 se ligou na extrema import\u00e2ncia dos clientes que usam dispositivos m\u00f3veis e no conforto que isso gera. Al\u00e9m disso, h\u00e1 uma enorme possibilidade de ganhar mais dinheiro, j\u00e1 que esse cliente pode jogar em lugares como o transporte, no intervalo do trabalho etc. <\/span><\/p>\n<p><span style=\"font-weight: 400;\">A <a href=\"http:\/\/www.casinoonline.tf\/br\/betfair\/\">Betfair \u00e9 uma das empresas<\/a> que atentou para esse potencial e se adapta para os celulares com Android (Google) iOs( Apple) e Windows Phone. \u00a0\u00a0<\/span><\/p>\n<h2><span style=\"font-weight: 400;\">Eu posso confiar na seguran\u00e7a do jogo e meus dados?<\/span><\/h2>\n<p><span style=\"font-weight: 400;\">As casas mais famosas, como Europa Casino, EU Casino, Betfair, Vera &amp; John, Casino King, entre outras, se preocupam muito com a quest\u00e3o da credibilidade e seguran\u00e7a.<\/span><\/p>\n<p><span style=\"font-weight: 400;\">Por isso, todas elas buscam todos os selos de confiabilidade poss\u00edveis para terem o investimento de seus clientes. Todas elas s\u00e3o licenciadas em territ\u00f3rios que permitem o jogo e concedem licen\u00e7as mediante o respeito a certas condi\u00e7\u00f5es e todas elas buscam a auditoria de empresas independentes que avaliam a justi\u00e7a do jogo e do sistema para ambas as partes.<\/span><\/p>\n<p><span style=\"font-weight: 400;\">Al\u00e9m disso, elas contam com sistemas criptografados e com seguran\u00e7a em v\u00e1rios n\u00edveis para n\u00e3o deixar importantes dados pessoais e financeiros vazarem nas m\u00e3os erradas. Portanto, caso voc\u00ea escolha uma dessas empresas, voc\u00ea pode ficar tranquilo com essa transa\u00e7\u00e3o comercial.<\/span><\/p>\n<h2><span style=\"font-weight: 400;\">Eu tenho as mesmas op\u00e7\u00f5es que teria em um casino f\u00edsico?<\/span><\/h2>\n<blockquote><p><span style=\"font-weight: 400;\">At\u00e9 mais. \u00a0Por depender de espa\u00e7o do sal\u00e3o e pessoas para fazer os jogos acontecerem, os casinos f\u00edsicos tem uma \u00f3bvia limita\u00e7\u00e3o em compara\u00e7\u00e3o com os casinos online.<\/span><\/p><\/blockquote>\n<p><span style=\"font-weight: 400;\">Jogos como ca\u00e7a-n\u00edqueis (slots), roleta-russa, <a href=\"http:\/\/www.casinoonline.tf\/br\/888-casino\/\">jogos de cartas como poker<\/a>, blackjack (tamb\u00e9m conhecido como 21), Bacar\u00e1, bingo e v\u00eddeo bingo e muitas outras op\u00e7\u00f5es fizeram uma transi\u00e7\u00e3o para o mundo da internet sem perder nenhuma caracter\u00edstica. E mais: ganhando em variedade.<img loading=\"lazy\" class=\"alignright size-medium wp-image-121\" src=\"http:\/\/www.casinoonline.tf\/br\/wp-content\/uploads\/sites\/8\/2017\/05\/Eu-tenho-as-mesmas-opc\u0327o\u0303es-que-teria-em-um-casino-fi\u0301sico-brasil-300x162.jpg\" alt=\"Eu tenho as mesmas op\u00e7\u00f5es que teria em um casino f\u00edsico brasil\" width=\"300\" height=\"162\" srcset=\"https:\/\/www.casinoonline.tf\/br\/wp-content\/uploads\/sites\/8\/2017\/05\/Eu-tenho-as-mesmas-opc\u0327o\u0303es-que-teria-em-um-casino-fi\u0301sico-brasil-300x162.jpg 300w, https:\/\/www.casinoonline.tf\/br\/wp-content\/uploads\/sites\/8\/2017\/05\/Eu-tenho-as-mesmas-opc\u0327o\u0303es-que-teria-em-um-casino-fi\u0301sico-brasil-768x414.jpg 768w, https:\/\/www.casinoonline.tf\/br\/wp-content\/uploads\/sites\/8\/2017\/05\/Eu-tenho-as-mesmas-opc\u0327o\u0303es-que-teria-em-um-casino-fi\u0301sico-brasil-608x328.jpg 608w, https:\/\/www.casinoonline.tf\/br\/wp-content\/uploads\/sites\/8\/2017\/05\/Eu-tenho-as-mesmas-opc\u0327o\u0303es-que-teria-em-um-casino-fi\u0301sico-brasil-758x409.jpg 758w, https:\/\/www.casinoonline.tf\/br\/wp-content\/uploads\/sites\/8\/2017\/05\/Eu-tenho-as-mesmas-opc\u0327o\u0303es-que-teria-em-um-casino-fi\u0301sico-brasil.jpg 968w\" sizes=\"(max-width: 300px) 100vw, 300px\" \/><\/span><\/p>\n<p><span style=\"font-weight: 400;\">Por exemplo, nas slots, casas como a Vera &amp; John tem in\u00fameras op\u00e7\u00f5es tem\u00e1ticas para voc\u00ea escolher at\u00e9 em rela\u00e7\u00e3o a filmes hist\u00f3ricos, s\u00e9ries e hist\u00f3rias em quadrinhos. Op\u00e7\u00e3o \u00e9 que n\u00e3o falta nos casinos online.<\/span><\/p>\n<h2><span style=\"font-weight: 400;\">Quem cria os jogos?<\/span><\/h2>\n<p><span style=\"font-weight: 400;\">Desde que os casinos come\u00e7aram a passar do f\u00edsico para salas online e sites especializados, algumas empresas se destacam na cria\u00e7\u00e3o desses jogos, melhorando cada vez mais a jogabilidade, os gr\u00e1ficos e as op\u00e7\u00f5es. <\/span><\/p>\n<p><span style=\"font-weight: 400;\">A maioria dos casinos conta com os servi\u00e7os da Microgaming, \u00a0NetEnt, Realtime Gaming , Playtech, entre outras, que s\u00e3o l\u00edderes de mercado e destaque nessa \u00e1rea. O nome dessas empresas \u00e9 outra fonte de credencial para os casinos. <\/span><\/p>\n<p>&nbsp;<\/p>\n\n","protected":false},"excerpt":{"rendered":"<p>A estrutura do jogo \u00e9 algo que pode ser bastante interessante para um apostador saber antes de se enveredar no mundo das apostas online, especialmente nos jogos de casino e os sites especializados. Por isso, criamos um post de perguntas e respostas para tirar d\u00favidas sobre esses assuntos. Diferen\u00e7as entre o casino online: por que [&hellip;]<\/p>\n","protected":false},"author":1,"featured_media":0,"parent":0,"menu_order":0,"comment_status":"closed","ping_status":"closed","template":"","meta":[],"_links":{"self":[{"href":"https:\/\/www.casinoonline.tf\/br\/wp-json\/wp\/v2\/pages\/118"}],"collection":[{"href":"https:\/\/www.casinoonline.tf\/br\/wp-json\/wp\/v2\/pages"}],"about":[{"href":"https:\/\/www.casinoonline.tf\/br\/wp-json\/wp\/v2\/types\/page"}],"author":[{"embeddable":true,"href":"https:\/\/www.casinoonline.tf\/br\/wp-json\/wp\/v2\/users\/1"}],"replies":[{"embeddable":true,"href":"https:\/\/www.casinoonline.tf\/br\/wp-json\/wp\/v2\/comments?post=118"}],"version-history":[{"count":1,"href":"https:\/\/www.casinoonline.tf\/br\/wp-json\/wp\/v2\/pages\/118\/revisions"}],"predecessor-version":[{"id":122,"href":"https:\/\/www.casinoonline.tf\/br\/wp-json\/wp\/v2\/pages\/118\/revisions\/122"}],"wp:attachment":[{"href":"https:\/\/www.casinoonline.tf\/br\/wp-json\/wp\/v2\/media?parent=118"}],"curies":[{"name":"wp","href":"https:\/\/api.w.org\/{rel}","templated":true}]}}