





{"id":123,"date":"2017-05-10T09:50:03","date_gmt":"2017-05-10T09:50:03","guid":{"rendered":"http:\/\/www.casinoonline.tf\/br\/?page_id=123"},"modified":"2017-05-10T09:50:57","modified_gmt":"2017-05-10T09:50:57","slug":"bonus-nos-casinos-online","status":"publish","type":"page","link":"https:\/\/www.casinoonline.tf\/br\/bonus-nos-casinos-online\/","title":{"rendered":"B\u00f4nus nos casinos online: perguntas e respostas"},"content":{"rendered":"<p>A quest\u00e3o dos b\u00f4nus \u00e9 a que mais costuma gerar d\u00favidas entre os que est\u00e3o iniciando no mundo dos casinos online e at\u00e9 quem tem mais experi\u00eancia nessa brincadeira. Muito presentes em v\u00e1rias casas, <a href=\"http:\/\/www.casinoonline.tf\/br\/888-casino\/\">como 888 Casino<\/a>, Europa Casino, Caisno King, Betfair e basicamente todas as outras, os b\u00f4nus variam muito de empresa para empresa e precisam ser bem entendidos pelos clientes antes mesmo de come\u00e7ar a jogar.<img loading=\"lazy\" class=\"alignright size-medium wp-image-126\" src=\"http:\/\/www.casinoonline.tf\/br\/wp-content\/uploads\/sites\/8\/2017\/05\/Bo\u0302nus-nos-casinos-online-perguntas-e-respostas-300x98.jpg\" alt=\"B\u00f4nus nos casinos online perguntas e respostas\" width=\"300\" height=\"98\" srcset=\"https:\/\/www.casinoonline.tf\/br\/wp-content\/uploads\/sites\/8\/2017\/05\/Bo\u0302nus-nos-casinos-online-perguntas-e-respostas-300x98.jpg 300w, https:\/\/www.casinoonline.tf\/br\/wp-content\/uploads\/sites\/8\/2017\/05\/Bo\u0302nus-nos-casinos-online-perguntas-e-respostas-768x251.jpg 768w, https:\/\/www.casinoonline.tf\/br\/wp-content\/uploads\/sites\/8\/2017\/05\/Bo\u0302nus-nos-casinos-online-perguntas-e-respostas-1024x335.jpg 1024w, https:\/\/www.casinoonline.tf\/br\/wp-content\/uploads\/sites\/8\/2017\/05\/Bo\u0302nus-nos-casinos-online-perguntas-e-respostas-608x199.jpg 608w, https:\/\/www.casinoonline.tf\/br\/wp-content\/uploads\/sites\/8\/2017\/05\/Bo\u0302nus-nos-casinos-online-perguntas-e-respostas-758x248.jpg 758w, https:\/\/www.casinoonline.tf\/br\/wp-content\/uploads\/sites\/8\/2017\/05\/Bo\u0302nus-nos-casinos-online-perguntas-e-respostas.jpg 1234w\" sizes=\"(max-width: 300px) 100vw, 300px\" \/><\/p>\n<blockquote><p><span style=\"font-weight: 400;\">Por isso, faremos uma sess\u00e3o de perguntas e respostas com as d\u00favidas que mais surgem sobre esse assunto.<\/span><\/p><\/blockquote>\n<h2><span style=\"font-weight: 400;\">O que \u00e9 um b\u00f4nus?<\/span><\/h2>\n<p><span style=\"font-weight: 400;\">Para fidelizar os clientes, os casinos oferecem b\u00f4nus, que nada mais \u00e9 do que dinheiro extra, para os apostadores conhecerem as casas e o produto com mais recursos em caixa. Com esses recursos, o cliente costuma ficar com uma boa imagem da empresa, j\u00e1 que est\u00e1 ganhando na rela\u00e7\u00e3o e tem ainda mais chances de ganhar.<\/span><\/p>\n<h2><span style=\"font-weight: 400;\">Como os b\u00f4nus funcionam?<\/span><\/h2>\n<p><span style=\"font-weight: 400;\">H\u00e1 diversos tipos de b\u00f4nus que essas casas oferecem. O mais comum \u00e9 o b\u00f4nus de primeiro dep\u00f3sito, para logo de cara fazer a rela\u00e7\u00e3o com o cliente ficar mais s\u00f3lida. No momento que voc\u00ea faz seu cadastro, fornecendo seus dados pessoais, e coloca uma quantia, a casa d\u00e1 um extra para justamente fazer voc\u00ea jogar mais e com mais recursos.<\/span><\/p>\n<p><span style=\"font-weight: 400;\"><img loading=\"lazy\" class=\"alignright size-medium wp-image-124\" src=\"http:\/\/www.casinoonline.tf\/br\/wp-content\/uploads\/sites\/8\/2017\/05\/Eu-posso-retirar-esse-bo\u0302nus-para-a-minha-conta-banca\u0301ria-300x282.jpg\" alt=\"Eu posso retirar esse b\u00f4nus para a minha conta banc\u00e1ria\" width=\"300\" height=\"282\" srcset=\"https:\/\/www.casinoonline.tf\/br\/wp-content\/uploads\/sites\/8\/2017\/05\/Eu-posso-retirar-esse-bo\u0302nus-para-a-minha-conta-banca\u0301ria-300x282.jpg 300w, https:\/\/www.casinoonline.tf\/br\/wp-content\/uploads\/sites\/8\/2017\/05\/Eu-posso-retirar-esse-bo\u0302nus-para-a-minha-conta-banca\u0301ria.jpg 542w\" sizes=\"(max-width: 300px) 100vw, 300px\" \/>Normalmente nesse b\u00f4nus inicial, a empresa costuma dobrar o dinheiro que voc\u00ea colocou at\u00e9 um certo valor. Isso \u00e9 conhecido como b\u00f4nus \u201c100% at\u00e9 um valor x\u201d ou \u201cmatch b\u00f4nus\u201d. Por exemplo, caso voc\u00ea coloque 100 d\u00f3lares, voc\u00ea ganha mais 100. Mas nem sempre esse valor ser\u00e1 dobrado, como, por exemplo, caso voc\u00ea fa\u00e7a um dep\u00f3sito inicial elevado.<\/span><\/p>\n<p><span style=\"font-weight: 400;\">Outro b\u00f4nus bastante comum j\u00e1 \u00e9 um pr\u00eamio por sua fidelidade, quando voc\u00ea atingir um certo n\u00famero de apostas ou b\u00f4nus, a casa te dar\u00e1 um extra. Esse costuma variar muito e voc\u00ea precisa checar os planos de fidelidade de casa para casa.<\/span><\/p>\n<h2><span style=\"font-weight: 400;\">Eu posso retirar esse b\u00f4nus para a minha conta banc\u00e1ria?<\/span><\/h2>\n<p><span style=\"font-weight: 400;\">N\u00e3o. <a href=\"http:\/\/www.casinoonline.tf\/br\/\">Os casinos online se protegem<\/a> disso colocando algumas condi\u00e7\u00f5es, j\u00e1 que se n\u00e3o seria muito f\u00e1cil: era s\u00f3 colocar 100 d\u00f3lares, ganhar um b\u00f4nus de 100 e fazer um levantamento de 200 d\u00f3lares sem precisar nem jogar.<\/span><\/p>\n<blockquote><p><span style=\"font-weight: 400;\">Normalmente a casa exige que voc\u00ea aposte tr\u00eas, quatro ou mais vezes o valor do b\u00f4nus para poder fazer um levantamento que inclua esse dinheiro extra. <\/span><\/p><\/blockquote>\n<h2><span style=\"font-weight: 400;\">Como eu ganho esses b\u00f4nus?<\/span><\/h2>\n<p><span style=\"font-weight: 400;\">Para um b\u00f4nus de boas-vindas, por exemplo, voc\u00ea tem que ficar esperto logo na hora do cadastro que vai aparecer um campo para voc\u00ea colocar uma palavra especial ou frase que ative esse <strong><em>dinheiro extra<\/em><\/strong>.<\/span><\/p>\n<p><span style=\"font-weight: 400;\">Novamente, o segredo \u00e9 vasculhar o site \u2013 as casas deixam bem vis\u00edveis suas promo\u00e7\u00f5es \u2013 e j\u00e1 chegar para o cadastro ou ent\u00e3o no momento certo de pedir seu b\u00f4nus \u2013 com as informa\u00e7\u00f5es reunidas para s\u00f3 aproveitar.<img loading=\"lazy\" class=\"alignright size-medium wp-image-127\" src=\"http:\/\/www.casinoonline.tf\/br\/wp-content\/uploads\/sites\/8\/2017\/05\/Qual-casino-oferece-os-melhores-bo\u0302nus-brasil-300x174.jpg\" alt=\"Qual casino oferece os melhores b\u00f4nus brasil\" width=\"300\" height=\"174\" srcset=\"https:\/\/www.casinoonline.tf\/br\/wp-content\/uploads\/sites\/8\/2017\/05\/Qual-casino-oferece-os-melhores-bo\u0302nus-brasil-300x174.jpg 300w, https:\/\/www.casinoonline.tf\/br\/wp-content\/uploads\/sites\/8\/2017\/05\/Qual-casino-oferece-os-melhores-bo\u0302nus-brasil-768x445.jpg 768w, https:\/\/www.casinoonline.tf\/br\/wp-content\/uploads\/sites\/8\/2017\/05\/Qual-casino-oferece-os-melhores-bo\u0302nus-brasil-1024x593.jpg 1024w, https:\/\/www.casinoonline.tf\/br\/wp-content\/uploads\/sites\/8\/2017\/05\/Qual-casino-oferece-os-melhores-bo\u0302nus-brasil-608x352.jpg 608w, https:\/\/www.casinoonline.tf\/br\/wp-content\/uploads\/sites\/8\/2017\/05\/Qual-casino-oferece-os-melhores-bo\u0302nus-brasil-758x439.jpg 758w, https:\/\/www.casinoonline.tf\/br\/wp-content\/uploads\/sites\/8\/2017\/05\/Qual-casino-oferece-os-melhores-bo\u0302nus-brasil.jpg 1146w\" sizes=\"(max-width: 300px) 100vw, 300px\" \/><\/span><\/p>\n<h2><span style=\"font-weight: 400;\">Qual casino oferece os melhores b\u00f4nus?<\/span><\/h2>\n<p><span style=\"font-weight: 400;\">O Europa Casino tem um <a href=\"http:\/\/www.casinoonline.tf\/br\/calculadora-de-bonus-cassino\/\">b\u00f4nus interessante que premia todo<\/a> primeiro dep\u00f3sito de um m\u00eas e todo primeiro dep\u00f3sito de uma semana por um per\u00edodo de um ano. Assim, caso voc\u00ea seja um apostador de altos valores, voc\u00ea poder\u00e1 aproveitar bastante.<\/span><\/p>\n<p><span style=\"font-weight: 400;\">Mas como gosto \u00e9 subjetivo e cada cliente \u00e9 um cliente, depende muito de seu perfil de apostador e como voc\u00ea investe seu dinheiro. Por isso \u00e9 ainda mais interessante voc\u00ea ler os termos de servi\u00e7o para n\u00e3o ser surpreendido e aproveitar cada centavo dado pelo casino online.<\/span><\/p>\n\n","protected":false},"excerpt":{"rendered":"<p>A quest\u00e3o dos b\u00f4nus \u00e9 a que mais costuma gerar d\u00favidas entre os que est\u00e3o iniciando no mundo dos casinos online e at\u00e9 quem tem mais experi\u00eancia nessa brincadeira. Muito presentes em v\u00e1rias casas, como 888 Casino, Europa Casino, Caisno King, Betfair e basicamente todas as outras, os b\u00f4nus variam muito de empresa para empresa [&hellip;]<\/p>\n","protected":false},"author":1,"featured_media":0,"parent":0,"menu_order":0,"comment_status":"closed","ping_status":"closed","template":"","meta":[],"_links":{"self":[{"href":"https:\/\/www.casinoonline.tf\/br\/wp-json\/wp\/v2\/pages\/123"}],"collection":[{"href":"https:\/\/www.casinoonline.tf\/br\/wp-json\/wp\/v2\/pages"}],"about":[{"href":"https:\/\/www.casinoonline.tf\/br\/wp-json\/wp\/v2\/types\/page"}],"author":[{"embeddable":true,"href":"https:\/\/www.casinoonline.tf\/br\/wp-json\/wp\/v2\/users\/1"}],"replies":[{"embeddable":true,"href":"https:\/\/www.casinoonline.tf\/br\/wp-json\/wp\/v2\/comments?post=123"}],"version-history":[{"count":2,"href":"https:\/\/www.casinoonline.tf\/br\/wp-json\/wp\/v2\/pages\/123\/revisions"}],"predecessor-version":[{"id":129,"href":"https:\/\/www.casinoonline.tf\/br\/wp-json\/wp\/v2\/pages\/123\/revisions\/129"}],"wp:attachment":[{"href":"https:\/\/www.casinoonline.tf\/br\/wp-json\/wp\/v2\/media?parent=123"}],"curies":[{"name":"wp","href":"https:\/\/api.w.org\/{rel}","templated":true}]}}