





{"id":4,"date":"2021-01-05T21:31:09","date_gmt":"2021-01-05T21:31:09","guid":{"rendered":"http:\/\/www.casinoonline.tf\/br\/?page_id=4"},"modified":"2021-01-06T13:28:18","modified_gmt":"2021-01-06T13:28:18","slug":"melhores-cassinos-online-para-jogar-em-2019","status":"publish","type":"page","link":"https:\/\/www.casinoonline.tf\/br\/","title":{"rendered":"Melhores cassinos online para jogar em 2021"},"content":{"rendered":"<p>Todo mundo sabe da emo\u00e7\u00e3o que tem dentro de um casino. Os grandes sal\u00f5es, a suntuosidade do local, as grandes mesas de blackjack, p\u00f4quer, a roleta-russa, os ca\u00e7a-n\u00edqueis e tantas outras atra\u00e7\u00f5es que fazem Las Vegas ser a capital do entretenimento.<\/p>\n<p>Mas voc\u00ea pode ter tudo isso no conforto da sua casa ou na tela de seu celular. Febre no mundo inteiro, os casinos online cada vez contam com mais clientes que querem ter a emo\u00e7\u00e3o do jogo, a chance de ganhar um dinheiro e ainda se divertir com comodidade.<\/p>\n<h2>O que tem nos casinos online?<\/h2>\n<p>Assim como nos casinos f\u00edsicos, a oferta de entretenimento em um casino online \u00e9 algo gigantesco. Para os f\u00e3s de jogos de cartas, n\u00e3o pode faltar o Blackjack \u2013 conhecido tamb\u00e9m como 21 \u2013 Bacar\u00e1, Poker de todos os tipos (incluindo o mais famoso, o Texas Hold\u2019Em) e muitos outros.<\/p>\n<p><img loading=\"lazy\" class=\"alignright size-medium wp-image-nsm-1-396\" src=\"http:\/\/www.casinoonline.tf\/br\/wp-content\/uploads\/2016\/11\/mobile-casino-300x246.jpg\" alt=\"Melhores cassinos online para jogar em 2017\" width=\"300\" height=\"246\" \/><\/p>\n<p>As <a href=\"http:\/\/www.casinoonline.tf\/br\/caca-niqueis\/\">ca\u00e7a-n\u00edqueis<\/a> tamb\u00e9m ganham seu espa\u00e7o, tendo os mais diversos temas para deixar seu jogo mais divertido, como filmes famosos, lugares paradis\u00edacos e muitas outras coisas. A Roleta-russa \u00e9 outra atra\u00e7\u00e3o que conseguiu fazer a transi\u00e7\u00e3o para o mundo da internet de forma interessante e tamb\u00e9m junta apostadores do mundo inteiro para a brincadeira, aumentando os pr\u00eamios em dinheiro.<\/p>\n<blockquote><p>Video Poker e Bingo, dois jogos que tamb\u00e9m est\u00e3o no gosto do p\u00fablico brasileiro e mundial, tamb\u00e9m s\u00e3o contemplados em diversas casas.<\/p><\/blockquote>\n<p>Ou seja, tudo que voc\u00ea imaginava jogar em Las Vegas ou em Macau, pode ter na sua tela de computador, celular ou tablet e a ponta de seu dedo como mestre de cerim\u00f4nias.<\/p>\n<h2>Como come\u00e7ar a jogar?<\/h2>\n<p>\u00c9 muito simples. Antes de voc\u00ea come\u00e7ar a aproveitar todos os produtos do cassino online, voc\u00ea ter\u00e1 que fazer um cadastro no site. A casa s\u00f3 pede alguns dados b\u00e1sicos como nome completo, n\u00famero do documento fiscal, endere\u00e7o, email e tamb\u00e9m criar um usu\u00e1rio e senha. Como com a maioria das empresa de peso na internet, os seus dados estar\u00e3o seguros no sistema.<\/p>\n<p>Outra informa\u00e7\u00e3o importante que voc\u00ea precisa providenciar \u00e9 como ser\u00e1 feito os dep\u00f3sitos para sua conta online no site. Todas as casas aceitam cart\u00f5es de d\u00e9bito e cr\u00e9dito das mais diferentes operadoras. A maioria delas tamb\u00e9m aceita fundos de carteiras online como PayPal, Neteller e Payoneer.<img loading=\"lazy\" class=\"alignright size-thumbnail wp-image-75\" src=\"http:\/\/www.casinoonline.tf\/br\/wp-content\/uploads\/sites\/8\/2017\/04\/A-maioria-delas-tambe\u0301m-aceita-fundos-de-carteiras-online-como-PayPal-Neteller-e-Payoneer-150x150.jpg\" alt=\"A maioria delas tamb\u00e9m aceita fundos de carteiras online como PayPal, Neteller e Payoneer\" width=\"150\" height=\"150\" \/><\/p>\n<p>Depois de voc\u00ea fornecer todas essas informa\u00e7\u00f5es, voc\u00ea tamb\u00e9m tem que ficar esperto com os b\u00f4nus e c\u00f3digos que as casas oferecem. Tentando visar a fideliza\u00e7\u00e3o do cliente, as empresas oferecem dinheiro extra para voc\u00ea apostar, normalmente vinculado ao valor de seu primeiro dep\u00f3sito. Assim voc\u00ea pode prolongar a sua brincadeira e aumentar suas chances de ganhar. E claro, os donos das casas visam sua satisfa\u00e7\u00e3o e perman\u00eancia.<\/p>\n<h2>Confira abaixo as melhores casas para aproveitar um casino online e entrar nessa brincadeira.<\/h2>\n<h3>Vera and John<\/h3>\n<p>A casa sueca ainda n\u00e3o tem grande presen\u00e7a no Brasil, mas seu site em portugu\u00eas e sua quantidade de jogos de casino deve fazer essa realidade mudar.<\/p>\n<h3>Europa Casino<\/h3>\n<p>O Europa Casino \u00e9 outro exemplo de casa grande que ainda n\u00e3o conseguiu entrar com for\u00e7a no mercado brasileiro, mas tamb\u00e9m tem grandes pr\u00eamios em dinheiro e muitas op\u00e7\u00f5es de jogo.<\/p>\n<h3>Betfair Casino<\/h3>\n<p>A Betfair tem um site 100% em portugu\u00eas e se destaca tamb\u00e9m pelas apostas esportivas. Quem gosta do clima de Las Vegas mas em um online casino, aprova a Betfair.<\/p>\n<h3>888 Casino<\/h3>\n<p>Com um b\u00f4nus de abertura de compra, jogos de mesa, ca\u00e7a-n\u00edqueis tem\u00e1ticas e atendimento em portugu\u00eas, a <a href=\"http:\/\/www.casinoonline.tf\/br\/888-casino\/\">888 <\/a>confirma porque \u00e9 uma das casas mais bem vistas.<\/p>\n<h3>Casino King<\/h3>\n<p>A King \u00e9 um dos melhores cassinos na internet, com todo tipo de jogo e um atendimento em oito l\u00ednguas pronto para resolver qualquer duvida, alem de grande variedade de jogos..<\/p>\n<p><img loading=\"lazy\" class=\"wp-image-nsm-1-409 alignright\" src=\"http:\/\/www.casinoonline.tf\/br\/wp-content\/uploads\/2016\/11\/online-slots-300x167.jpg\" alt=\"Melhores casinos online\" width=\"332\" height=\"185\" \/><\/p>\n<h2>E se eu ganhar, como fa\u00e7o?<\/h2>\n<p>\u00c9 muito simples. Caso voc\u00ea j\u00e1 tenha jogado o suficiente e queira sair no lucro, voc\u00ea pode pedir para fazer um levantamento. Normalmente as condi\u00e7\u00f5es variam de casa para casa, algumas exigindo um m\u00ednimo para voc\u00ea poder tirar o dinheiro \u2013 nunca \u00e9 um valor alto \u2013 e assim como voc\u00ea pode escolher o tipo de pagamento para fazer o dep\u00f3sito, voc\u00ea tamb\u00e9m pode escolher onde deseja receber o dinheiro do levantamento.<\/p>\n<p>Voc\u00ea pode escolher por receber o dinheiro em sua carteira online, ou fundos no seu cart\u00e3o de d\u00e9bito ou cr\u00e9dito ou at\u00e9 transfer\u00eancia banc\u00e1ria para as casas com maior estrutura no Brasil. \u00c9 s\u00f3 voc\u00ea escolher qual \u00e9 mais c\u00f4moda para voc\u00ea e com as taxas mais apraz\u00edveis.<\/p>\n<h2>O jogo online \u00e9 legal no Brasil?<\/h2>\n<p>Por lei, os jogos de azar s\u00e3o proibidos no Brasil, excetuando as loterias, permitidas e organizadas pela Caixa Econ\u00f4mica Federal. Entretanto, como a legisla\u00e7\u00e3o \u00e9 de 1946, ela n\u00e3o visava, obviamente, o jogo online.<\/p>\n<blockquote><p>Portanto, as empresas de cassino online e apostas esportivas funcionam normalmente e permitem apostadores brasileiros, aceitando seus dep\u00f3sitos e levantamentos e <img loading=\"lazy\" class=\"alignright size-medium wp-image-35\" src=\"http:\/\/www.casinoonline.tf\/br\/wp-content\/uploads\/sites\/8\/2016\/12\/Confira-abaixo-as-melhores-casas-para-aproveitar-um-casino-online-e-entrar-nessa-brincadeira-300x153.jpg\" alt=\"Confira abaixo as melhores casas para aproveitar um casino online e entrar nessa brincadeira.\" width=\"300\" height=\"153\" srcset=\"https:\/\/www.casinoonline.tf\/br\/wp-content\/uploads\/sites\/8\/2016\/12\/Confira-abaixo-as-melhores-casas-para-aproveitar-um-casino-online-e-entrar-nessa-brincadeira-300x153.jpg 300w, https:\/\/www.casinoonline.tf\/br\/wp-content\/uploads\/sites\/8\/2016\/12\/Confira-abaixo-as-melhores-casas-para-aproveitar-um-casino-online-e-entrar-nessa-brincadeira-768x392.jpg 768w, https:\/\/www.casinoonline.tf\/br\/wp-content\/uploads\/sites\/8\/2016\/12\/Confira-abaixo-as-melhores-casas-para-aproveitar-um-casino-online-e-entrar-nessa-brincadeira-1024x522.jpg 1024w, https:\/\/www.casinoonline.tf\/br\/wp-content\/uploads\/sites\/8\/2016\/12\/Confira-abaixo-as-melhores-casas-para-aproveitar-um-casino-online-e-entrar-nessa-brincadeira-608x310.jpg 608w, https:\/\/www.casinoonline.tf\/br\/wp-content\/uploads\/sites\/8\/2016\/12\/Confira-abaixo-as-melhores-casas-para-aproveitar-um-casino-online-e-entrar-nessa-brincadeira-758x386.jpg 758w, https:\/\/www.casinoonline.tf\/br\/wp-content\/uploads\/sites\/8\/2016\/12\/Confira-abaixo-as-melhores-casas-para-aproveitar-um-casino-online-e-entrar-nessa-brincadeira.jpg 1228w\" sizes=\"(max-width: 300px) 100vw, 300px\" \/>oferecendo atendimento ao cliente e sites totalmente em portugu\u00eas.<\/p><\/blockquote>\n<p>Nos \u00faltimos anos, pol\u00edticos e legisladores come\u00e7aram a criar uma nova legisla\u00e7\u00e3o que regule o jogo online para oferecer mais seguran\u00e7a aos clientes e uma oportunidade de ganhar novos tributos para o Estado, mas nada ainda foi sancionado. Portanto, voc\u00ea pode apostar sem problema nenhum e sem peso na consci\u00eancia porque apesar de n\u00e3o ter uma lei espec\u00edfica sancionando, o mercado se autorregula e as casas que n\u00e3o cumprem com requisitos b\u00e1sicos s\u00e3o logo negativadas por sites de avalia\u00e7\u00e3o. Por isso \u00e9 importante que voc\u00ea pesquise bem antes de investir seu dinheiro, assim como com qualquer outro produto.<\/p>\n<h2>E para quem n\u00e3o quer apostar dinheiro?<\/h2>\n<p>Muitas pessoas n\u00e3o se sentem c\u00f4modas em misturar dinheiro e jogos, mesmo que a possibilidade de ganhar alguns reais e se divertir ao mesmo tempo seja sedutor. Por isso, casas como a 888 e a Bet365 oferecem salas de poker, bingos, <a href=\"http:\/\/www.casinoonline.tf\/br\/roleta\/\">roleta-russa<\/a> e todo tipo de produto sem que dinheiro seja envolvido. Um cassino online gr\u00e1tis para ser aproveitado da mesma forma.<\/p>\n<p>Assim, seu jogo pode ser sem preocupa\u00e7\u00f5es, ou para quem quer apenas conhecer e treinar para no futuro se tornar um jogador profissional, esses jogos sem o aspecto financeiro envolvido podem ser uma m\u00e3o na roda.<\/p>\n\n","protected":false},"excerpt":{"rendered":"<p>Todo mundo sabe da emo\u00e7\u00e3o que tem dentro de um casino. Os grandes sal\u00f5es, a suntuosidade do local, as grandes mesas de blackjack, p\u00f4quer, a roleta-russa, os ca\u00e7a-n\u00edqueis e tantas outras atra\u00e7\u00f5es que fazem Las Vegas ser a capital do entretenimento. Mas voc\u00ea pode ter tudo isso no conforto da sua casa ou na tela [&hellip;]<\/p>\n","protected":false},"author":1,"featured_media":0,"parent":0,"menu_order":0,"comment_status":"closed","ping_status":"closed","template":"","meta":[],"_links":{"self":[{"href":"https:\/\/www.casinoonline.tf\/br\/wp-json\/wp\/v2\/pages\/4"}],"collection":[{"href":"https:\/\/www.casinoonline.tf\/br\/wp-json\/wp\/v2\/pages"}],"about":[{"href":"https:\/\/www.casinoonline.tf\/br\/wp-json\/wp\/v2\/types\/page"}],"author":[{"embeddable":true,"href":"https:\/\/www.casinoonline.tf\/br\/wp-json\/wp\/v2\/users\/1"}],"replies":[{"embeddable":true,"href":"https:\/\/www.casinoonline.tf\/br\/wp-json\/wp\/v2\/comments?post=4"}],"version-history":[{"count":16,"href":"https:\/\/www.casinoonline.tf\/br\/wp-json\/wp\/v2\/pages\/4\/revisions"}],"predecessor-version":[{"id":181,"href":"https:\/\/www.casinoonline.tf\/br\/wp-json\/wp\/v2\/pages\/4\/revisions\/181"}],"wp:attachment":[{"href":"https:\/\/www.casinoonline.tf\/br\/wp-json\/wp\/v2\/media?parent=4"}],"curies":[{"name":"wp","href":"https:\/\/api.w.org\/{rel}","templated":true}]}}