





{"id":443,"date":"2023-06-07T11:36:22","date_gmt":"2023-06-07T11:36:22","guid":{"rendered":"http:\/\/www.casinoonline.tf\/de\/?page_id=443"},"modified":"2023-08-07T12:23:27","modified_gmt":"2023-08-07T12:23:27","slug":"die-besten-deutschen-online-casinos-im-test","status":"publish","type":"page","link":"https:\/\/www.casinoonline.tf\/de\/","title":{"rendered":"Die besten deutschen Online Casinos im Test 2023"},"content":{"rendered":"<p><span style=\"font-weight: 400;\">Im Internet werden Sie auf unglaublich viele Online Casinos in Deutschland stossen und jedes davon suggeriert Ihnen auf seine Art und Weise, das beste Casino f\u00fcr Sie und Ihre Bed\u00fcrfnisse zu sein. F\u00fcr die Wahl des geeigneten Casinos spielt Vertrauen eine grosse Rolle, da schliesslich Geld im Spiel ist, ebenso ist die Seriosit\u00e4t des Anbieters von gr\u00f6sster Bedeutung.<img loading=\"lazy\" class=\"alignright size-full wp-image-447\" src=\"http:\/\/www.casinoonline.tf\/de\/wp-content\/uploads\/sites\/7\/2017\/05\/Anbieter-im-Online-Casino-Test-aufgefu\u0308hrt.png\" alt=\"Anbieter im Online Casino Test aufgef\u00fchrt\" width=\"150\" height=\"150\" srcset=\"https:\/\/www.casinoonline.tf\/de\/wp-content\/uploads\/sites\/7\/2017\/05\/Anbieter-im-Online-Casino-Test-aufgefu\u0308hrt.png 256w, https:\/\/www.casinoonline.tf\/de\/wp-content\/uploads\/sites\/7\/2017\/05\/Anbieter-im-Online-Casino-Test-aufgefu\u0308hrt-150x150.png 150w\" sizes=\"(max-width: 150px) 100vw, 150px\" \/> <\/span><\/p>\n<p><span style=\"font-weight: 400;\">Um da nicht den \u00dcberblick zu verlieren sind folgend einige der besten <strong>Anbieter im Online Casino Test aufgef\u00fchrt<\/strong>. Anhand der Bonusangebote und der kurzen, aber dennoch informativen, Beschreibung des jeweiligen Online Casinos k\u00f6nnen Sie Ihre passende Auswahl treffen und mit dem Spielen beginnen.<\/span><\/p>\n\r\r\r\r\n\r\r\r\r\n\t<div class=\"fcrp-sctable fcrp-sctable_ver3\">\r\r\r\r\n\r\r\r\r\n\r\r\r\r\n\r\r\r\r\n               <div class=\"fcrp-sctablerow1\">\r\r\r\r\n\r\r\r\r\n                        <div class=\"fcrp-fc-col fcrp-rank-col\">Rank<\/div><div class=\"fcrp-fc-col  fcrp-site-col\" >Casino<\/div><div class=\"fcrp-fc-col fcrp-bonus-col\">Bonus<\/div><div class=\"fcrp-fc-col fcrp-rate-col\">Rating<\/div><div class=\"fcrp-fc-col fcrp-vis-col\">Visit<\/div>\r\r\r\r\n\r\r\r\r\n\r\r\r\r\n\r\r\r\r\n\t\t\t\t<\/div>\r\r\r\r\n                <div class=\"fcrp-sctablerow2\">\r\r\r\r\n\r\r\r\r\n                         <div class=\"fcrp-fc2-col fcrp-rank-col\"><span class=\"fcrp_ratecir\">1<\/span><\/div><div class=\"fcrp-fc2-col fcrp-site-col\"><a title=\"Luckland\" target=\"_blank\" rel=\"nofollow\"  href=\"https:\/\/www.casinoonline.tf\/de\/go\/Luckland\/\"><img width=\"300\" height=\"212\" src=\"https:\/\/www.casinoonline.tf\/de\/wp-content\/uploads\/sites\/7\/2021\/01\/luckland.png\" class=\"scfeat_logo wp-post-image\" alt=\"\" loading=\"lazy\" \/><\/a><\/div><div  class=\"fcrp-fc2-col fcrp-bonus-col\">\r\r\r\r\n\r\r\r\r\n\t\t\t\t\t\t\t<span class=\"fcrp_bonper\">200% <\/span>\r\r\r\r\n\r\r\r\r\n\t\t\t\t\t\t\t<span class=\"fcrp_bonup\">up to<\/span>\r\r\r\r\n\r\r\r\r\n\t\t\t\t\t\t\t<span class=\"fcrp_bonamt fcrpbonus_text\">\u20ac400<\/span>\r\r\r\r\n\r\r\r\r\n\t\t\t\t\t\t\t<span><\/span><\/div>\r\r\r\r\n\r\r\r\r\n\t\t\t\t\t\t<div class=\"fcrp-fc2-col fcrp-rate-col\">\r\r\r\r\n\r\r\r\r\n\t\t\t\t\t\t\t<span class=\"fcrp-rate  cenrate\"><span class=\"fcrp-rate-total\" style=\"width:98%\"><\/span><\/span>\r\r\r\r\n\r\r\r\r\n                        \r\r\r\r\n\r\r\r\r\n\t\t\t\t\t\t  <\/div><div class=\"fcrp-fc2-col fcrp-vis-col\">   <span class=\"fcrp_revlink\"><a title=\"Luckland\" href=\"http:\/\/www.casinoonline.tf\/de\/luckland-casino\/\" >Review<\/a><\/span>   <a target=\"_blank\" rel=\"nofollow\"  href=\"https:\/\/www.casinoonline.tf\/de\/go\/Luckland\/\" class=\"fcrp-button playb\"> Spielen   <\/a><\/div>\r\r\r\r\n\r\r\r\r\n                 <\/div>\r\r\r\r\n\r\r\r\r\n\r\r\r\r\n\r\r\r\r\n            \r\r\r\r\n                <div class=\"fcrp-sctablerow2\">\r\r\r\r\n\r\r\r\r\n                         <div class=\"fcrp-fc2-col fcrp-rank-col\"><span class=\"fcrp_ratecir\">2<\/span><\/div><div class=\"fcrp-fc2-col fcrp-site-col\"><a title=\"Cashiopeia\" target=\"_blank\" rel=\"nofollow\"  href=\"https:\/\/www.casinoonline.tf\/de\/go\/Cashiopeia\/\"><img width=\"196\" height=\"50\" src=\"https:\/\/www.casinoonline.tf\/de\/wp-content\/uploads\/sites\/7\/2021\/01\/Cashiopeia-Casino-.png\" class=\"scfeat_logo wp-post-image\" alt=\"\" loading=\"lazy\" srcset=\"https:\/\/www.casinoonline.tf\/de\/wp-content\/uploads\/sites\/7\/2021\/01\/Cashiopeia-Casino-.png 196w, https:\/\/www.casinoonline.tf\/de\/wp-content\/uploads\/sites\/7\/2021\/01\/Cashiopeia-Casino--192x50.png 192w\" sizes=\"(max-width: 196px) 100vw, 196px\" \/><\/a><\/div><div  class=\"fcrp-fc2-col fcrp-bonus-col\">\r\r\r\r\n\r\r\r\r\n\t\t\t\t\t\t\t<span class=\"fcrp_bonper\">180% <\/span>\r\r\r\r\n\r\r\r\r\n\t\t\t\t\t\t\t<span class=\"fcrp_bonup\">up to<\/span>\r\r\r\r\n\r\r\r\r\n\t\t\t\t\t\t\t<span class=\"fcrp_bonamt fcrpbonus_text\">\u20ac400<\/span>\r\r\r\r\n\r\r\r\r\n\t\t\t\t\t\t\t<span><\/span><\/div>\r\r\r\r\n\r\r\r\r\n\t\t\t\t\t\t<div class=\"fcrp-fc2-col fcrp-rate-col\">\r\r\r\r\n\r\r\r\r\n\t\t\t\t\t\t\t<span class=\"fcrp-rate  cenrate\"><span class=\"fcrp-rate-total\" style=\"width:88%\"><\/span><\/span>\r\r\r\r\n\r\r\r\r\n                        \r\r\r\r\n\r\r\r\r\n\t\t\t\t\t\t  <\/div><div class=\"fcrp-fc2-col fcrp-vis-col\">   <span class=\"fcrp_revlink\"><a title=\"Cashiopeia\" href=\"http:\/\/www.casinoonline.tf\/de\/cashiopeia\/\" >Review<\/a><\/span>   <a target=\"_blank\" rel=\"nofollow\"  href=\"https:\/\/www.casinoonline.tf\/de\/go\/Cashiopeia\/\" class=\"fcrp-button playb\"> Spielen   <\/a><\/div>\r\r\r\r\n\r\r\r\r\n                 <\/div>\r\r\r\r\n\r\r\r\r\n\r\r\r\r\n\r\r\r\r\n            \r\r\r\r\n                <div class=\"fcrp-sctablerow2\">\r\r\r\r\n\r\r\r\r\n                         <div class=\"fcrp-fc2-col fcrp-rank-col\"><span class=\"fcrp_ratecir\">3<\/span><\/div><div class=\"fcrp-fc2-col fcrp-site-col\"><a title=\"mrplay\" target=\"_blank\" rel=\"nofollow\"  href=\"https:\/\/www.casinoonline.tf\/de\/go\/mrplay\/\"><img width=\"275\" height=\"135\" src=\"https:\/\/www.casinoonline.tf\/de\/wp-content\/uploads\/sites\/7\/2021\/01\/mr-play-casino-logo.png\" class=\"scfeat_logo wp-post-image\" alt=\"\" loading=\"lazy\" \/><\/a><\/div><div  class=\"fcrp-fc2-col fcrp-bonus-col\">\r\r\r\r\n\r\r\r\r\n\t\t\t\t\t\t\t<span class=\"fcrp_bonper\">200% <\/span>\r\r\r\r\n\r\r\r\r\n\t\t\t\t\t\t\t<span class=\"fcrp_bonup\">up to<\/span>\r\r\r\r\n\r\r\r\r\n\t\t\t\t\t\t\t<span class=\"fcrp_bonamt fcrpbonus_text\">\u20ac200 + 150<\/span>\r\r\r\r\n\r\r\r\r\n\t\t\t\t\t\t\t<span><\/span><\/div>\r\r\r\r\n\r\r\r\r\n\t\t\t\t\t\t<div class=\"fcrp-fc2-col fcrp-rate-col\">\r\r\r\r\n\r\r\r\r\n\t\t\t\t\t\t\t<span class=\"fcrp-rate  cenrate\"><span class=\"fcrp-rate-total\" style=\"width:74%\"><\/span><\/span>\r\r\r\r\n\r\r\r\r\n                        \r\r\r\r\n\r\r\r\r\n\t\t\t\t\t\t  <\/div><div class=\"fcrp-fc2-col fcrp-vis-col\">   <span class=\"fcrp_revlink\"><a title=\"mrplay\" href=\"http:\/\/www.casinoonline.tf\/de\/mrplay-casino\/\" >Review<\/a><\/span>   <a target=\"_blank\" rel=\"nofollow\"  href=\"https:\/\/www.casinoonline.tf\/de\/go\/mrplay\/\" class=\"fcrp-button playb\"> Spielen   <\/a><\/div>\r\r\r\r\n\r\r\r\r\n                 <\/div>\r\r\r\r\n\r\r\r\r\n\r\r\r\r\n\r\r\r\r\n            \r\r\r\r\n                <div class=\"fcrp-sctablerow2\">\r\r\r\r\n\r\r\r\r\n                         <div class=\"fcrp-fc2-col fcrp-rank-col\"><span class=\"fcrp_ratecir\">4<\/span><\/div><div class=\"fcrp-fc2-col fcrp-site-col\"><a title=\"Nomini Casino\" target=\"_blank\" rel=\"nofollow\"  href=\"https:\/\/www.casinoonline.tf\/de\/go\/nomini\/\"><img width=\"290\" height=\"90\" src=\"https:\/\/www.casinoonline.tf\/de\/wp-content\/uploads\/sites\/7\/2021\/01\/nomini-casino-logo-290x90-1.png\" class=\"scfeat_logo wp-post-image\" alt=\"\" loading=\"lazy\" \/><\/a><\/div><div  class=\"fcrp-fc2-col fcrp-bonus-col\">\r\r\r\r\n\r\r\r\r\n\t\t\t\t\t\t\t<span class=\"fcrp_bonper\">100% <\/span>\r\r\r\r\n\r\r\r\r\n\t\t\t\t\t\t\t<span class=\"fcrp_bonup\">up to<\/span>\r\r\r\r\n\r\r\r\r\n\t\t\t\t\t\t\t<span class=\"fcrp_bonamt fcrpbonus_text\">\u20ac500<\/span>\r\r\r\r\n\r\r\r\r\n\t\t\t\t\t\t\t<span><\/span><\/div>\r\r\r\r\n\r\r\r\r\n\t\t\t\t\t\t<div class=\"fcrp-fc2-col fcrp-rate-col\">\r\r\r\r\n\r\r\r\r\n\t\t\t\t\t\t\t<span class=\"fcrp-rate  cenrate\"><span class=\"fcrp-rate-total\" style=\"width:90%\"><\/span><\/span>\r\r\r\r\n\r\r\r\r\n                        \r\r\r\r\n\r\r\r\r\n\t\t\t\t\t\t  <\/div><div class=\"fcrp-fc2-col fcrp-vis-col\">   <span class=\"fcrp_revlink\"><a title=\"Nomini Casino\" href=\"http:\/\/www.casinoonline.tf\/de\/nomini-casino\/\" >Review<\/a><\/span>   <a target=\"_blank\" rel=\"nofollow\"  href=\"https:\/\/www.casinoonline.tf\/de\/go\/nomini\/\" class=\"fcrp-button playb\"> Spielen   <\/a><\/div>\r\r\r\r\n\r\r\r\r\n                 <\/div>\r\r\r\r\n\r\r\r\r\n\r\r\r\r\n\r\r\r\r\n            \r\r\r\r\n                <div class=\"fcrp-sctablerow2\">\r\r\r\r\n\r\r\r\r\n                         <div class=\"fcrp-fc2-col fcrp-rank-col\"><span class=\"fcrp_ratecir\">5<\/span><\/div><div class=\"fcrp-fc2-col fcrp-site-col\"><a title=\"n1\" target=\"_blank\" rel=\"nofollow\"  href=\"https:\/\/www.casinoonline.tf\/de\/go\/n1\/\"><img width=\"300\" height=\"138\" src=\"https:\/\/www.casinoonline.tf\/de\/wp-content\/uploads\/sites\/7\/2021\/01\/n1-casino-bonus-code-300x138.png\" class=\"scfeat_logo wp-post-image\" alt=\"\" loading=\"lazy\" srcset=\"https:\/\/www.casinoonline.tf\/de\/wp-content\/uploads\/sites\/7\/2021\/01\/n1-casino-bonus-code-300x138.png 300w, https:\/\/www.casinoonline.tf\/de\/wp-content\/uploads\/sites\/7\/2021\/01\/n1-casino-bonus-code.png 608w\" sizes=\"(max-width: 300px) 100vw, 300px\" \/><\/a><\/div><div  class=\"fcrp-fc2-col fcrp-bonus-col\">\r\r\r\r\n\r\r\r\r\n\t\t\t\t\t\t\t<span class=\"fcrp_bonper\">200% <\/span>\r\r\r\r\n\r\r\r\r\n\t\t\t\t\t\t\t<span class=\"fcrp_bonup\">up to<\/span>\r\r\r\r\n\r\r\r\r\n\t\t\t\t\t\t\t<span class=\"fcrp_bonamt fcrpbonus_text\">\u20ac1800 + 100 Free Spins<\/span>\r\r\r\r\n\r\r\r\r\n\t\t\t\t\t\t\t<span><\/span><\/div>\r\r\r\r\n\r\r\r\r\n\t\t\t\t\t\t<div class=\"fcrp-fc2-col fcrp-rate-col\">\r\r\r\r\n\r\r\r\r\n\t\t\t\t\t\t\t<span class=\"fcrp-rate  cenrate\"><span class=\"fcrp-rate-total\" style=\"width:98%\"><\/span><\/span>\r\r\r\r\n\r\r\r\r\n                        \r\r\r\r\n\r\r\r\r\n\t\t\t\t\t\t  <\/div><div class=\"fcrp-fc2-col fcrp-vis-col\">   <span class=\"fcrp_revlink\"><a title=\"n1\" href=\"http:\/\/www.casinoonline.tf\/de\/n1-casino\/\" >Review<\/a><\/span>   <a target=\"_blank\" rel=\"nofollow\"  href=\"https:\/\/www.casinoonline.tf\/de\/go\/n1\/\" class=\"fcrp-button playb\"> Spielen   <\/a><\/div>\r\r\r\r\n\r\r\r\r\n                 <\/div>\r\r\r\r\n\r\r\r\r\n\r\r\r\r\n\r\r\r\r\n            \r\r\r\r\n                <div class=\"fcrp-sctablerow2\">\r\r\r\r\n\r\r\r\r\n                         <div class=\"fcrp-fc2-col fcrp-rank-col\"><span class=\"fcrp_ratecir\">6<\/span><\/div><div class=\"fcrp-fc2-col fcrp-site-col\"><a title=\"Captain Spins\" target=\"_blank\" rel=\"nofollow\"  href=\"https:\/\/www.casinoonline.tf\/de\/go\/captainspins\/\"><img width=\"250\" height=\"250\" src=\"https:\/\/www.casinoonline.tf\/de\/wp-content\/uploads\/sites\/7\/2021\/01\/captain-spins-logo.png\" class=\"scfeat_logo wp-post-image\" alt=\"\" loading=\"lazy\" srcset=\"https:\/\/www.casinoonline.tf\/de\/wp-content\/uploads\/sites\/7\/2021\/01\/captain-spins-logo.png 250w, https:\/\/www.casinoonline.tf\/de\/wp-content\/uploads\/sites\/7\/2021\/01\/captain-spins-logo-150x150.png 150w\" sizes=\"(max-width: 250px) 100vw, 250px\" \/><\/a><\/div><div  class=\"fcrp-fc2-col fcrp-bonus-col\">\r\r\r\r\n\r\r\r\r\n\t\t\t\t\t\t\t<span class=\"fcrp_bonper\">150% <\/span>\r\r\r\r\n\r\r\r\r\n\t\t\t\t\t\t\t<span class=\"fcrp_bonup\">up to<\/span>\r\r\r\r\n\r\r\r\r\n\t\t\t\t\t\t\t<span class=\"fcrp_bonamt fcrpbonus_text\">\u20ac800<\/span>\r\r\r\r\n\r\r\r\r\n\t\t\t\t\t\t\t<span><\/span><\/div>\r\r\r\r\n\r\r\r\r\n\t\t\t\t\t\t<div class=\"fcrp-fc2-col fcrp-rate-col\">\r\r\r\r\n\r\r\r\r\n\t\t\t\t\t\t\t<span class=\"fcrp-rate  cenrate\"><span class=\"fcrp-rate-total\" style=\"width:90%\"><\/span><\/span>\r\r\r\r\n\r\r\r\r\n                        \r\r\r\r\n\r\r\r\r\n\t\t\t\t\t\t  <\/div><div class=\"fcrp-fc2-col fcrp-vis-col\">   <span class=\"fcrp_revlink\"><a title=\"Captain Spins\" href=\"http:\/\/www.casinoonline.tf\/de\/captain-spins\/\" >Review<\/a><\/span>   <a target=\"_blank\" rel=\"nofollow\"  href=\"https:\/\/www.casinoonline.tf\/de\/go\/captainspins\/\" class=\"fcrp-button playb\"> Spielen   <\/a><\/div>\r\r\r\r\n\r\r\r\r\n                 <\/div>\r\r\r\r\n\r\r\r\r\n\r\r\r\r\n\r\r\r\r\n            \r\r\r\r\n\r\r\r\r\n\r\r\r\r\n\r\r\r\r\n<\/div><!--.fcrp-tablescroll-->\n<h3><span style=\"font-weight: 400;\">Fazit<\/span><\/h3>\n<p><span style=\"font-weight: 400;\">Wie Sie sehen gibt es viele Anbieter, die um den Titel des besten Online Casinos im online Gl\u00fccksspiel werben. Wie bei vielen anderen Dingen im Leben, sollte jeder Spieler f\u00fcr sich selbst herausfinden, welche Casino Spiele und welcher Willkommensbonus die gr\u00f6ssten Anreize verschafft. \u00a0Eines haben alle oben aufgef\u00fchrten Anbieter gemein: sie haben sich im Laufe der Zeit in der Branche etabliert, stehen f\u00fcr Seriosit\u00e4t und haben ein unvergleichliches Angebot an Spielen.<\/span><\/p>\n<p><span style=\"font-weight: 400;\">Casino online spielen geh\u00f6rt zu den lukrativsten Freizeitbesch\u00e4ftigungen, wenn man bedenkt, was f\u00fcr immense Gewinne bei einem gl\u00fccklichen H\u00e4ndchen m\u00f6glich sind und die Community an Spielern w\u00e4chst stetig weiter.<img loading=\"lazy\" class=\"alignright size-full wp-image-445\" src=\"http:\/\/www.casinoonline.tf\/de\/wp-content\/uploads\/sites\/7\/2017\/05\/beste-online-casinos-deutschland.png\" width=\"156\" height=\"156\" srcset=\"https:\/\/www.casinoonline.tf\/de\/wp-content\/uploads\/sites\/7\/2017\/05\/beste-online-casinos-deutschland.png 256w, https:\/\/www.casinoonline.tf\/de\/wp-content\/uploads\/sites\/7\/2017\/05\/beste-online-casinos-deutschland-150x150.png 150w\" sizes=\"(max-width: 156px) 100vw, 156px\" \/> <\/span><\/p>\n<p><span style=\"font-weight: 400;\">Bei der Auswahl des richtigen Casinos kommt es nat\u00fcrlich haupts\u00e4chlich auf Ihre Bed\u00fcrfnisse und Erwartungen an. Ihre Pr\u00e4ferenz an Spielen ist ausschlaggebend. Einige der Casinos haben sich stark auf bestimmte Spielbereiche konzentriert und haben diesen Bereich zu ihrem Flaggschiff gemacht. Ein Casino, das sich auf Slots spezialisiert hat, wird einem Roulette Spieler eher weniger zusagen. <\/span><\/p>\n<blockquote><p><span style=\"font-weight: 400;\">Nat\u00fcrlich sind auch Casino Anbieter auf dem Markt, die eine ausgewogene Kombination aller Bed\u00fcrfnisse abdeckt. Bei Ihrer Auswahl sollten Sie demnach schauen, bei welchen Spielen Sie am meisten Spass haben und entsprechend den Experten auf diesem Gebiet als Partnercasino f\u00fcr Sie w\u00e4hlen. <\/span><\/p><\/blockquote>\n<p><span style=\"font-weight: 400;\">Haben Sie Ihr Casino online ausgew\u00e4hlt, so sollten Sie auf keinen Fall verpassen, dass Willkommensangebot in <span class=\"su-highlight\" style=\"background:#ddff99;color:#000000\">&nbsp;Form von attraktiven Boni zu verpassen&nbsp;<\/span>. Lesen Sie sich hierzu vor der Registrierung die Bonsbedingungen durch, um im Bilde dar\u00fcber zu sein, wie sich der <a href=\"https:\/\/www.casinoonline.tf\/no-deposit-bonus\/\">Bonus<\/a> staffelt und welche Bedingungen erf\u00fcllt werden m\u00fcssen. Es w\u00e4re schade eines dieser Angebote zu verpassen. <\/span><\/p>\n<p><span style=\"font-weight: 400;\">Nach erfolgreicher Registrierung k\u00f6nnen Sie sich mit den Spielen vertraut machen. Wenn Sie auch neue Spiele, die eventuell noch unbekannt f\u00fcr Sie sind, ausprobieren m\u00f6chten, so sollten Sie dies im Spielgeldmodus tun. Fast alle deutschen Online Casinos bieten heutzutage diesen Service an. Sobald Sie sich dann mit den Spielabl\u00e4ufen und \u2013regeln vertraut gemacht haben, k\u00f6nnen Sie einfach in den Echtgeldmodus wechseln und um reale Gewinne spielen.<\/span><\/p>\n<h2>Der No-Deposit Bonus in Online Casinos<\/h2>\n<p><span style=\"font-weight: 400;\">Wenn man sich \u00fcberlegt, was einem in der heutigen Zeit nicht nur als selbstverst\u00e4ndlich erscheint, sondern dar\u00fcber hinaus als etwas, was man nicht mehr missen m\u00f6chte, wird das Internet sicher als erstes gennnt. W\u00fcrde einem dieses auf einmal nicht mehr zur Verf\u00fcgung stehen, w\u00fcrde es bestimmt sehr schnell ein weltweites finanzielles Durcheinander geben. Das ist der Fall, da der Online-Markt heutzutage eine der bedeutendsten S\u00e4ulen ist. Was w\u00fcrden wir ohne dieses weltweite Netz machen, das uns alle auf die verschiedensten Arten verbindet? Der Weltmarkt w\u00e4re heute nicht das, was er ist, w\u00fcrde dieses Medium nicht existieren.<img loading=\"lazy\" class=\"alignright size-full wp-image-446\" src=\"http:\/\/www.casinoonline.tf\/de\/wp-content\/uploads\/sites\/7\/2017\/05\/Der-No-Deposit-Bonus-in-Online-Casinos.png\" width=\"156\" height=\"156\" srcset=\"https:\/\/www.casinoonline.tf\/de\/wp-content\/uploads\/sites\/7\/2017\/05\/Der-No-Deposit-Bonus-in-Online-Casinos.png 256w, https:\/\/www.casinoonline.tf\/de\/wp-content\/uploads\/sites\/7\/2017\/05\/Der-No-Deposit-Bonus-in-Online-Casinos-150x150.png 150w\" sizes=\"(max-width: 156px) 100vw, 156px\" \/> <\/span><\/p>\n<p><span style=\"font-weight: 400;\">Sicher hat das Internet zu vielen weiteren Erfindungen beigetragen, die es nicht geben w\u00fcrde, h\u00e4tten wir kein Internet. Das Internet ist ein Millionengesch\u00e4ft, das f\u00fcr Ums\u00e4tze in Billiardenh\u00f6hen verantwortlich ist. Selbstverst\u00e4ndlich gibt es aber nicht nur Hart-Ware sondern auch andere Services und Angebote, denen kaum Grenzen gesetzt sind.<\/span><\/p>\n<p><span style=\"font-weight: 400;\">Von Online Banking zum Zugang von Online Spielen, als auch \u00fcber den Zugang zu vielen online Flohm\u00e4rkten, sind die M\u00f6glichkeiten des Internets keine Grenzen gesetzt. Dabei ist es nicht verwunderlich, dass auch Casinos und Gl\u00fccksspiel-Betreiber die M\u00f6glichkeiten des Internets f\u00fcr sich entdeckt haben und tragen seit den 90ern zum Internetleben bei. Jedoch gibt es einen entscheidenden Unterschied beim Gl\u00fccksspiel, im Vergleich zu anderen Online Websites oder Angeboten: Das besagte Gl\u00fcck. Dieses macht es dementsprechend schwer, eine breite Masse an Zielgruppe zu erreichen, schlie\u00dflich ist nicht jeder davon begeistert, sein Geld in sein Gl\u00fcck zu investieren.<\/span><\/p>\n<p>Online-Casinos erfreuen sich in den USA immer gr\u00f6\u00dferer Beliebtheit. Mit einer Vielzahl von Spielen, einschlie\u00dflich Slots, Poker, Blackjack und Roulette, bieten sie Unterhaltung direkt von zu Hause aus. Die Gesetze und Vorschriften f\u00fcr Online-Gl\u00fccksspiele variieren von Bundesstaat zu Bundesstaat, daher ist es wichtig, eine seri\u00f6se und lizenzierte Plattform zu w\u00e4hlen. F\u00fcr weitere Informationen und um die besten Online-Casinos in den <a href=\"https:\/\/www.casinoonline.tf\/\" target=\"_blank\" rel=\"noopener\">USA<\/a> zu finden, besuchen Sie den Link.<\/p>\n<p>&nbsp;<\/p>\n<h2>2023 Online Casino Test und No Deposit Bonus Beschreibung<\/h2>\n<p><span style=\"font-weight: 400;\">Ein Betreiber von Online-Casinos, wie zum Beispiel das InterCasino, hat sich etwas einfallen lassen, was sich mehr und mehr zum Standard etabliert hat: Den sogenannten No Deposit Bonus .Dieser Bonus ist ein relativ gro\u00dfer und auch beliebter Bonus, im Vergleich zu anderen Online Casinos. Ein Bonus ist ein wichtiger Faktor f\u00fcr einen potenziellen neuen Spieler , sich f\u00fcr ein Online Casino zu entscheiden. <\/span><\/p>\n<blockquote><p><span style=\"font-weight: 400;\">Denn nur wenn dieser attraktiv genug ist, entscheidet sich ein neuer Spieler f\u00fcr eine Einzahlung. Der Bonus steht nach der ersten Einzahlung meist sofort zur Verf\u00fcgung. Das sorgt f\u00fcr unmittelbaren Spielespa\u00df und gibt die M\u00f6glichkeit, sich nicht nur warm zu spielen, sondern auch zu einem Experten zu entwickeln.<\/span><\/p><\/blockquote>\n<p><span style=\"font-weight: 400;\">Ein No Deposit Bonus ist manchmal jedoch an die eine oder andere Bedingung gebunden. \u2013 Man muss zum Beispiel eine gewisse Summe einzahlen oder erspielen, um eine Auszahlung zu erhalten. Ausserdem ist der Bonus nicht immer auf alle Spiele, sondern nur auf eine eher kleinere Auswahl an Spielen gebunden. <strong>Oft kann man mit dem Bonus<\/strong> nur an den Slots spielen. Trotzdem ist der No Deposit Bonus eine attraktive und gerngesehende Werbung und Willkommensgeschenk f\u00fcr ein Online-Casino und ausserdem eine gro\u00dfartige Gelegenheit f\u00fcr den Spieler, das Casino risikofrei zu testen.<\/span><\/p>\n<p><span style=\"font-weight: 400;\">Geniessen Sie nun Ihre Spiele in einem oder mehreren der besten online Casinos und viel Erfolg bei den Gewinnen!<\/span><\/p>\n","protected":false},"excerpt":{"rendered":"<p>Im Internet werden Sie auf unglaublich viele Online Casinos in Deutschland stossen und jedes davon suggeriert Ihnen auf seine Art und Weise, das beste Casino f\u00fcr Sie und Ihre Bed\u00fcrfnisse zu sein. F\u00fcr die Wahl des geeigneten Casinos spielt Vertrauen eine grosse Rolle, da schliesslich Geld im Spiel ist, ebenso ist die Seriosit\u00e4t des Anbieters [&hellip;]<\/p>\n","protected":false},"author":1,"featured_media":0,"parent":0,"menu_order":0,"comment_status":"closed","ping_status":"closed","template":"","meta":[],"_links":{"self":[{"href":"https:\/\/www.casinoonline.tf\/de\/wp-json\/wp\/v2\/pages\/443"}],"collection":[{"href":"https:\/\/www.casinoonline.tf\/de\/wp-json\/wp\/v2\/pages"}],"about":[{"href":"https:\/\/www.casinoonline.tf\/de\/wp-json\/wp\/v2\/types\/page"}],"author":[{"embeddable":true,"href":"https:\/\/www.casinoonline.tf\/de\/wp-json\/wp\/v2\/users\/1"}],"replies":[{"embeddable":true,"href":"https:\/\/www.casinoonline.tf\/de\/wp-json\/wp\/v2\/comments?post=443"}],"version-history":[{"count":23,"href":"https:\/\/www.casinoonline.tf\/de\/wp-json\/wp\/v2\/pages\/443\/revisions"}],"predecessor-version":[{"id":1092,"href":"https:\/\/www.casinoonline.tf\/de\/wp-json\/wp\/v2\/pages\/443\/revisions\/1092"}],"wp:attachment":[{"href":"https:\/\/www.casinoonline.tf\/de\/wp-json\/wp\/v2\/media?parent=443"}],"curies":[{"name":"wp","href":"https:\/\/api.w.org\/{rel}","templated":true}]}}