





{"id":502,"date":"2021-01-28T11:57:27","date_gmt":"2021-01-28T11:57:27","guid":{"rendered":"http:\/\/www.casinoonline.tf\/de\/?page_id=502"},"modified":"2021-01-29T10:39:42","modified_gmt":"2021-01-29T10:39:42","slug":"spielautomaten-geldmanagement","status":"publish","type":"page","link":"https:\/\/www.casinoonline.tf\/de\/spielautomaten-geldmanagement\/","title":{"rendered":"Spielautomaten Geldmanagement"},"content":{"rendered":"<p><b><\/b><span style=\"font-weight: 400;\">Es gibt noch immer viele Casinospieler, die der Meinung sind, nur mit Gl\u00fcck und etwas Bauchgef\u00fchl erfolgreich werden zu k\u00f6nnen. Wir sind aber inzwischen absolut \u00fcberzeugt davon, dass man auf Dauer nicht einmal am Spielautomaten, bei dem es ja in der Tat haupts\u00e4chlich auf das liebe Gl\u00fcck ankommt, erfolgreich sein kann, ohne einen \u00dcberblick \u00fcber seine Finanzen zu haben.<\/span><\/p>\n<p><span style=\"font-weight: 400;\"><br \/>\n<\/span><span style=\"font-weight: 400;\">Aus diesem Grund widmen wir dem Thema Spielautomaten Geldmanagement einen eigenen Artikel und wollen Sie \u00fcber h\u00e4ufige Irrt\u00fcmer und wichtige Tipps aufkl\u00e4ren.<\/span><\/p>\n<table class=\"wp-list-table widefat fixed striped posts\">\n<tbody id=\"the-list\">\n<tr id=\"post-958\" class=\"iedit author-self level-0 post-958 type-fcrp_shortcodes status-publish hentry\">\n<td class=\"ReviewSC column-ReviewSC\" data-colname=\"Shortcode\"><strong>\r\r\r\r\n\r\r\r\r\n\t<div class=\"fcrp-sctable\">\r\r\r\r\n\r\r\r\r\n\r\r\r\r\n\r\r\r\r\n               <div class=\"fcrp-sctablerow1\">\r\r\r\r\n\r\r\r\r\n                        <div class=\"fcrp-fc-col fcrp-rank-col\">Rank<\/div><div class=\"fcrp-fc-col  fcrp-site-col\" >Casino<\/div><div class=\"fcrp-fc-col fcrp-bonus-col\">Bonus<\/div><div class=\"fcrp-fc-col fcrp-rate-col\">Rating<\/div><div class=\"fcrp-fc-col fcrp-vis-col\">Visit<\/div>\r\r\r\r\n\r\r\r\r\n\r\r\r\r\n\r\r\r\r\n\t\t\t\t<\/div><\/div><!--.fcrp-tablescroll--><\/strong><\/td>\n<\/tr>\n<\/tbody>\n<\/table>\n<h2>Unerl\u00e4sslich: Die Bankroll<\/h2>\n<p><span style=\"font-weight: 400;\">Die erste wichtige Voraussetzung, um am Slot zu spielen, ist nat\u00fcrlich, \u00fcber ein bisschen Geld zu verf\u00fcgen. Die erste wichtige Lektion in Sachen Spielautomaten Geldmanagement: Finden Sie ein Budget, das Sie zum Spielen an den Automaten verwenden wollen. Das klingt einfacher als es ist, denn es bedeutet, dass Sie sofort aus einem Spiel aussteigen m\u00fcssen, wenn dieser Betrag verspielt ist. <\/span><\/p>\n<p><span style=\"font-weight: 400;\">Das kann gerade am Anfang sehr hart sein, besonders, wenn man den Eindruck hat, der n\u00e4chste Spin k\u00f6nnte besser laufen als die vorherigen oder wenn man den \u00dcberblick \u00fcber die Bankroll verliert, weil das Spiel so spannend ist.<\/span><\/p>\n<p><span style=\"font-weight: 400;\">Wenn Sie es schaffen, sich an diese grundlegende Regel vom Spielautomaten Geldmanagement zu halten, haben Sie den meisten Slotspielern eine Menge voraus und k\u00f6nnen abends guten Gewissens schlafen gehen, da Sie wissen, Sie haben sich an Ihre eigene finanzielle Grenze gehalten und somit auch keine \u00e4rgerlichen Verluste gemacht.<\/span><\/p>\n<p><span style=\"font-weight: 400;\">Wenn Sie sich dar\u00fcber klar geworden sind, um welchen Betrag Sie spielen m\u00f6chten, sollten Sie einen Slot ausw\u00e4hlen, auf dem Sie ihr erstes Spiel starten. Wichtig ist dabei zu wissen, dass Slots verschiedene Auszahlungsquoten vorweisen, die zwischen 75 % und sogar 99 % liegen k\u00f6nnen.<\/span><\/p>\n<blockquote><p><span style=\"font-weight: 400;\">Man kann sagen, dass eine Quote von circa 90 % als gut gilt, darunter sollten Sie eher von Automaten absehen.<\/span><\/p><\/blockquote>\n<h2>Ihr Einsatz je Stunde<\/h2>\n<p><span style=\"font-weight: 400;\">Nun sollten Sie sich dar\u00fcber im Klaren sein, welchen Betrag Sie einzahlen und auf welchem Slot Sie spielen m\u00f6chten. Als weiteren Spielautomaten Geldmanagement Tipp sollten Sie Ihren Einsatz je Stunde berechnen. Das mag zun\u00e4chst ungew\u00f6hnlich klingen, ist aber sehr sinnvoll, wenn man bedenkt, dass man in der Regel nicht mehr als eine Stunde braucht, um einen Spielautomaten gut kennenzulernen.<\/span><\/p>\n<p><span style=\"font-weight: 400;\"> Eine Unterteilung Ihrer Spielzeit in Stunden wird Ihnen auch dabei helfen, Ihre Spielzeit zu \u00fcberblicken und Gewinne und Verluste klarer zu \u00fcberblicken.<\/span><\/p>\n<h2>Gewinne abzweigen<\/h2>\n<p><span style=\"font-weight: 400;\">Das mit den Gewinnen ist eine pikante Angelegenheit. Nat\u00fcrlich ist es jedem selbst \u00fcberlassen, wie er oder sie die erspielten Gewinne verwendet. Manche setzen alles sofort wieder in Spielen um, andere lassen sich ihr Guthaben sobald es geht auszahlen. Ein guter Tipp ist es aus unserer Sicht, wenn Spieler bei Automatenspielen auch einen Teil ihrer Gewinne abzweigen. Es ist nat\u00fcrlich verlockend, alles aufs Neue zu setzen, da die Chance auf einen noch h\u00f6heren Gewinn winkt oder man damit den Versuch starten kann, vorherige Verluste wieder auszugleichen.<\/span><\/p>\n<p><span style=\"font-weight: 400;\">Es gen\u00fcgt aber nach diesem Tipp f\u00fcrs Spielautomaten Geldmanagement schon, nur einen Anteil des Gewinns neu zu setzen. Dann ist es auch leichter, zwischen verschiedenen Slots zu wechseln, anstatt sich an einem Slot fest zubei\u00dfen.<\/span><\/p>\n<p><span style=\"font-weight: 400;\">Legen Sie sich auf einen Prozentsatz fest, beispielsweise zehn Prozent. Zehn Prozent eines erspielten Gewinns d\u00fcrfen Sie neu setzen. Gewinnen Sie wieder, setzen Sie noch einmal 10 %, usw.<\/span><\/p>\n<p><span style=\"font-weight: 400;\">Wenn Sie in der zweiten Runde schon nichts mehr gewinnen, ist Ihr Verlust mit 10 % sehr gering und Sie k\u00f6nnen immerhin noch 90 % Ihres Gewinnes f\u00fcr andere Spiele oder eine Auszahlung nutzen.<\/span><span style=\"font-weight: 400;\"><br \/>\n<\/span><\/p>\n<h2><b>F\u00fcnf wissenswerte Spielautomaten Tipps<\/b><\/h2>\n<p><span style=\"font-weight: 400;\">Wenn Sie gerne an Slots spielen, nutzen Sie eine sehr g\u00fcnstige, gleichzeitig aber auch risikobehaftete Art von <a href=\"http:\/\/www.casinoonline.tf\/de\/spielautomaten-geldmanagement\/\">Casinospielen<\/a>. Hohe Jackpots, schnelle Spielabl\u00e4ufe und eine gro\u00dfe Auswahl an Automatenspielen machen diese Spielart weltweit sehr beliebt. Wir wollen Ihnen f\u00fcnf wissenswerte Tipps pr\u00e4sentieren, die Ihnen helfen sollen, an den Slots zu gewinnen und Ihr Gl\u00fcck zu machen.<\/span><\/p>\n<h3>Lohnenswerte Rabatt-Karten<\/h3>\n<p><span style=\"font-weight: 400;\">Sogenannte Rabatt-Karten werden in sehr vielen Casinos f\u00fcr Automatenspiele verteilt. Das System funktioniert \u00e4hnlich wie die Vielflieger-Aktionen, bei denen Flugmeilen gesammelt werden: In jedem Automatenspiel werden Bonuspunkte gesammelt. Diese k\u00f6nnen dann in Goodies wie Freispiele oder Gutscheine f\u00fcr Restaurantbesuche gewechselt werden. Das Rabatt-Karten Programm wird gerne in den Gl\u00fccksspielmetropolen Atlantic City und auch Las Vegas genutzt und soll als Belohnung f\u00fcr h\u00e4ufiges Erscheinen und h\u00e4ufige Spiele an den Slots dienen.<\/span><span style=\"font-weight: 400;\"><br \/>\n<\/span><span style=\"font-weight: 400;\">Wir empfehlen Ihnen, diese Rabatt-Karten zu nutzen, sofern sie angeboten werden. Denn das Casino hat bei Automatenspielen einen sehr hohen Hausanteil. Es ist daher nur fair, die Spieler mit einem gro\u00dfz\u00fcgigen Treuepunktesystem zu belohnen. Man k\u00f6nnte sagen, dass die Spieler f\u00fcrs Spielen entlohnt werden, wobei anzunehmen ist, dass die gesammelten Punkte nicht die finanziellen Verluste an den Automaten aufwiegen. <a href=\"http:\/\/www.casinoonline.tf\/de\/\">Dennoch bieten die Casinos <\/a>viele reizvolle Treueangebote f\u00fcrs Spielen an den Automaten, die man in reizvolle Pr\u00e4mien umwandeln kann.<\/span><\/p>\n<h3>Das Verh\u00e4ltnis von Einfachheit zu Auszahlung<\/h3>\n<p><span style=\"font-weight: 400;\">Bei den Slotspielen besteht der gro\u00dfe Vorteil darin, dass es kaum Kenntnis der Spielregeln oder ausgefeilter Spielstrategien bedarf, um zu gewinnen. Trotzdem kann es lohnenswert sein, nach solchen Automaten Ausschau zu halten, die bessere Auszahlungsquoten haben als andere.<\/span><\/p>\n<p><span style=\"font-weight: 400;\">Hier kann man als Faustregel mitnehmen: Umso simpler das Automatenspiel, desto besser die Auszahlungsquote. Der Grund hierf\u00fcr liegt darin, dass die besonders attraktiven Spiele meist von mehr Spielern genutzt werden. Im Umkehrschluss sind bei den schlichten, einfachen Spielen die Quoten h\u00e4ufig besser.<\/span><\/p>\n<h3>Das Verh\u00e4ltnis von Nennwert zu Wahrscheinlichkeit<\/h3>\n<p><span style=\"font-weight: 400;\">Ein weiterer guter Hinweis aus unserem Katalog an Spielautomaten Tipps ist, jeweils auf den h\u00f6heren Nennwert in einem Spiel zu setzen. Beispielsweise macht es mehr Sinn, bei einem 10 Cent Slot eine M\u00fcnze je Line zu positionieren, als zehn M\u00fcnzen auf eine Line in einem 1 Cent Slot, da das erste Spiel prozentual eine bessere Auszahlung vorweist. Man hat in diesem Beispiel zwar einen h\u00f6heren Einsatz, jedoch macht sich das dann bei der Auszahlung entsprechend bemerkbar.<\/span><\/p>\n<h3>Spielen an progressiven Spielautomaten<\/h3>\n<p><span style=\"font-weight: 400;\">Wir k\u00f6nnen Ihnen f\u00fcr hohe Gewinne an Spielautomaten die progressiven Slots ans Herz legen. Bei dieser Automatenart steigt der Jackpot mit der Anzahl an Spielern.<\/span><\/p>\n<p><span style=\"font-weight: 400;\">Bei einer sehr beliebten Strategie setzen die Spieler stets den Maximalbetrag als Einsatz. Bei einer Gewinnaussch\u00fcttung kann man so mit dem h\u00f6chstm\u00f6glichen Jackpotbetrag rechnen. Diese Strategie empfehlen wir aber nur solchen Spielern, die diszipliniert sind und stets einen Blick auf ihr Budget haben. Der klare Nachteil dieser Methode ist, dass das Verlustrisiko relativ hoch ist. Au\u00dferdem haben die Slots mit progressiven Jackpots in der Regel eine geringere Gewinnwahrscheinlichkeit. Wer ein einziges Spiel um einen festen Betrag spielen will, der sollte diese Methode w\u00e4hlen. Wir empfehlen Ihnen insgesamt, progressive Slots mit <a href=\"http:\/\/www.casinoonline.tf\/de\/progressive-jackpot\/\">kleineren Jackpots<\/a> zu w\u00e4hlen.<\/span><\/p>\n<h3>Diszipliniertes Spielen<\/h3>\n<p><span style=\"font-weight: 400;\">Als f\u00fcnften unserer Spielautomaten Tipps soll ein sehr wesentlicher Aspekt f\u00fcr erfolgreiches Spielen angef\u00fchrt werden: An Spielautomaten gilt es, immer die Ruhe zu bewahren und diszipliniert zu bleiben. Wer mit der Erwartung spielt, sofort Million\u00e4r zu werden, wird vermutlich entt\u00e4uscht. Automatenspiele bieten einen gro\u00dfen Spa\u00dffaktor, bei dem man nie die eigenen finanziellen Kapazit\u00e4ten aus den Augen lassen sollte. Wer diese Spielautomaten Tipps beachtet, wird sicher viel Spa\u00df und eine gute Zeit haben.<\/span><span style=\"font-weight: 400;\"><br \/>\n<\/span><\/p>\n","protected":false},"excerpt":{"rendered":"<p>Es gibt noch immer viele Casinospieler, die der Meinung sind, nur mit Gl\u00fcck und etwas Bauchgef\u00fchl erfolgreich werden zu k\u00f6nnen. Wir sind aber inzwischen absolut \u00fcberzeugt davon, dass man auf Dauer nicht einmal am Spielautomaten, bei dem es ja in der Tat haupts\u00e4chlich auf das liebe Gl\u00fcck ankommt, erfolgreich sein kann, ohne einen \u00dcberblick \u00fcber [&hellip;]<\/p>\n","protected":false},"author":1,"featured_media":0,"parent":0,"menu_order":0,"comment_status":"closed","ping_status":"closed","template":"","meta":[],"_links":{"self":[{"href":"https:\/\/www.casinoonline.tf\/de\/wp-json\/wp\/v2\/pages\/502"}],"collection":[{"href":"https:\/\/www.casinoonline.tf\/de\/wp-json\/wp\/v2\/pages"}],"about":[{"href":"https:\/\/www.casinoonline.tf\/de\/wp-json\/wp\/v2\/types\/page"}],"author":[{"embeddable":true,"href":"https:\/\/www.casinoonline.tf\/de\/wp-json\/wp\/v2\/users\/1"}],"replies":[{"embeddable":true,"href":"https:\/\/www.casinoonline.tf\/de\/wp-json\/wp\/v2\/comments?post=502"}],"version-history":[{"count":9,"href":"https:\/\/www.casinoonline.tf\/de\/wp-json\/wp\/v2\/pages\/502\/revisions"}],"predecessor-version":[{"id":960,"href":"https:\/\/www.casinoonline.tf\/de\/wp-json\/wp\/v2\/pages\/502\/revisions\/960"}],"wp:attachment":[{"href":"https:\/\/www.casinoonline.tf\/de\/wp-json\/wp\/v2\/media?parent=502"}],"curies":[{"name":"wp","href":"https:\/\/api.w.org\/{rel}","templated":true}]}}