





{"id":509,"date":"2017-05-10T10:15:47","date_gmt":"2017-05-10T10:15:47","guid":{"rendered":"http:\/\/www.casinoonline.tf\/de\/?page_id=509"},"modified":"2017-05-10T10:18:27","modified_gmt":"2017-05-10T10:18:27","slug":"progressive-jackpot","status":"publish","type":"page","link":"https:\/\/www.casinoonline.tf\/de\/progressive-jackpot\/","title":{"rendered":"Progressive Jackpot"},"content":{"rendered":"<p>Das Wort \u201cJackpot\u201d steht f\u00fcr gro\u00dfe Gewinne! Ganz besonders im Gl\u00fccksspiel! Denn gerade dort kann man, mit etwas Gl\u00fcck, viel Geld gewinnen, wenn man den Jackpot erreicht. \u2013 Und zwar mehr, als alle anderen! Im Progressiven Jackpot geht es darum, dass jeder Spieler in jeder Spielerrunde etwas in einem \u201cPot\u201d einzahlt, Dieses zieht sich so lange hin, bis der Jackpot geknackt wurde. \u2013 Dieser kann im besten Fall von einem, aber auch von mehreren Spielern gleichzeitig geknackt werden.<\/p>\n<p><span style=\"font-weight: 400;\">Dieses erinnert stark an einer staatlichen Lotterie, bei der sich die Gewinnsumme erh\u00f6ht, wenn der Jackpot nicht geknackt wird. In Werbespots im Fernsehen oder auch im Radio werden die Spieler wirksam gelockt, sich an der Lotterie zu beteiligen: <\/span><\/p>\n<blockquote><p><span style=\"font-weight: 400;\">&#8222;<\/span><span style=\"font-weight: 400;\">Sie haben die Chance, in unserem Jackot XY Millionen zu gewinnen\u201d. <\/span><\/p><\/blockquote>\n<p><span style=\"font-weight: 400;\">Dadurch, dass sich mehr Spieler an der Lotterie beteiligen, erh\u00f6ht sich der Jackpot. Auch diejenigen, die sich sonst eher nicht f\u00fcr\u2019s Gluecksspiel interessieren, k\u00f6nnen durch den steigenden Jackpot angelockt werden.<img loading=\"lazy\" class=\"alignright size-medium wp-image-514\" src=\"http:\/\/www.casinoonline.tf\/de\/wp-content\/uploads\/sites\/7\/2017\/05\/Spieler-an-der-Lotterie-beteiligen-erho\u0308ht-sich-der-Jackpot-300x211.jpg\" alt=\"Spieler an der Lotterie beteiligen, erh\u00f6ht sich der Jackpot\" width=\"300\" height=\"211\" srcset=\"https:\/\/www.casinoonline.tf\/de\/wp-content\/uploads\/sites\/7\/2017\/05\/Spieler-an-der-Lotterie-beteiligen-erho\u0308ht-sich-der-Jackpot-300x211.jpg 300w, https:\/\/www.casinoonline.tf\/de\/wp-content\/uploads\/sites\/7\/2017\/05\/Spieler-an-der-Lotterie-beteiligen-erho\u0308ht-sich-der-Jackpot-768x539.jpg 768w, https:\/\/www.casinoonline.tf\/de\/wp-content\/uploads\/sites\/7\/2017\/05\/Spieler-an-der-Lotterie-beteiligen-erho\u0308ht-sich-der-Jackpot-608x427.jpg 608w, https:\/\/www.casinoonline.tf\/de\/wp-content\/uploads\/sites\/7\/2017\/05\/Spieler-an-der-Lotterie-beteiligen-erho\u0308ht-sich-der-Jackpot-758x532.jpg 758w, https:\/\/www.casinoonline.tf\/de\/wp-content\/uploads\/sites\/7\/2017\/05\/Spieler-an-der-Lotterie-beteiligen-erho\u0308ht-sich-der-Jackpot.jpg 926w\" sizes=\"(max-width: 300px) 100vw, 300px\" \/> <\/span><\/p>\n<p><span style=\"font-weight: 400;\">Wer keine Lust auf ein \u201creales\u201d Casino hat und dem Spielen lieber zuhause nachgeht, kommt aber auch nicht zu kurz. \u2013 Daf\u00fcr sorgen die Online Casinos. Diese umfassen haupts\u00e4chlichVideo-Slots. Was besonders hervorzuheben ist, ist, dass viele Online Casinos ihre Slots vernetzen. Dadurch k\u00f6nnen sich mehrere tausend Spieler an den jeweiligen Slots beteiligen. Der besondere Vorteil ist, dass sich der Gewinn dadurch drastisch erh\u00f6ht! Manchmal gibt es sogar Jackpots, die sich in unglaublich kurzer Zeit erh\u00f6hen. <\/span><\/p>\n<p><span style=\"font-weight: 400;\">Manchmal sogar in Millionenh\u00f6he. Was die Vorteile f\u00fcr die Spieler sind? Nat\u00fcrlich in erster Linie, dass sie unheimlich viel Geld gewinnen k\u00f6nnen und auch, dass die <a href=\"http:\/\/www.casinoonline.tf\/de\/\">Casinos fast kostenlose Werbung erhalten<\/a>. \u2013 Diese wird mehr oder weniger von den Spielern finanziert. Hierbei gibt es also keine Verlierer. Man kann allerdings nich sagen, dass es keine Nachteile gibt. \u2013 Die Spieler m\u00fcssen manchmal mit h\u00f6heren Kosten rechnen oder auch damit, dass es geringere Chancen zum Gewinn bei einfachen Kombinationen gibt. Au\u00dferdem besteht die Gefahr, eine Spielsucht zu entwickeln. Jedoch werden diese Nachteile oft von den Vorteilen \u00fcberschattet. \u2013 Vor allem nat\u00fcrlich von der hohen Gewinnsumme. Diese steigt h\u00f6her und h\u00f6her und zwar ganz ohne eine Obergrenze!<\/span><\/p>\n<h2>Der normale Jackpot<\/h2>\n<p><span style=\"font-weight: 400;\">Was ist der \u201cnormale Jackpot\u201d Beim \u201cnormalen Jackpot\u201d handelt es sich um eine konstante Gewinnchance f\u00fcr jeden einzelnen Spieler. Jedoch befindet sich die Gewinnsumme im Hunderttausenderbereich. \u2013 Es geht also eher nicht um Millionen. Dieses hat allerdings den Vorteil, dass die Gewinnwahrscheinlichkeit erheblich h\u00f6her ist, als wenn es sich um eine Summe in Millionenh\u00f6he handeln w\u00fcrde. Ausserdem ist der Gewinneinsatz geringer!<\/span><\/p>\n<h2>Die Progressive Jackpot-Slots und die normalen Jackpot-Slots<\/h2>\n<p><img loading=\"lazy\" class=\"alignright size-medium wp-image-511\" src=\"http:\/\/www.casinoonline.tf\/de\/wp-content\/uploads\/sites\/7\/2017\/05\/Die-Progressive-Jackpot-Slots-und-die-normalen-Jackpot-Slots-300x86.jpg\" alt=\"Die Progressive Jackpot-Slots und die normalen Jackpot-Slots\" width=\"300\" height=\"86\" srcset=\"https:\/\/www.casinoonline.tf\/de\/wp-content\/uploads\/sites\/7\/2017\/05\/Die-Progressive-Jackpot-Slots-und-die-normalen-Jackpot-Slots-300x86.jpg 300w, https:\/\/www.casinoonline.tf\/de\/wp-content\/uploads\/sites\/7\/2017\/05\/Die-Progressive-Jackpot-Slots-und-die-normalen-Jackpot-Slots-768x221.jpg 768w, https:\/\/www.casinoonline.tf\/de\/wp-content\/uploads\/sites\/7\/2017\/05\/Die-Progressive-Jackpot-Slots-und-die-normalen-Jackpot-Slots-1024x294.jpg 1024w, https:\/\/www.casinoonline.tf\/de\/wp-content\/uploads\/sites\/7\/2017\/05\/Die-Progressive-Jackpot-Slots-und-die-normalen-Jackpot-Slots-608x175.jpg 608w, https:\/\/www.casinoonline.tf\/de\/wp-content\/uploads\/sites\/7\/2017\/05\/Die-Progressive-Jackpot-Slots-und-die-normalen-Jackpot-Slots-758x218.jpg 758w, https:\/\/www.casinoonline.tf\/de\/wp-content\/uploads\/sites\/7\/2017\/05\/Die-Progressive-Jackpot-Slots-und-die-normalen-Jackpot-Slots.jpg 1322w\" sizes=\"(max-width: 300px) 100vw, 300px\" \/><\/p>\n<p><span style=\"font-weight: 400;\">Die bekannten progressive Jackpot-Slots umfassen unter anderem <\/span><a href=\"http:\/\/www.casinospiele.net\/spielautomaten\/mega-moolah-spielautomat\/\"><span style=\"font-weight: 400;\">Mega Moolah<\/span><\/a><span style=\"font-weight: 400;\">, Beach Life, Mega Fortune. Wohingegen zu den bekannten normalen Jackpots Gladiator, Dark Knight Rises, Game Of Thrones und Terminator 2 geh\u00f6ren. Au\u00dferdem gibt es sehr viele eher unbekannte Slots, die einen Jackpot dieser Art anbieten. Dazu geh\u00f6ren jedoch haupts\u00e4chlich Themen-Slots. Jedoch gibt es fast immer auch eine Art Slots mit einem normalen Jackpot. Die progressiven Jackpot-Slots sind immer deutlich erkennbar, wodurch man sie nicht \u00fcbersehen kann.<\/span><\/p>\n<p><b>Welche Vor- und Nachteile gibt es?<\/b><\/p>\n<p><i><span style=\"font-weight: 400;\">Der Unterschied vom Normalen Jackpot zum Progressiven Jackpot<\/span><\/i><\/p>\n","protected":false},"excerpt":{"rendered":"<p>Das Wort \u201cJackpot\u201d steht f\u00fcr gro\u00dfe Gewinne! Ganz besonders im Gl\u00fccksspiel! Denn gerade dort kann man, mit etwas Gl\u00fcck, viel Geld gewinnen, wenn man den Jackpot erreicht. \u2013 Und zwar mehr, als alle anderen! Im Progressiven Jackpot geht es darum, dass jeder Spieler in jeder Spielerrunde etwas in einem \u201cPot\u201d einzahlt, Dieses zieht sich so [&hellip;]<\/p>\n","protected":false},"author":1,"featured_media":0,"parent":0,"menu_order":0,"comment_status":"closed","ping_status":"closed","template":"","meta":[],"_links":{"self":[{"href":"https:\/\/www.casinoonline.tf\/de\/wp-json\/wp\/v2\/pages\/509"}],"collection":[{"href":"https:\/\/www.casinoonline.tf\/de\/wp-json\/wp\/v2\/pages"}],"about":[{"href":"https:\/\/www.casinoonline.tf\/de\/wp-json\/wp\/v2\/types\/page"}],"author":[{"embeddable":true,"href":"https:\/\/www.casinoonline.tf\/de\/wp-json\/wp\/v2\/users\/1"}],"replies":[{"embeddable":true,"href":"https:\/\/www.casinoonline.tf\/de\/wp-json\/wp\/v2\/comments?post=509"}],"version-history":[{"count":4,"href":"https:\/\/www.casinoonline.tf\/de\/wp-json\/wp\/v2\/pages\/509\/revisions"}],"predecessor-version":[{"id":515,"href":"https:\/\/www.casinoonline.tf\/de\/wp-json\/wp\/v2\/pages\/509\/revisions\/515"}],"wp:attachment":[{"href":"https:\/\/www.casinoonline.tf\/de\/wp-json\/wp\/v2\/media?parent=509"}],"curies":[{"name":"wp","href":"https:\/\/api.w.org\/{rel}","templated":true}]}}