





{"id":9,"date":"2023-06-05T16:21:44","date_gmt":"2023-06-05T16:21:44","guid":{"rendered":"http:\/\/www.casinoonline.tf\/dk\/?page_id=9"},"modified":"2023-08-07T14:19:39","modified_gmt":"2023-08-07T14:19:39","slug":"velkommen-til-danmarks-mest-omfattende-casinoguide-2019","status":"publish","type":"page","link":"https:\/\/www.casinoonline.tf\/dk\/","title":{"rendered":"Velkommen til Danmarks mest omfattende casinoguide 2023"},"content":{"rendered":"<p>Leder du efter det bedste online casino p\u00e5 nettet? Eller er du p\u00e5 jagt efter en stor velkomstbonus? S\u00e5 er du kommet til det rette sted! Hos CasinoOnline.tf har vi skrevet en lang r\u00e6kke anmeldelser af de bedste, st\u00f8rste, sjoveste og mest kendte online casinoer. Vores mission er at hj\u00e6lpe dig med at finde lige pr\u00e6cis det casino, der passer bedst til dig og det, du s\u00f8ger efter.<\/p>\n<p>Vi opdaterer hele tiden guiden med nye bonusser og <img loading=\"lazy\" class=\" wp-image-147 alignright\" src=\"http:\/\/www.casinoonline.tf\/dk\/wp-content\/uploads\/sites\/10\/2017\/04\/bedste-online-casinoer-danmark.jpg\" alt=\"2019 bedste online casinoer danmark\" width=\"194\" height=\"150\" srcset=\"https:\/\/www.casinoonline.tf\/dk\/wp-content\/uploads\/sites\/10\/2017\/04\/bedste-online-casinoer-danmark.jpg 748w, https:\/\/www.casinoonline.tf\/dk\/wp-content\/uploads\/sites\/10\/2017\/04\/bedste-online-casinoer-danmark-300x233.jpg 300w, https:\/\/www.casinoonline.tf\/dk\/wp-content\/uploads\/sites\/10\/2017\/04\/bedste-online-casinoer-danmark-608x471.jpg 608w\" sizes=\"(max-width: 194px) 100vw, 194px\" \/>kampagner, og derudover kommer der ofte nye casinoer til.<\/p>\n<blockquote><p>Det er din sikkerhed for, at du altid finder de bedste casinoer casmed de mest attraktive bonusser her p\u00e5 siden!<\/p><\/blockquote>\n<h2><b>De bedste online casinoer<\/b><\/h2>\n<p>I vores guide finder du altid de bedste casinoer online, og for at g\u00f8re det nemt og overskueligt for dig, har vi lavet en liste over de 5 casinoer, vi synes er allermest attraktive. Der skiftes j\u00e6vnligt ud p\u00e5 listen, da der konstant dukker nye bonusser, kampagner, casino spil og andre goder op hos de forskellige casinoer.<\/p>\n<p><strong>\r\r\r\r\n\r\r\r\r\n\t<div class=\"fcrp-sctable fcrp-sctable_ver3\">\r\r\r\r\n\r\r\r\r\n\r\r\r\r\n\r\r\r\r\n               <div class=\"fcrp-sctablerow1\">\r\r\r\r\n\r\r\r\r\n                        <div class=\"fcrp-fc-col fcrp-rank-col\">Rank<\/div><div class=\"fcrp-fc-col  fcrp-site-col\" >Casino<\/div><div class=\"fcrp-fc-col fcrp-bonus-col\">Bonus<\/div><div class=\"fcrp-fc-col fcrp-rate-col\">Rating<\/div><div class=\"fcrp-fc-col fcrp-vis-col\">Visit<\/div>\r\r\r\r\n\r\r\r\r\n\r\r\r\r\n\r\r\r\r\n\t\t\t\t<\/div>\r\r\r\r\n\r\r\r\r\n\r\r\r\r\n\r\r\r\r\n<\/div><!--.fcrp-tablescroll--><\/strong><\/p>\n<p>Listen er blot et lille udpluk af alle de casinoer, vi har anmeldt her p\u00e5 siden. Finder du ikke det, du leder efter p\u00e5 listen, anbefaler vi dig derfor at kigge rundt p\u00e5 siden blandt vores mange anmeldelser. Vi garanterer, at du finder et casino, der har et attraktivt tilbud til dig!<\/p>\n<h2><b>Casino spil<\/b><\/h2>\n<p>Der findes et k\u00e6mpe udvalg af casino spil p\u00e5 nettet. Du har bl.a. mulighed for at spille p\u00e5 et hav af forskellige spilleautomater, og uanset om du foretr\u00e6kker de klassiske automater med 3 hjul og en gevinstlinje eller en topmoderne maskine med 243 forskellige gevinstmuligheder, er der masser at v\u00e6lge imellem.<\/p>\n<p>Er du mere til de traditionelle bordspil s\u00e5som roulette, black jack, baccarat eller poker? Intet problem! Stort set alle online casinoer tilbyder de kendte bordspil, og ofte ogs\u00e5 i en live version, hvor du har mulighed for at spille med levende croupiers live. Finder du danske casino o<img loading=\"lazy\" class=\"wp-image-146 alignright\" src=\"http:\/\/www.casinoonline.tf\/dk\/wp-content\/uploads\/sites\/10\/2017\/04\/Velkommen-til-Danmarks-mest-omfattende-casinoguide-2017.jpg\" width=\"208\" height=\"127\" srcset=\"https:\/\/www.casinoonline.tf\/dk\/wp-content\/uploads\/sites\/10\/2017\/04\/Velkommen-til-Danmarks-mest-omfattende-casinoguide-2017.jpg 918w, https:\/\/www.casinoonline.tf\/dk\/wp-content\/uploads\/sites\/10\/2017\/04\/Velkommen-til-Danmarks-mest-omfattende-casinoguide-2017-300x183.jpg 300w, https:\/\/www.casinoonline.tf\/dk\/wp-content\/uploads\/sites\/10\/2017\/04\/Velkommen-til-Danmarks-mest-omfattende-casinoguide-2017-768x468.jpg 768w, https:\/\/www.casinoonline.tf\/dk\/wp-content\/uploads\/sites\/10\/2017\/04\/Velkommen-til-Danmarks-mest-omfattende-casinoguide-2017-608x371.jpg 608w, https:\/\/www.casinoonline.tf\/dk\/wp-content\/uploads\/sites\/10\/2017\/04\/Velkommen-til-Danmarks-mest-omfattende-casinoguide-2017-758x462.jpg 758w\" sizes=\"(max-width: 208px) 100vw, 208px\" \/>nline, er der endda mulighed for at m\u00f8de danske croupiers ved rouletten.<\/p>\n<blockquote><p>Det giver dig en fornemmelse af at v\u00e6re p\u00e5 et rigtigt casino, uden at du beh\u00f8ves at ikl\u00e6de dig det stiveste puds for at v\u00e6re med.<\/p><\/blockquote>\n<p>Endelig er der ogs\u00e5 et hav af andre casino spil. Udvalget er s\u00e5 enormt, at det kan v\u00e6re sv\u00e6rt at beskrive. Tag i stedet et kig rundt blandt vores anmeldelser; her kan du l\u00e6se mere om casinoerne og de spil, de udbyder. Samtidig opfordrer vi dig til at klikke videre ind p\u00e5 casinoerne, s\u00e5 du selv kan se, hvilke spil der helt pr\u00e6cist tilbydes hos de enkelte casinoer.<\/p>\n<h2><b>Hvorfor spille online casino?<\/b><\/h2>\n<p>Hvor skal vi starte?! Der er masser af gode grunde til at spille casino online Danmark! F\u00f8rst og fremmest har du muligheden for at vinde b\u00e5de mange og store gevinster. Nogle af de st\u00f8rste jackpots p\u00e5 nettet l\u00f8ber op i 10.000.000 kr., og der findes masser af jackpots p\u00e5 over 1.000.000 kr. Derudover er du garanteret bunkevis af sjov og underholdning samtidig. Og hvem kan ikke lide at have det sjovt, samtidig med at man har muligheden for at vinde mange penge?!<\/p>\n<p>Derudover er det super nemt at spille casino online. Du kan sidde hjemme hos dig selv og l\u00e6re spillene at kende i fred og ro, og der er ingen, der kigger, n\u00e5r du bryder ud i vilde jubelscener efter den store gevinst er landet! <span class=\"su-highlight\" style=\"background:#ddff99;color:#000000\">&nbsp;Uanset om du spiller casino online dansk&nbsp;<\/span> eller ej, er der stort set altid danske tekster p\u00e5 casinoernes sider, og derudover tilbyder de danske samt flere udenlanske casino online dansk support. Du er s\u00e5ledes altid i gode h\u00e6nder, hvis du har sp\u00f8rgsm\u00e5l eller brug for hj\u00e6lp.<\/p>\n<p><img loading=\"lazy\" class=\"alignright size-full wp-image-148\" src=\"http:\/\/www.casinoonline.tf\/dk\/wp-content\/uploads\/sites\/10\/2017\/04\/Hvorfor-spille-online-casino.jpg\" alt=\"Hvorfor spille online casino?\" width=\"1148\" height=\"642\" srcset=\"https:\/\/www.casinoonline.tf\/dk\/wp-content\/uploads\/sites\/10\/2017\/04\/Hvorfor-spille-online-casino.jpg 1148w, https:\/\/www.casinoonline.tf\/dk\/wp-content\/uploads\/sites\/10\/2017\/04\/Hvorfor-spille-online-casino-300x168.jpg 300w, https:\/\/www.casinoonline.tf\/dk\/wp-content\/uploads\/sites\/10\/2017\/04\/Hvorfor-spille-online-casino-768x429.jpg 768w, https:\/\/www.casinoonline.tf\/dk\/wp-content\/uploads\/sites\/10\/2017\/04\/Hvorfor-spille-online-casino-1024x573.jpg 1024w, https:\/\/www.casinoonline.tf\/dk\/wp-content\/uploads\/sites\/10\/2017\/04\/Hvorfor-spille-online-casino-364x205.jpg 364w, https:\/\/www.casinoonline.tf\/dk\/wp-content\/uploads\/sites\/10\/2017\/04\/Hvorfor-spille-online-casino-608x340.jpg 608w, https:\/\/www.casinoonline.tf\/dk\/wp-content\/uploads\/sites\/10\/2017\/04\/Hvorfor-spille-online-casino-758x424.jpg 758w\" sizes=\"(max-width: 1148px) 100vw, 1148px\" \/><\/p>\n<h2><b>Ny spiller<\/b><\/h2>\n<p>Er du en spiller, der aldrig har spillet i et <a href=\"https:\/\/www.casinoonline.tf\/\">online casino USA<\/a> f\u00f8r? Synes du m\u00e5ske det kan virke lidt uoverskueligt med de mange forskellige spillemuligheder? S\u00e5 kan vi tr\u00f8ste dig med, at det faktisk er rigtig nemt og sjovt fra f\u00f8rste f\u00e6rd, hvis bare du griber det rigtigt an! Har du aldrig spillet p\u00e5 et online casino f\u00f8r, anbefaler vi dig f\u00f8rst at finde et casino, der tilbyder en god velkomstbonus. Kan du lide sp\u00e6ndingen og de store gevinster p\u00e5<a href=\"http:\/\/www.casinoonline.tf\/dk\/spillemaskiner-online\/\"> spilleautomaterne<\/a>, kan du med fordel lede efter et casino, der tilbyder dig gratis spins ved oprettelse og indbetaling. Nogle enkelte casinoer tilbyder nye spillere gratis spins eller endda gratis penge (ja, du l\u00e6ste rigtigt, GRATIS penge!) uden krav om indskud.<\/p>\n<blockquote><p>Det giver dig en god mulighed for at l\u00e6re spillene at kende, inden du laver dit f\u00f8rste indskud. Og n\u00e5r du s\u00e5 efterf\u00f8lgende laver dit f\u00f8rste indskud, vil du opleve, at der faktisk er mange FORDELE ved at v\u00e6re en ny spiller. Nu f\u00e5r du nemlig din\u2026<\/p><\/blockquote>\n<h2><b>Online casino bonus<img loading=\"lazy\" class=\"alignright size-full wp-image-149\" src=\"http:\/\/www.casinoonline.tf\/dk\/wp-content\/uploads\/sites\/10\/2017\/04\/Online-casino-bonus-danske.png\" alt=\"Online casino bonus danske\" width=\"256\" height=\"256\" srcset=\"https:\/\/www.casinoonline.tf\/dk\/wp-content\/uploads\/sites\/10\/2017\/04\/Online-casino-bonus-danske.png 256w, https:\/\/www.casinoonline.tf\/dk\/wp-content\/uploads\/sites\/10\/2017\/04\/Online-casino-bonus-danske-150x150.png 150w\" sizes=\"(max-width: 256px) 100vw, 256px\" \/><\/b><\/h2>\n<p>Som ny spiller er der rig mulighed for at finde masser af bonusser blandt casinoerne p\u00e5 nettet. Bonussen til nye spillere kaldes ofte for en velkomstbonus, og best\u00e5r som regel af en eller flere af f\u00f8lgende:<\/p>\n<ul>\n<li>Gratis penge. Her giver casinoet dig et bel\u00f8b at spille for allerede ved registrering!<\/li>\n<li>Gratis spins. Du f\u00e5r spins, som du kan bruge p\u00e5 automaterne, uden at betale for dem!<\/li>\n<li>Bonus p\u00e5 mellem 100-300%, og nogle gange endda endnu mere!<\/li>\n<\/ul>\n<p>Gratis spins og en procentbonus er typisk med i velkomstbonussen til nye spillere. Derudover kan du finde nogle s\u00e6rlige tilbud hos flere af casinoerne. Det kan f.eks. v\u00e6re, at casinoet tilbyder dig bonus p\u00e5 dine 3 f\u00f8rste indbetalinger i stedet for kun 1. Der findes massevis af tilbud blandt de forskellige casinoer. Vores guide giver dig et unikt overblik over disse tilbud, og n\u00e5r du har fundet et tilbud, du godt kan lide, er der kun \u00e9n ting at g\u00f8re\u2026<\/p>\n<h2><b>Kom i gang!<\/b><\/h2>\n<p>N\u00e5r du har fundet en god bonus p\u00e5 vores side, anbefaler vi dig at komme i gang hurtigst muligt. Bonustilbuddene \u00e6ndrer sig hele tiden, og det g\u00e6lder derfor om at f\u00e5 gjort brug af de gode bonusser, mens de stadig er aktive. Du b\u00f8r derfor ogs\u00e5 allerede nu unders\u00f8ge, om der er en eller flere store bonusser, du kan g\u00f8re brug af det samme, inden bonussen udl\u00f8ber! Grib chancen med det samme, og rigtig god forn\u00f8jelse med online casino Danmark!<\/p>\n<p>&nbsp;<\/p>\n<div id=\"g1-fluid-wrapper-counter-1\" class=\"g1-fluid-wrapper \" style=\"width:710px;\" data-g1-fluid-width=\"710\" data-g1-fluid-height=\"399\">\n<div class=\"g1-fluid-wrapper-inner\" style=\"padding-bottom:56.197183098592%;\">\n\t       <iframe loading=\"lazy\" title=\"Casino Copenhagen rundtur\" width=\"710\" height=\"399\" src=\"https:\/\/www.youtube.com\/embed\/n02E2_Cc4LM?feature=oembed\" frameborder=\"0\" allow=\"accelerometer; autoplay; clipboard-write; encrypted-media; gyroscope; picture-in-picture; web-share\" allowfullscreen><\/iframe>\n\t       <\/div>\n<\/p><\/div>\n<h3>Den \u00f8jeblikkelige liste ser s\u00e5ledes ud:<\/h3>\n<ol>\n<li>\n<h3>EU Casino<\/h3>\n<\/li>\n<\/ol>\n<ul>\n<li>F\u00e5 150 gratis spins<\/li>\n<li>Mere end 600 forskellige spil<\/li>\n<\/ul>\n<ol>\n<li>\n<h3>Casino.dk<\/h3>\n<\/li>\n<\/ol>\n<ul>\n<li>Mange ugentlige muligheder for gratis spins<\/li>\n<li>Flere store jackpots<\/li>\n<\/ul>\n<ol>\n<li>\n<h3><a href=\"http:\/\/www.casinoonline.tf\/dk\/maria-casino\/\">Maria Casino<\/a><\/h3>\n<\/li>\n<\/ol>\n<ul>\n<li>10 gratis spins uden indskud<\/li>\n<li>Sjovt tema med mange underholdende figurer<\/li>\n<\/ul>\n<ol>\n<li>\n<h3>VegasWinner<\/h3>\n<\/li>\n<\/ol>\n<ul>\n<li>Stor vinderpakke med 3 indskudsbonusser og 100 gratis spins<\/li>\n<li>L\u00e6kkert design<\/li>\n<\/ul>\n<ol>\n<li>\n<h3>888 Casino<\/h3>\n<\/li>\n<\/ol>\n<ul>\n<li>25 gratis spins uden indskud<\/li>\n<li>Spritny og tidssvarende website<\/li>\n<\/ul>\n\n<!-- WP QUADS Content Ad Plugin v. 2.0.19 -->\n<div class=\"quads-location quads-ad1\" id=\"quads-ad1\" style=\"float:none;margin:8px 0 8px 0;text-align:center;\">\n<a href=\"\/de\/go\/nomini\/\" target=\"_blank\" rel=\"nofollow\"><img src=\"https:\/\/joxi.imgsrcdata.com\/landings\/media\/banners\/Nomini\/DE_NOM_728x90.gif\"><\/a>\n<\/div>\n\n","protected":false},"excerpt":{"rendered":"<p>Leder du efter det bedste online casino p\u00e5 nettet? Eller er du p\u00e5 jagt efter en stor velkomstbonus? S\u00e5 er du kommet til det rette sted! Hos CasinoOnline.tf har vi skrevet en lang r\u00e6kke anmeldelser af de bedste, st\u00f8rste, sjoveste og mest kendte online casinoer. Vores mission er at hj\u00e6lpe dig med at finde lige [&hellip;]<\/p>\n","protected":false},"author":4,"featured_media":0,"parent":0,"menu_order":0,"comment_status":"closed","ping_status":"closed","template":"","meta":[],"_links":{"self":[{"href":"https:\/\/www.casinoonline.tf\/dk\/wp-json\/wp\/v2\/pages\/9"}],"collection":[{"href":"https:\/\/www.casinoonline.tf\/dk\/wp-json\/wp\/v2\/pages"}],"about":[{"href":"https:\/\/www.casinoonline.tf\/dk\/wp-json\/wp\/v2\/types\/page"}],"author":[{"embeddable":true,"href":"https:\/\/www.casinoonline.tf\/dk\/wp-json\/wp\/v2\/users\/4"}],"replies":[{"embeddable":true,"href":"https:\/\/www.casinoonline.tf\/dk\/wp-json\/wp\/v2\/comments?post=9"}],"version-history":[{"count":16,"href":"https:\/\/www.casinoonline.tf\/dk\/wp-json\/wp\/v2\/pages\/9\/revisions"}],"predecessor-version":[{"id":269,"href":"https:\/\/www.casinoonline.tf\/dk\/wp-json\/wp\/v2\/pages\/9\/revisions\/269"}],"wp:attachment":[{"href":"https:\/\/www.casinoonline.tf\/dk\/wp-json\/wp\/v2\/media?parent=9"}],"curies":[{"name":"wp","href":"https:\/\/api.w.org\/{rel}","templated":true}]}}