





{"id":602,"date":"2017-01-15T09:33:12","date_gmt":"2017-01-15T09:33:12","guid":{"rendered":"http:\/\/www.casinoonline.tf\/es\/?page_id=602"},"modified":"2021-01-10T07:25:03","modified_gmt":"2021-01-10T07:25:03","slug":"juego-responsable","status":"publish","type":"page","link":"https:\/\/www.casinoonline.tf\/es\/juego-responsable\/","title":{"rendered":"Juego responsable"},"content":{"rendered":"<p>Jugar por entretenimiento, diversi\u00f3n y hasta por algo de dinero extra, no tiene nada negativo. Sin embargo, es importante recordar que el jugador siempre debe practicar un juego responsable para evitar adicciones que deriven en lamentaciones y malos ratos. Recuerde que la idea, \u00a1es divertirse!<\/p>\n<p>Sin embargo, cuando ya hay ciertos signos que caracterizan al jugador, deben comenzarse a tomar medidas para caer <strong>en la trampa de la adicci\u00f3n<\/strong>. He aqu\u00ed algunos de los signos de cuando el juego deja de ser una diversi\u00f3n para convertirse en adicci\u00f3n, siendo necesario tomar acciones en caso de que se reconozca en una o varias de ellas:<\/p>\n<ul>\n<li>Rompi\u00f3 el acuerdo hecho previamente con usted mismo, en cuanto al tiempo y dinero m\u00e1ximo que iba a disponer para los juegos en l\u00ednea.<\/li>\n<li>Le molesta de manera exagerada que lo <img loading=\"lazy\" class=\"size-medium wp-image-nsm-1-387 alignright\" src=\"http:\/\/www.casinoonline.tf\/es\/wp-content\/uploads\/2016\/11\/roulette-strategy-300x103.jpg\" alt=\"Juego responsable\" width=\"300\" height=\"103\" \/>interrumpan cuando se encuentra apostando en l\u00ednea.<\/li>\n<li>Comienzan a aumentar las cantidades que ha apostado, con la \u00fanica finalidad de recuperar lo que ha perdido hasta el momento.<\/li>\n<li>Miente a su familia, amigos y allegados acerca de las pr\u00e1cticas de apuestas y juego en l\u00ednea.<\/li>\n<li>Siempre lo invade la sensaci\u00f3n de que ser\u00e1 un gran ganador que ganar\u00e1 enormes fortunas.<\/li>\n<li>Sobre pasa el l\u00edmite establecido en cuanto a la cantidad m\u00e1xima de apuesta en los juegos.<\/li>\n<li>Comienza a buscar dinero extra para seguir apostando.<\/li>\n<li>Deja de hacer actividades cotidianas familiares, laborales o personales, para destinar el tiempo a las apuestas en l\u00ednea.<\/li>\n<li>Siente ansia cuando est\u00e1 haciendo otra actividad porque piensa en las pr\u00f3ximas jornadas de apuestas en l\u00ednea.<\/li>\n<li>Si se ha reconocido en alguna de las anteriores, pero piensa que no est\u00e1 cayendo en las garras de la adicci\u00f3n.<\/li>\n<\/ul>\n<p>Si se reconoci\u00f3 en alguna de estas, es momento de reconocer que tiene un problema y comenzar a tomar acciones a su favor. H\u00e1galo antes de que sea muy tarde.<\/p>\n<h3>Ayuda por parte de los Casinos en L\u00ednea<\/h3>\n<p>Si tiene un sitio preferido donde apostar, visite la secci\u00f3n destinada para el juego responsable. Desde el mismo casino tienen la intenci\u00f3n de ayudarle, ya que el inter\u00e9s de ellos dista de hacerle pasar un mal rato.<\/p>\n<blockquote><p>Por ello, cuentan con diversas herramientas \u2013sencillas de implementar- para ayudarle a controlar el juego.<\/p><\/blockquote>\n<p>Una de las herramientas que ponen a su disposici\u00f3n es fijar el l\u00edmite de tiempo que puede estar en el sitio. De esta manera, con la informaci\u00f3n que usted les pase, ellos programar\u00e1n su cuenta para que \u00fanicamente pueda ser utilizada el tiempo por usted determinado.<\/p>\n<p>Igualmente pasa con el l\u00edmite del dinero. Al llegar al l\u00edmite por usted establecido, el sitio le indicar\u00e1 que ha alcanzado su m\u00e1ximo de apuestas por usted acordado y le ayudar\u00e1n a no seguir gastando dinero que lo pueda llevar a arrepentirse.<\/p>\n<p>Por otra parte, tambi\u00e9n tienen herramientas para limitar la cantidad de visitas por semana. De esta manera, lo ayudan a cumplir sus propias normas y ayudarle a pasar el rato agradable que todos buscan al momento de jugar y apostar en los <a href=\"http:\/\/www.casinoonline.tf\/es\/\">casinos en l\u00ednea<\/a>.<\/p>\n<h3>Otras ayudas<\/h3>\n<p>Existen tambi\u00e9n otros centros de ayuda gratuita como Jugadores An\u00f3nimos, en donde atienden el problema de las personas adictas al juego de manera discreta. Si usted siente que necesita ayuda, ha dado el primer gran paso que lo har\u00e1 no perder la oportunidad de jugar solo por diversi\u00f3n.<\/p>\n<p><strong>Internacional:<\/strong><\/p>\n<ul>\n<li>Familiares (Gam-Anon)<\/li>\n<li>Jugadores An\u00f3nimos<\/li>\n<\/ul>\n<p><strong>En Espa\u00f1a:<\/strong><\/p>\n<ul>\n<li>G.A. Jugadores An\u00f3nimos<\/li>\n<\/ul>\n<p>&nbsp;<\/p>\n","protected":false},"excerpt":{"rendered":"<p>Jugar por entretenimiento, diversi\u00f3n y hasta por algo de dinero extra, no tiene nada negativo. Sin embargo, es importante recordar que el jugador siempre debe practicar un juego responsable para evitar adicciones que deriven en lamentaciones y malos ratos. Recuerde que la idea, \u00a1es divertirse! Sin embargo, cuando ya hay ciertos signos que caracterizan al [&hellip;]<\/p>\n","protected":false},"author":1,"featured_media":0,"parent":0,"menu_order":0,"comment_status":"closed","ping_status":"closed","template":"","meta":[],"_links":{"self":[{"href":"https:\/\/www.casinoonline.tf\/es\/wp-json\/wp\/v2\/pages\/602"}],"collection":[{"href":"https:\/\/www.casinoonline.tf\/es\/wp-json\/wp\/v2\/pages"}],"about":[{"href":"https:\/\/www.casinoonline.tf\/es\/wp-json\/wp\/v2\/types\/page"}],"author":[{"embeddable":true,"href":"https:\/\/www.casinoonline.tf\/es\/wp-json\/wp\/v2\/users\/1"}],"replies":[{"embeddable":true,"href":"https:\/\/www.casinoonline.tf\/es\/wp-json\/wp\/v2\/comments?post=602"}],"version-history":[{"count":6,"href":"https:\/\/www.casinoonline.tf\/es\/wp-json\/wp\/v2\/pages\/602\/revisions"}],"predecessor-version":[{"id":874,"href":"https:\/\/www.casinoonline.tf\/es\/wp-json\/wp\/v2\/pages\/602\/revisions\/874"}],"wp:attachment":[{"href":"https:\/\/www.casinoonline.tf\/es\/wp-json\/wp\/v2\/media?parent=602"}],"curies":[{"name":"wp","href":"https:\/\/api.w.org\/{rel}","templated":true}]}}