





{"id":8,"date":"2023-08-03T21:23:04","date_gmt":"2023-08-03T21:23:04","guid":{"rendered":"http:\/\/www.casinoonline.tf\/fi\/?page_id=8"},"modified":"2023-08-07T12:27:01","modified_gmt":"2023-08-07T12:27:01","slug":"nettikasinoa-pelaamalla-lisapotkua-puurtamiseen","status":"publish","type":"page","link":"https:\/\/www.casinoonline.tf\/fi\/","title":{"rendered":"Nettikasinoa pelaamalla lis\u00e4potkua puurtamiseen"},"content":{"rendered":"<p>Mik\u00e4li kaipaat piristysruisketta el\u00e4m\u00e4\u00e4si, voivat netticasinot olla vastaus t\u00e4h\u00e4n, joko p\u00e4\u00e4voiton tai silkan kokemuksen muodossa. Ehk\u00e4 jo tied\u00e4tkin, ett\u00e4 moni suomalainen on nettikasinoilla pelaamalla voittanut jopa miljoonien eurojen potteja. Erityisesti hedelm\u00e4pelit ovat osoittautuneet juurikin hedelm\u00e4llisiksi tuottamalla miljoonavoittoja Suomeen, virkist\u00e4en n\u00e4in t\u00e4m\u00e4n pohjoisen kansan harmaata arkea.<\/p>\n<p>T\u00e4lt\u00e4 sivustolta l\u00f6yd\u00e4t hieman lis\u00e4tietoa nettikasinoiden maailmasta, kuten kasinoarvosteluja, sek\u00e4 tietoa ajankohtaisista bonuksista ja tarjouksista. Toivomme sivuston auttavan sinua l\u00f6yt\u00e4m\u00e4\u00e4n juuri sinulle sopivan online casinon, jossa voit ryhty\u00e4 niitt\u00e4m\u00e4\u00e4n huimia voittoja ja kokea pelaamisen riemua. Online peleiss\u00e4 on monia hyvi\u00e4 puolia vanhoihin rahapeleihin verrattuna, eik\u00e4 ainoana se, ett\u00e4 netticasinot tarjoavat lukemattomia erilaisia pelej\u00e4, joista voit voittaa selv\u00e4\u00e4 rahaa.<\/p>\n<p>T\u00e4st\u00e4 kuitenkin lis\u00e4\u00e4 my\u00f6hemmin, sill\u00e4 haluamme esitell\u00e4 sinulle heti k\u00e4rkeen muutaman netticasinon, joilla pelaaminen on turvallisinta \u2013 ja mik\u00e4 t\u00e4rkeint\u00e4, hauskinta.<\/p>\n<p><strong>\r\r\r\r\n\r\r\r\r\n\t<div class=\"fcrp-sctable fcrp-sctable_ver3\">\r\r\r\r\n\r\r\r\r\n\r\r\r\r\n\r\r\r\r\n               <div class=\"fcrp-sctablerow1\">\r\r\r\r\n\r\r\r\r\n                        <div class=\"fcrp-fc-col fcrp-rank-col\">Rank<\/div><div class=\"fcrp-fc-col  fcrp-site-col\" >kasino<\/div><div class=\"fcrp-fc-col fcrp-bonus-col\">Bonus<\/div><div class=\"fcrp-fc-col fcrp-rate-col\">Rating<\/div><div class=\"fcrp-fc-col fcrp-vis-col\">Visit<\/div>\r\r\r\r\n\r\r\r\r\n\r\r\r\r\n\r\r\r\r\n\t\t\t\t<\/div>\r\r\r\r\n                <div class=\"fcrp-sctablerow2\">\r\r\r\r\n\r\r\r\r\n                         <div class=\"fcrp-fc2-col fcrp-rank-col\"><span class=\"fcrp_ratecir\">1<\/span><\/div><div class=\"fcrp-fc2-col fcrp-site-col\"><a title=\"Play OJO Casino\" target=\"_blank\" rel=\"nofollow\"  href=\"https:\/\/www.casinoonline.tf\/fi\/go\/Play OJO\/\"><img width=\"167\" height=\"167\" src=\"https:\/\/www.casinoonline.tf\/fi\/wp-content\/uploads\/sites\/11\/2021\/01\/Play-OJO-Casino-Logo.jpg\" class=\"scfeat_logo wp-post-image\" alt=\"\" loading=\"lazy\" \/><\/a><\/div><div  class=\"fcrp-fc2-col fcrp-bonus-col\">\r\r\r\r\n\r\r\r\r\n\t\t\t\t\t\t\t<span class=\"fcrp_bonper\">% <\/span>\r\r\r\r\n\r\r\r\r\n\t\t\t\t\t\t\t<span class=\"fcrp_bonup\">up to<\/span>\r\r\r\r\n\r\r\r\r\n\t\t\t\t\t\t\t<span class=\"fcrp_bonamt fcrpbonus_text\"><\/span>\r\r\r\r\n\r\r\r\r\n\t\t\t\t\t\t\t<span><\/span><\/div>\r\r\r\r\n\r\r\r\r\n\t\t\t\t\t\t<div class=\"fcrp-fc2-col fcrp-rate-col\">\r\r\r\r\n\r\r\r\r\n\t\t\t\t\t\t\t<span class=\"fcrp-rate  cenrate\"><span class=\"fcrp-rate-total\" style=\"width:84%\"><\/span><\/span>\r\r\r\r\n\r\r\r\r\n                        \r\r\r\r\n\r\r\r\r\n\t\t\t\t\t\t  <\/div><div class=\"fcrp-fc2-col fcrp-vis-col\">   <span class=\"fcrp_revlink\"><a title=\"Play OJO Casino\" href=\"http:\/\/www.casinoonline.tf\/fi\/play-ojo-casino\/\" >Review<\/a><\/span>   <a target=\"_blank\" rel=\"nofollow\"  href=\"https:\/\/www.casinoonline.tf\/fi\/go\/Play OJO\/\" class=\"fcrp-button playb\"> Lunasta bonus   <\/a><\/div>\r\r\r\r\n\r\r\r\r\n                 <\/div>\r\r\r\r\n\r\r\r\r\n\r\r\r\r\n\r\r\r\r\n            \r\r\r\r\n                <div class=\"fcrp-sctablerow2\">\r\r\r\r\n\r\r\r\r\n                         <div class=\"fcrp-fc2-col fcrp-rank-col\"><span class=\"fcrp_ratecir\">2<\/span><\/div><div class=\"fcrp-fc2-col fcrp-site-col\"><a title=\"Thrills Casino\" target=\"_blank\" rel=\"nofollow\"  href=\"https:\/\/www.casinoonline.tf\/fi\/go\/thrills\/\"><img width=\"115\" height=\"115\" src=\"https:\/\/www.casinoonline.tf\/fi\/wp-content\/uploads\/sites\/11\/2021\/01\/thrills_logo.png\" class=\"scfeat_logo wp-post-image\" alt=\"\" loading=\"lazy\" \/><\/a><\/div><div  class=\"fcrp-fc2-col fcrp-bonus-col\">\r\r\r\r\n\r\r\r\r\n\t\t\t\t\t\t\t<span class=\"fcrp_bonper\">% <\/span>\r\r\r\r\n\r\r\r\r\n\t\t\t\t\t\t\t<span class=\"fcrp_bonup\">up to<\/span>\r\r\r\r\n\r\r\r\r\n\t\t\t\t\t\t\t<span class=\"fcrp_bonamt fcrpbonus_text\">\u20ac100<\/span>\r\r\r\r\n\r\r\r\r\n\t\t\t\t\t\t\t<span><\/span><\/div>\r\r\r\r\n\r\r\r\r\n\t\t\t\t\t\t<div class=\"fcrp-fc2-col fcrp-rate-col\">\r\r\r\r\n\r\r\r\r\n\t\t\t\t\t\t\t<span class=\"fcrp-rate  cenrate\"><span class=\"fcrp-rate-total\" style=\"width:100%\"><\/span><\/span>\r\r\r\r\n\r\r\r\r\n                        \r\r\r\r\n\r\r\r\r\n\t\t\t\t\t\t  <\/div><div class=\"fcrp-fc2-col fcrp-vis-col\">   <span class=\"fcrp_revlink\"><a title=\"Thrills Casino\" href=\"http:\/\/www.casinoonline.tf\/fi\/thrills-casino\/\" >Review<\/a><\/span>   <a target=\"_blank\" rel=\"nofollow\"  href=\"https:\/\/www.casinoonline.tf\/fi\/go\/thrills\/\" class=\"fcrp-button playb\"> Lunasta bonus   <\/a><\/div>\r\r\r\r\n\r\r\r\r\n                 <\/div>\r\r\r\r\n\r\r\r\r\n\r\r\r\r\n\r\r\r\r\n            \r\r\r\r\n                <div class=\"fcrp-sctablerow2\">\r\r\r\r\n\r\r\r\r\n                         <div class=\"fcrp-fc2-col fcrp-rank-col\"><span class=\"fcrp_ratecir\">3<\/span><\/div><div class=\"fcrp-fc2-col fcrp-site-col\"><a title=\"spinson\" target=\"_blank\" rel=\"nofollow\"  href=\"https:\/\/www.casinoonline.tf\/fi\/go\/spinson\/\"><img width=\"124\" height=\"82\" src=\"https:\/\/www.casinoonline.tf\/fi\/wp-content\/uploads\/sites\/11\/2023\/06\/spinson.png\" class=\"scfeat_logo wp-post-image\" alt=\"\" loading=\"lazy\" \/><\/a><\/div><div  class=\"fcrp-fc2-col fcrp-bonus-col\">\r\r\r\r\n\r\r\r\r\n\t\t\t\t\t\t\t<span class=\"fcrp_bonper\">% <\/span>\r\r\r\r\n\r\r\r\r\n\t\t\t\t\t\t\t<span class=\"fcrp_bonup\">up to<\/span>\r\r\r\r\n\r\r\r\r\n\t\t\t\t\t\t\t<span class=\"fcrp_bonamt fcrpbonus_text\"><\/span>\r\r\r\r\n\r\r\r\r\n\t\t\t\t\t\t\t<span><\/span><\/div>\r\r\r\r\n\r\r\r\r\n\t\t\t\t\t\t<div class=\"fcrp-fc2-col fcrp-rate-col\">\r\r\r\r\n\r\r\r\r\n\t\t\t\t\t\t\t<span class=\"fcrp-rate  cenrate\"><span class=\"fcrp-rate-total\" style=\"width:20%\"><\/span><\/span>\r\r\r\r\n\r\r\r\r\n                        \r\r\r\r\n\r\r\r\r\n\t\t\t\t\t\t  <\/div><div class=\"fcrp-fc2-col fcrp-vis-col\">   <span class=\"fcrp_revlink\"><a title=\"spinson\" href=\"https:\/\/www.casinoonline.tf\/fi\/spinson\/\" >Review<\/a><\/span>   <a target=\"_blank\" rel=\"nofollow\"  href=\"https:\/\/www.casinoonline.tf\/fi\/go\/spinson\/\" class=\"fcrp-button playb\"> Lunasta bonus   <\/a><\/div>\r\r\r\r\n\r\r\r\r\n                 <\/div>\r\r\r\r\n\r\r\r\r\n\r\r\r\r\n\r\r\r\r\n            \r\r\r\r\n                <div class=\"fcrp-sctablerow2\">\r\r\r\r\n\r\r\r\r\n                         <div class=\"fcrp-fc2-col fcrp-rank-col\"><span class=\"fcrp_ratecir\">4<\/span><\/div><div class=\"fcrp-fc2-col fcrp-site-col\"><a title=\"Unique Casino\" target=\"_blank\" rel=\"nofollow\"  href=\"https:\/\/www.casinoonline.tf\/fi\/go\/Unique\/\"><img width=\"300\" height=\"100\" src=\"https:\/\/www.casinoonline.tf\/fi\/wp-content\/uploads\/sites\/11\/2021\/01\/unique-casino-logo.png\" class=\"scfeat_logo wp-post-image\" alt=\"\" loading=\"lazy\" \/><\/a><\/div><div  class=\"fcrp-fc2-col fcrp-bonus-col\">\r\r\r\r\n\r\r\r\r\n\t\t\t\t\t\t\t<span class=\"fcrp_bonper\">% <\/span>\r\r\r\r\n\r\r\r\r\n\t\t\t\t\t\t\t<span class=\"fcrp_bonup\">up to<\/span>\r\r\r\r\n\r\r\r\r\n\t\t\t\t\t\t\t<span class=\"fcrp_bonamt fcrpbonus_text\">$200<\/span>\r\r\r\r\n\r\r\r\r\n\t\t\t\t\t\t\t<span><\/span><\/div>\r\r\r\r\n\r\r\r\r\n\t\t\t\t\t\t<div class=\"fcrp-fc2-col fcrp-rate-col\">\r\r\r\r\n\r\r\r\r\n\t\t\t\t\t\t\t<span class=\"fcrp-rate  cenrate\"><span class=\"fcrp-rate-total\" style=\"width:100%\"><\/span><\/span>\r\r\r\r\n\r\r\r\r\n                        \r\r\r\r\n\r\r\r\r\n\t\t\t\t\t\t  <\/div><div class=\"fcrp-fc2-col fcrp-vis-col\">   <span class=\"fcrp_revlink\"><a title=\"Unique Casino\" href=\"https:\/\/ultrapartners.com\/redirect\/id\/31095\/b\/1\/l\/52\/tp\/h\/s\/\/tm\/1\/im\/833\" >Review<\/a><\/span>   <a target=\"_blank\" rel=\"nofollow\"  href=\"https:\/\/www.casinoonline.tf\/fi\/go\/Unique\/\" class=\"fcrp-button playb\"> Lunasta bonus   <\/a><\/div>\r\r\r\r\n\r\r\r\r\n                 <\/div>\r\r\r\r\n\r\r\r\r\n\r\r\r\r\n\r\r\r\r\n            \r\r\r\r\n                <div class=\"fcrp-sctablerow2\">\r\r\r\r\n\r\r\r\r\n                         <div class=\"fcrp-fc2-col fcrp-rank-col\"><span class=\"fcrp_ratecir\">5<\/span><\/div><div class=\"fcrp-fc2-col fcrp-site-col\"><a title=\"Casino Euro\" target=\"_blank\" rel=\"nofollow\"  href=\"https:\/\/www.casinoonline.tf\/fi\/go\/CasinoEuro\/\"><img width=\"176\" height=\"37\" src=\"https:\/\/www.casinoonline.tf\/fi\/wp-content\/uploads\/sites\/11\/2017\/04\/logo-casino-euro.png\" class=\"scfeat_logo wp-post-image\" alt=\"logo-casino-euro\" loading=\"lazy\" \/><\/a><\/div><div  class=\"fcrp-fc2-col fcrp-bonus-col\">\r\r\r\r\n\r\r\r\r\n\t\t\t\t\t\t\t<span class=\"fcrp_bonper\">100% <\/span>\r\r\r\r\n\r\r\r\r\n\t\t\t\t\t\t\t<span class=\"fcrp_bonup\">up to<\/span>\r\r\r\r\n\r\r\r\r\n\t\t\t\t\t\t\t<span class=\"fcrp_bonamt fcrpbonus_text\">300<\/span>\r\r\r\r\n\r\r\r\r\n\t\t\t\t\t\t\t<span><\/span><\/div>\r\r\r\r\n\r\r\r\r\n\t\t\t\t\t\t<div class=\"fcrp-fc2-col fcrp-rate-col\">\r\r\r\r\n\r\r\r\r\n\t\t\t\t\t\t\t<span class=\"fcrp-rate  cenrate\"><span class=\"fcrp-rate-total\" style=\"width:86%\"><\/span><\/span>\r\r\r\r\n\r\r\r\r\n                        \r\r\r\r\n\r\r\r\r\n\t\t\t\t\t\t  <\/div><div class=\"fcrp-fc2-col fcrp-vis-col\">   <span class=\"fcrp_revlink\"><a title=\"Casino Euro\" href=\"\/fi\/casino-euro\" >Review<\/a><\/span>   <a target=\"_blank\" rel=\"nofollow\"  href=\"https:\/\/www.casinoonline.tf\/fi\/go\/CasinoEuro\/\" class=\"fcrp-button playb\"> Lunasta bonus   <\/a><\/div>\r\r\r\r\n\r\r\r\r\n                 <\/div>\r\r\r\r\n\r\r\r\r\n\r\r\r\r\n\r\r\r\r\n            \r\r\r\r\n\r\r\r\r\n\r\r\r\r\n\r\r\r\r\n<\/div><!--.fcrp-tablescroll--><\/strong><\/p>\n<h2>Miksi valita netticasino?<\/h2>\n<p>Yll\u00e4 oleva lista koostuu parhaista suomalaisista nettikasinoista, mik\u00e4 tarkoittaa, ett\u00e4 voit n\u00e4ill\u00e4 sivustoilla hoitaa asiointisi ja pelaamisesi suomeksi. Kannattaa tutustua hetki casinoiden sis\u00e4lt\u00f6\u00f6n ja arvosteluihin p\u00e4\u00e4tt\u00e4\u00e4ksesi sitten, mik\u00e4 online casino vaikuttaa osuvalta valinnalta omaksi pelipaikaksesi. K\u00e4yt\u00e4nn\u00f6ss\u00e4 kaikki merkitt\u00e4v\u00e4t suomalaiset nettikasinosivustot liputtavat kansainv\u00e4lisill\u00e4 nettikasinoilla pelaamisen puolesta, ja varsin hyvist\u00e4 syist\u00e4.<\/p>\n<p><img loading=\"lazy\" class=\"alignright wp-image-142 size-thumbnail\" src=\"http:\/\/www.casinoonline.tf\/fi\/wp-content\/uploads\/sites\/11\/2017\/04\/Valita-netticasino-150x150.png\" alt=\"Valita-netticasino\" width=\"150\" height=\"150\" \/><\/p>\n<p>Suurten eurooppalaisten online casinoiden k\u00e4vij\u00e4m\u00e4\u00e4r\u00e4t kun ovat aivan eri luokkaa, kuin vaikkapa kotimaisen RAY:n, mik\u00e4 puolestaan mahdollistaa pelien py\u00f6ritt\u00e4misen huomattavasti pienemm\u00e4ll\u00e4 voittomarginaalilla. T\u00e4m\u00e4 jos jokin on pelaajan etu ja ilo. Toisin sanoen kansainv\u00e4lisill\u00e4 netticasinoilla kannattaa pelata, mik\u00e4li raha tai voiton mahdollisuus on mill\u00e4\u00e4n sijalla pelaamisessasi.<\/p>\n<p>Sill\u00e4 vaikka on lottovoitto synty\u00e4 Suomeen, niin on meid\u00e4n lottomme palautusprosentti todellisuudessa vaivaiset 39,1%, tarkoittaen karkeasti, ett\u00e4 100 euron panostuksella lottokuponkeihin voi odottaa voittoa vain vajaat 40 euroa. Ei siis lopultakaan hirvitt\u00e4v\u00e4n kannattava kauppa. Ja vaikka RAY tekeekin lahjoituksillaan paljon hyv\u00e4\u00e4, niin on n\u00e4ill\u00e4 hyv\u00e4ntekev\u00e4isyyden osuuksilla suuri merkitys pelaajien voittomahdollisuuksiin, ja valitettavasti pienent\u00e4v\u00e4ss\u00e4 m\u00e4\u00e4rin.<\/p>\n<p>Yhdysvalloissa online-kasinot ovat yh\u00e4 suositumpia. Tarjolla on monenlaisia pelej\u00e4, kuten kolikkopelej\u00e4, pokeria, blackjackia ja rulettia, ja ne tarjoavat viihdett\u00e4 suoraan kotona. Online-rahapelien lait ja m\u00e4\u00e4r\u00e4ykset vaihtelevat osavaltioittain, joten on t\u00e4rke\u00e4\u00e4 valita luotettava ja lisensoitu alusta. Lis\u00e4tietoja ja parhaiden online-kasinoiden l\u00f6yt\u00e4mist\u00e4 Yhdysvalloissa varten, vieraile <a href=\"https:\/\/www.casinoonline.tf\/\" target=\"_blank\" rel=\"noopener\">t\u00e4\u00e4ll\u00e4<\/a>. Jos etsit tietoa talletuksettomista bonuksista, <a href=\"https:\/\/www.casinoonline.tf\/no-deposit-bonus\/\" target=\"_blank\" rel=\"noopener\">klikkaa t\u00e4st\u00e4<\/a>.<\/p>\n<p>T\u00e4ss\u00e4 onkin yksi kansainv\u00e4listen netticasinoiden valttikortti, johon kannattaa suomalaistenkin tarttua. <a href=\"http:\/\/www.casinoonline.tf\/fi\/jackpot-city\/\">Voittomahdollisuudet online casinoilla<\/a> n\u00e4et ovat aivan huippuluokkaa. Yksi viimeisimmist\u00e4 Suomeen osuneista megapoteista kirposi Mega Fortune-hedelm\u00e4pelist\u00e4 \u2013 t\u00e4ll\u00e4 er\u00e4\u00e4 huimat 17,8 miljoonaa euroa. Mahtaisitko sin\u00e4 hymyill\u00e4 hieman leve\u00e4mmin moisen summan netiss\u00e4 pelaamalla tienattuasi?<\/p>\n<h2>L\u00f6yd\u00e4 lukemattomista online casinoista oma voittajasi<\/h2>\n<p>Verkossa pelaaminen, ja toimiminen muutoinkin, on lis\u00e4\u00e4ntynyt massiivisesti teknologian kehityksen my\u00f6t\u00e4. T\u00e4m\u00e4 on johtanut l\u00e4ht\u00f6kohtaisesti t\u00e4ysin uusiin mahdollisuuksiin my\u00f6s kuluttajan n\u00e4k\u00f6kulmasta, kun kilpailu on muuttanut muotoaan ja nykyisin uusia vaihtoehtoja vaikuttaa putkahtelevan esiin, kuin sieni\u00e4 sateella. Onneksi t\u00e4m\u00e4 p\u00e4tee my\u00f6s nettikasinoihin.<\/p>\n<p>Ensinn\u00e4kin vaihtoehtoja on m\u00e4\u00e4r\u00e4tt\u00f6m\u00e4sti, kun kourallinen suuria pelivalmistajia tarjoaa tuotoksiaan verkossa eri casinosivustoilla. Toisekseen automatisoidut ohjelmistot eiv\u00e4t vaadi online casinoiden omistajilta palkkaa ja muita luontaisetuja, joten nettipelien yll\u00e4pit\u00e4minen ei vaadi yht\u00e4 paljon p\u00e4\u00e4omaa, kuin perinteiset peliluolat.<\/p>\n<p>Ja kun pid\u00e4mme mieless\u00e4 online casinoiden p\u00e4\u00e4t\u00e4 huimaavat pelaajam\u00e4\u00e4r\u00e4t, niin j\u00e4\u00e4 tarkasteltavaksemme yht\u00e4l\u00f6, jossa pelifirmoilla on mahdollisuus py\u00f6ritt\u00e4\u00e4 voittoa tuottavaa toimintaa pienin kattein \u2013 mik\u00e4 taasen johtaa siihen, ett\u00e4 juuri sinulla on mahdollisuus jahdata isoja voittoja oikein olan takaa. Sek\u00e4 viel\u00e4p\u00e4 valita mill\u00e4 sivustolla sen teet, ja mink\u00e4 pelin parissa.<\/p>\n<p>Parhaat netticasinot palkitsevat pelaajiaan muillakin tavoin kuin voitoin erilaisilla rahanarvoisilla eduilla, esimerkiksi antamalla ilmaista pelirahaa, ilmaiskierroksia, bonuksia ja tuotepalkintoja. Muun muassa yll\u00e4 listalla mainitsemamme SpinStation tarjoaa yhteens\u00e4 huiman 3000 \u20ac bonuksen ja t\u00e4m\u00e4n p\u00e4\u00e4lle viel\u00e4 100 bonuskierrosta. Sir Jackpotissa puolestaan tervetuliaispaketti on arvoltaan 1000 \u20ac ja lis\u00e4ksi saat 150 ilmaiskierrosta. Kotimainen Finlandia Casino taasen avaa pelin tarjoamalla 300 \u20ac bonuspaketin.<\/p>\n<p>Yht\u00e4 lailla esimerkiksi Euroopan suurin online casino, Casino Euro, tarjoaa mahdollisuuden isoihin verovapaisiin rahavoittoihin luotettavasti. Ja my\u00f6s mainoksista tuttu MrGreen on uuden polven netticasino, vaikka onkin tehnyt itse\u00e4\u00e4n meille tutuksi jo muutaman vuoden ajan. Monet parhaista casinoista ovat my\u00f6s uusia, kuten listallamme keikaroiva, mainittu LeoVegas. Pid\u00e4 siis silm\u00e4si auki ja saatat pelionnen lis\u00e4ksi saada osaksesi muita voitokkaita lis\u00e4t\u00e4kyj\u00e4.<\/p>\n<h2>Miten l\u00f6yt\u00e4\u00e4 oikea peli valitsemallaan casinolla<\/h2>\n<h2><img loading=\"lazy\" class=\"wp-image-182 size-thumbnail alignleft\" src=\"http:\/\/www.casinoonline.tf\/fi\/wp-content\/uploads\/sites\/11\/2017\/04\/slots-150x150.png\" alt=\"OnlineCasinoilla\" width=\"150\" height=\"150\" \/><\/h2>\n<p>Kaikki casino pelit eiv\u00e4t kuitenkaan ole suosittuja ainoastaan isojen voittojensa ansiosta, vaan toisinaan puhtaasti itse pelikokemus vet\u00e4\u00e4 pelaajia puoleensa kerta toisen j\u00e4lkeen. Esimerkkin\u00e4 t\u00e4m\u00e4n hetkinen suosikki, Starburst-hedelm\u00e4peli, joka vieh\u00e4tt\u00e4\u00e4 niin Suomessa kuin maailmalla. Suosittelemmekin kokeilemaan sen taikaa. Paras netticasino sen pelaamiseen on Redbet, joka sekin tarjoaa jopa 1000 euron talletusbonuksen, sek\u00e4 ilmaisia kierroksia Starburstiin, Gonzo\u2019s Questiin ja Twin Spiniin.<\/p>\n<p>Legendaarinen ruletti on luonnollisesti klassikko uhkapelien joukossa. Ruletti on yksinkertainen peli, joka ei vaadi varsinaisesti mink\u00e4\u00e4nlaista taitoa pelaajaltaan. T\u00e4m\u00e4 siksi, ett\u00e4 matemaattisesti ajatellen jokainen voittolinja tuottaa saman palautuksen panoksellesi. Siin\u00e4 on kuitenkin kaikessa yksinkertaisuudessaan oma vieh\u00e4tyksens\u00e4 ja salaper\u00e4ist\u00e4 symboliikkaa. CasinoEuro tarjoaa kokeiltavaksesi Mini Ruletin, joka saattaa tarjota sinulle suuriakin voittoja, mik\u00e4li et anna sen hieman alkeellisen ulkon\u00e4\u00f6n pett\u00e4\u00e4.<\/p>\n<div class=\"su-quote su-quote-style-default\"><div class=\"su-quote-inner su-clearfix\">Hedelm\u00e4pelit taasen ovat kaikkein kehittyneimpi\u00e4 online pelej\u00e4, sill\u00e4 netticasinot ovat panostaneet rahallisesti juuri niiden kehitt\u00e4miseen kaikkein eniten. T\u00e4m\u00e4n ansioista hedelm\u00e4pelit sis\u00e4lt\u00e4v\u00e4t paljon ominaisuuksia, grafiikkaa, sek\u00e4 j\u00e4nnityst\u00e4. Sek\u00e4 silmitt\u00f6m\u00e4n suuria potteja, kuten aiemmin mainitsemamme suomalaismiehen Mega Fortune-voitto.<\/div><\/div>\n<p>Jos kiikarissasi on satunnaisen j\u00e4ttipotin sijaan erikoistua aina ammattilaistasolle asti, ovat nettipokeri ja vedonly\u00f6nti mahdollisesti parhaat valinnat tienata pelaamisella. Vedonly\u00f6nti on jatkuvasti kasvava ala, ja uusia lajeja ja kohteita tulee koko ajan lis\u00e4\u00e4. Nykyteknologian avulla vetojen ly\u00f6minen on lis\u00e4ksi todella tehokasta ja helppoa.<\/p>\n<p>Ylivoimaisesti suosituin pokerin pelimuoto on Texas Hold\u2019em, mutta valinnanvaraa riitt\u00e4\u00e4 ja pokerihuoneista l\u00f6yt\u00e4\u00e4 varmasti itselleen sopivan tason \u2013 olipa sitten vasta aloittelemassa uraansa nettipokerin parissa, tai jo karaistunut ammattilainen. Pokeria voi pelata joko ilmaiseksi leikkirahalla tai oikeilla rahapanoksilla. Ilmaispelit toimivat kuitenkin l\u00e4hinn\u00e4 peliohjelmistoon tutustumisessa, sill\u00e4 oikealla rahalla pelattu nettipokeri eroaa leikkirahapeleist\u00e4 huomattavasti.<\/p>\n<h2>Old and new online casinos<\/h2>\n<div class=\"su-tabs su-tabs-style-default\" data-active=\"1\"><div class=\"su-tabs-nav\"><span class=\"\" data-url=\"\" data-target=\"blank\">Spinstation<\/span><span class=\"\" data-url=\"\" data-target=\"blank\">Sir Jackpot<\/span><span class=\"\" data-url=\"\" data-target=\"blank\">Leo Vegas<\/span><span class=\"\" data-url=\"\" data-target=\"blank\">CasinoEuro<\/span><span class=\"\" data-url=\"\" data-target=\"blank\">Finlandia Casino\u2028<\/span><\/div><div class=\"su-tabs-panes\"><div class=\"su-tabs-pane su-clearfix\">\n<ul>\n<li>J\u00e4ttim\u00e4inen bonus<\/li>\n<li>Huikea pelivalikoima<\/li>\n<\/ul>\n<\/div>\n<div class=\"su-tabs-pane su-clearfix\">\n<ul>\n<li>Helppo kasino kaikille<\/li>\n<li>Tuntuva bonustarjous<\/li>\n<\/ul>\n<\/div>\n<div class=\"su-tabs-pane su-clearfix\">\n<ul>\n<li>Talletusbonuksessa etuja jopa 700\u20ac<\/li>\n<li>Netin paras mobiilicasino<\/li>\n<\/ul>\n<\/div>\n<div class=\"su-tabs-pane su-clearfix\">\n<ul>\n<li>Euroopan suurin online casino<\/li>\n<li>Netin suurimmat j\u00e4ttipotit<\/li>\n<\/ul>\n<\/div>\n<div class=\"su-tabs-pane su-clearfix\">\n<ul>\n<li>Suomalainen netticasino<\/li>\n<li>Entist\u00e4 parempi bonuspaketti<\/li>\n<\/ul>\n<\/div><\/div><\/div>\n<h2>Valitse sopiva netticasino \u2013 ilmaista pelirahaa<\/h2>\n<p>Kuten aina, verkossa kannattaa tehd\u00e4 hieman tutkimusty\u00f6t\u00e4 ja valita juuri se casino online ja peli, josta itse pit\u00e4\u00e4. Onhan loppujen lopuksi kyse huvista, joten miksi tuhlata aikaansa sellaisen pelin parissa, joka ei s\u00e4v\u00e4yt\u00e4. Kaikkein perinteisimmist\u00e4kin peleist\u00e4, kuten blackjack, on l\u00e4j\u00e4p\u00e4in erilaisia variaatioita, joissa kussakin on hieman erilaiset omat s\u00e4\u00e4nt\u00f6ns\u00e4 ja voittonsa.<img loading=\"lazy\" class=\"alignright wp-image-149 size-thumbnail\" src=\"http:\/\/www.casinoonline.tf\/fi\/wp-content\/uploads\/sites\/11\/2017\/04\/sopiva-netticasino-150x150.png\" alt=\"sopiva netticasino\" width=\"150\" height=\"150\" \/><\/p>\n<p>Mik\u00e4li haluat tutustua kattavasti mahdollisimman moneen peliin kerralla, niin tarjoaa monelle tuttu Betsson valikoimaltaan maailman laajimmat online casino pelit. Betssonin valikoimaan kuuluu muiden muassa ruletti, blackjack, pokeri, videopelit, kolikkopelit, bingo, raaputusarvat jne. Ja t\u00e4m\u00e4n kruunatakseen he my\u00f6nt\u00e4v\u00e4t kaikkiin eri online peleihin pelikohtaiset bonukset. Jos taas seuraat mieluummin trendien liikkeit\u00e4, niin esimerkiksi LeoVegas ja Casumo ovat t\u00e4ll\u00e4 hetkell\u00e4 kuuminta kuumaa netin rahapelisivustojen saralla.<\/p>\n<span class=\"su-highlight\" style=\"background:#ddff99;color:#000000\">&nbsp;Toivotamme menestyksekk\u00e4it\u00e4 hetki\u00e4 valitsemallasi nettikasinolla, olkoon onnetar sinulle suosiollinen!&nbsp;<\/span>\n","protected":false},"excerpt":{"rendered":"<p>Mik\u00e4li kaipaat piristysruisketta el\u00e4m\u00e4\u00e4si, voivat netticasinot olla vastaus t\u00e4h\u00e4n, joko p\u00e4\u00e4voiton tai silkan kokemuksen muodossa. Ehk\u00e4 jo tied\u00e4tkin, ett\u00e4 moni suomalainen on nettikasinoilla pelaamalla voittanut jopa miljoonien eurojen potteja. Erityisesti hedelm\u00e4pelit ovat osoittautuneet juurikin hedelm\u00e4llisiksi tuottamalla miljoonavoittoja Suomeen, virkist\u00e4en n\u00e4in t\u00e4m\u00e4n pohjoisen kansan harmaata arkea. T\u00e4lt\u00e4 sivustolta l\u00f6yd\u00e4t hieman lis\u00e4tietoa nettikasinoiden maailmasta, kuten kasinoarvosteluja, sek\u00e4 [&hellip;]<\/p>\n","protected":false},"author":4,"featured_media":0,"parent":0,"menu_order":0,"comment_status":"closed","ping_status":"closed","template":"","meta":[],"_links":{"self":[{"href":"https:\/\/www.casinoonline.tf\/fi\/wp-json\/wp\/v2\/pages\/8"}],"collection":[{"href":"https:\/\/www.casinoonline.tf\/fi\/wp-json\/wp\/v2\/pages"}],"about":[{"href":"https:\/\/www.casinoonline.tf\/fi\/wp-json\/wp\/v2\/types\/page"}],"author":[{"embeddable":true,"href":"https:\/\/www.casinoonline.tf\/fi\/wp-json\/wp\/v2\/users\/4"}],"replies":[{"embeddable":true,"href":"https:\/\/www.casinoonline.tf\/fi\/wp-json\/wp\/v2\/comments?post=8"}],"version-history":[{"count":21,"href":"https:\/\/www.casinoonline.tf\/fi\/wp-json\/wp\/v2\/pages\/8\/revisions"}],"predecessor-version":[{"id":426,"href":"https:\/\/www.casinoonline.tf\/fi\/wp-json\/wp\/v2\/pages\/8\/revisions\/426"}],"wp:attachment":[{"href":"https:\/\/www.casinoonline.tf\/fi\/wp-json\/wp\/v2\/media?parent=8"}],"curies":[{"name":"wp","href":"https:\/\/api.w.org\/{rel}","templated":true}]}}