





{"id":9,"date":"2020-11-28T11:21:24","date_gmt":"2020-11-28T11:21:24","guid":{"rendered":"http:\/\/www.casinoonline.tf\/no\/?page_id=9"},"modified":"2020-11-29T13:19:22","modified_gmt":"2020-11-29T13:19:22","slug":"casino-guide-av-norske-spillere-for-norske-spillere","status":"publish","type":"page","link":"https:\/\/www.casinoonline.tf\/no\/","title":{"rendered":"Casino guide &#8211; av norske spillere &#8211; for norske spillere"},"content":{"rendered":"<p>Velkommen til v\u00e5r guide hvor du finner all den informasjonen du trenger for \u00e5 kunne spille casino online. Denne nettsiden er laget for nordmenn, og det betyr at det er de norske bonusene, og informasjon for det norske markedet du finner her. Online casinoer finnes det mange av, og vi guider deg gjennom jungelen av tilbud hos online casinoer, eller nettcasinoer om du vil. Vi gir deg i tillegg til de beste casino bonusene p\u00e5 nett ogs\u00e5 en omfattende omtale av de beste online casino tilbudene som finnes for det norske markedet i 2021.<img loading=\"lazy\" class=\"alignright size-full wp-image-145\" src=\"http:\/\/www.casinoonline.tf\/no\/wp-content\/uploads\/sites\/12\/2017\/05\/Norske-Spillere-2017.png\" alt=\"Norske Spillere casino\" width=\"128\" height=\"128\" srcset=\"https:\/\/www.casinoonline.tf\/no\/wp-content\/uploads\/sites\/12\/2017\/05\/Norske-Spillere-2017.png 256w, https:\/\/www.casinoonline.tf\/no\/wp-content\/uploads\/sites\/12\/2017\/05\/Norske-Spillere-2017-150x150.png 150w\" sizes=\"(max-width: 128px) 100vw, 128px\" \/><\/p>\n<h2>Spill p\u00e5 online casino<\/h2>\n<p>Er du i Norge og \u00f8nsker \u00e5 spille p\u00e5 casino s\u00e5 er online casinos nesten den eneste muligheten du har, da spilleautomater og landbasert casino er forbudt ved lov i Norge. <span class=\"su-highlight\" style=\"background:#ffdc99;color:#000000\">&nbsp;Nettcasinoer er derimot sv\u00e6rt tilgjengelige&nbsp;<\/span>, og ikke minst veldig intuitive, slik at det ogs\u00e5 er lett for nybegynnere \u00e5 spille. Forkunnskap trenger du ikke \u00e5 ha, men har du sp\u00f8rsm\u00e5l s\u00e5 har du kundeservice lett tilgjengelig, og ogs\u00e5 spilleregler og annen informasjon p\u00e5 nettsidene.<\/p>\n<div class=\"su-quote su-quote-style-default\"><div class=\"su-quote-inner su-clearfix\"><em><strong>Vi gir deg selvf\u00f8lgelig ogs\u00e5 all den informasjonen som du skulle tenkes trenge for \u00e5 spille online casino games p\u00e5 noen av v\u00e5re casinoer.<\/strong><\/em><\/div><\/div>\n<h3>Velkomstbonus<\/h3>\n<p>En stor fordel med \u00e5 spille p\u00e5 nett er at du f\u00e5r velkomstbonus som ny spiller hos de aller fleste casinoene. Dette f\u00e5r man ikke p\u00e5 landbaserte casino, s\u00e5 p\u00e5 nett s\u00e5 f\u00e5r man alts\u00e5 mer for pengene. Vi er ogs\u00e5 her for \u00e5 guide deg til det beste online casino for deg, med bonuser, kundeservice, type spill og hva ellers det er du foretrekker. Vet du ikke hva slags spill du \u00f8nsker \u00e5 spille s\u00e5 er det ogs\u00e5 hos mange casinoer mulighet for \u00e5 pr\u00f8ve spillene f\u00f8r du setter inn egne penger, slik at du kan gj\u00f8re deg kjent p\u00e5 nettsidene f\u00f8r du begynner \u00e5 spille p\u00e5 ordentlig.<\/p>\n<h3>Velg riktig online casino<\/h3>\n<p>Vi hjelper deg med \u00e5 velge riktig online casino, blant annet gjennom v\u00e5re \u00e6rlige omtaler. Vi har pr\u00f8vd alle casinoene i listen, og deler v\u00e5re erfaringer med deg. Du kan v\u00e6re trygg p\u00e5 at disse casino omtalene er \u00e6rlige og oppriktige, og at vi har gjort en grundig unders\u00f8kelse for \u00e5 finne det nettcasino med aller best online casino bonus. For \u00e5 finne den beste bonus s\u00e5 ser vi nemlig ikke bare p\u00e5 det totale bel\u00f8pet, men ogs\u00e5 p\u00e5 reglene og kravene som er knyttet til bonusen. Dette for at du ikke skal m\u00e5tte lese side opp og ned med bonusvilk\u00e5r.<\/p>\n<h4>Casino bonus<\/h4>\n<p>N\u00e6r sagt alle casinoer tilbyr en eller flere bonuser til nye spillere. Dette er vel og bra, men setter du deg ikke inn i reglene for disse bonusene s\u00e5 kan du g\u00e5 p\u00e5 en smell. For \u00e5 gj\u00f8re det lettere for deg s\u00e5 har vi gjort denne jobben for deg, og i v\u00e5re omtaler s\u00e5 finner du all den informasjonen du trenger for \u00e5 velge riktig bonus for deg.<\/p>\n<blockquote><p>Vil du ha et stort bel\u00f8p i bonus, eller vil du ha mange free spins ? Dette er opp til deg, og det finnes helt sikkert en bonus som passer akkurat til dine \u00f8nsker.<\/p><\/blockquote>\n<p>Det som uansett er viktig \u00e5 f\u00e5 med seg n\u00e5r du velger en innskuddsbonus er reglene. Hva er maks utbetaling p\u00e5 en bonus, og hvor mange<a href=\"http:\/\/www.casinoonline.tf\/no\/free-spins\/\"> free spins<\/a> f\u00e5r du av gangen? Blir alt utbetalt med en gang, eller fordelt over flere dager eller innskudd? All denne informasjonen finner du i v\u00e5re casino omtaler, s\u00e5 pass p\u00e5 at du leser disse f\u00f8r du registrerer deg, og benytt ogs\u00e5 v\u00e5r link for \u00e5 melde deg p\u00e5, slik at du er sikret det aller beste tilbudet.<img loading=\"lazy\" class=\"alignright size-full wp-image-147\" src=\"http:\/\/www.casinoonline.tf\/no\/wp-content\/uploads\/sites\/12\/2017\/05\/Spill-pa\u030a-online-casino.png\" alt=\"Spill pa\u030a online casino\" width=\"128\" height=\"128\" srcset=\"https:\/\/www.casinoonline.tf\/no\/wp-content\/uploads\/sites\/12\/2017\/05\/Spill-pa\u030a-online-casino.png 256w, https:\/\/www.casinoonline.tf\/no\/wp-content\/uploads\/sites\/12\/2017\/05\/Spill-pa\u030a-online-casino-150x150.png 150w\" sizes=\"(max-width: 128px) 100vw, 128px\" \/><\/p>\n<h4>Omsetningskrav<\/h4>\n<p>Et omsetningskrav, eller et bonuskrav, er regler for hvor mye du m\u00e5 spille for \u00e5 kunne ta ut pengene du f\u00e5r i bonus. Et online casino gir deg som regel ikke penger <strong>som du direkte kan ta ut<\/strong>, men det kreves at du ogs\u00e5 omsetter <span class=\"su-highlight\" style=\"background:#ffdc99;color:#000000\">&nbsp;pengene noen ganger f\u00f8r de blir frigjort for uttak&nbsp;<\/span>. Ogs\u00e5 her er det store forskjeller mellom casinoer. Noen krever at du omsetter bonuspengene 35 ganger, andre casinoer krever at du omsetter b\u00e5de innskuddet og bonusen 20 ganger.<\/p>\n<p>\u00c5 omsette betyr derimot ikke \u00e5 tape. Dersom du spiller p\u00e5 en<a href=\"http:\/\/www.casinoonline.tf\/no\/spilleautomater\/\"> spilleautomat<\/a> for 10 kroner for hvert spinn s\u00e5 omsetter du 10 kroner hver gang du klikker p\u00e5 spinn knappen. Dette er uavhengig av hva resultatet p\u00e5 spinnet blir. Uansett om du ikke vinner noe p\u00e5 spinnet, eller om du vinner 2000 kroner, s\u00e5 har du uansett omsatt 10 kroner, og det er dette som teller ned mot omsetningskravet ditt.<\/p>\n<h4>Betalingsmetoder<\/h4>\n<p>Betalingsmetoder for b\u00e5de innskudd og uttak er en viktig del av ethvert online casino, og i v\u00e5re omtaler s\u00e5 finner du i tillegg til informasjon om spill, bonuser, omsetningskrav, kundeservice og mer, ogs\u00e5 en forklaring av betalingsmetoder som er tilgjengelige og hvordan de fungerer.<\/p>\n<blockquote><p>N\u00e5r man gj\u00f8r et innskudd til et nettcasino s\u00e5 er det viktig at man velger riktig metode, da den metoden man velger ogs\u00e5 vil p\u00e5virke hvilke betalingsmetoder man s\u00e5 kan benytte for uttak.<img loading=\"lazy\" class=\"alignright size-medium wp-image-146\" src=\"http:\/\/www.casinoonline.tf\/no\/wp-content\/uploads\/sites\/12\/2017\/05\/pr\u00f8vd-alle-casinoene-i-listen-300x191.jpg\" width=\"300\" height=\"191\" srcset=\"https:\/\/www.casinoonline.tf\/no\/wp-content\/uploads\/sites\/12\/2017\/05\/pr\u00f8vd-alle-casinoene-i-listen-300x191.jpg 300w, https:\/\/www.casinoonline.tf\/no\/wp-content\/uploads\/sites\/12\/2017\/05\/pr\u00f8vd-alle-casinoene-i-listen.jpg 546w\" sizes=\"(max-width: 300px) 100vw, 300px\" \/><\/p><\/blockquote>\n<p>Som hovedregel s\u00e5 skal uttak gj\u00f8res tilbake til den samme betalingsmetode som ble benyttet for innskudd, slik at dersom du setter <strong>inn penger fra din Skrill konto<\/strong>, s\u00e5 m\u00e5 ogs\u00e5 pengene tas ut til den samme metoden. Noen casinoer tar ogs\u00e5 en avgift for innskudd, og dette er det viktig \u00e5 v\u00e6re oppmerksom p\u00e5. Noter ogs\u00e5 at innskudd med bankoverf\u00f8ring for norske casino spillere kan ta opptil hele 3 dager f\u00f8r penge n\u00e5r spillkontoen.<\/p>\n<h2>Beste online casino 2021<\/h2>\n<div class=\"su-tabs su-tabs-style-default\" data-active=\"1\"><div class=\"su-tabs-nav\"><span class=\"\" data-url=\"\" data-target=\"blank\">Nordicbet<\/span><span class=\"\" data-url=\"\" data-target=\"blank\">Rizk<\/span><span class=\"\" data-url=\"\" data-target=\"blank\">Thrills<\/span><span class=\"\" data-url=\"\" data-target=\"blank\">LeoVegas\u2028<\/span><span class=\"\" data-url=\"\" data-target=\"blank\">Mobilautomaten<\/span><\/div><div class=\"su-tabs-panes\"><div class=\"su-tabs-pane su-clearfix\">\n<ul>\n<li>Over 850 forskjellige spill Nordicbet<\/li>\n<li>20 free spins uten krav om innskudd<\/li>\n<\/ul>\n<\/div>\n<div class=\"su-tabs-pane su-clearfix\">\n<ul>\n<li>Flotte premier i Weel of Rizk<\/li>\n<li>Utmerket velkomsttilbud<\/li>\n<\/ul>\n<\/div>\n<div class=\"su-tabs-pane su-clearfix\">\n<ul>\n<li>Opptil 16,000 kroner i bonus<\/li>\n<li>Over 700 spilleautomater<\/li>\n<\/ul>\n<\/div>\n<div class=\"su-tabs-pane su-clearfix\">\n<ul>\n<li>Opptil 40,000 kroner i velkomsttilbud<\/li>\n<li>Mer enn 630 spilleautomater,\u00a0Norsk lipping langoddsen<\/li>\n<\/ul>\n<\/div>\n<div class=\"su-tabs-pane su-clearfix\">\n<ul>\n<li>Bonus p\u00e5 hvert innskudd<\/li>\n<li>Enkel nettside og app<\/li>\n<\/ul>\n<\/div><\/div><\/div>\n<p><img loading=\"lazy\" class=\"alignright size-medium wp-image-148\" src=\"http:\/\/www.casinoonline.tf\/no\/wp-content\/uploads\/sites\/12\/2017\/05\/Vi-hjelper-deg-med-a\u030a-velge-riktig-online-casino-roulette-300x176.jpg\" alt=\"Vi hjelper deg med \u00e5 velge riktig online casino roulette\" width=\"300\" height=\"176\" srcset=\"https:\/\/www.casinoonline.tf\/no\/wp-content\/uploads\/sites\/12\/2017\/05\/Vi-hjelper-deg-med-a\u030a-velge-riktig-online-casino-roulette-300x176.jpg 300w, https:\/\/www.casinoonline.tf\/no\/wp-content\/uploads\/sites\/12\/2017\/05\/Vi-hjelper-deg-med-a\u030a-velge-riktig-online-casino-roulette-768x452.jpg 768w, https:\/\/www.casinoonline.tf\/no\/wp-content\/uploads\/sites\/12\/2017\/05\/Vi-hjelper-deg-med-a\u030a-velge-riktig-online-casino-roulette-608x357.jpg 608w, https:\/\/www.casinoonline.tf\/no\/wp-content\/uploads\/sites\/12\/2017\/05\/Vi-hjelper-deg-med-a\u030a-velge-riktig-online-casino-roulette-758x446.jpg 758w, https:\/\/www.casinoonline.tf\/no\/wp-content\/uploads\/sites\/12\/2017\/05\/Vi-hjelper-deg-med-a\u030a-velge-riktig-online-casino-roulette.jpg 864w\" sizes=\"(max-width: 300px) 100vw, 300px\" \/><br \/>\nUttak er jo den delen av casinospill som er den mest interessante, da vi gjerne spiller for \u00e5 vinne! Det kan l\u00f8nne seg \u00e5 sjekke uttaksmetoder og prosedyrer rundt dette f\u00f8r du gj\u00f8r et innskudd, slik at du vet at du enkelt og greit kan f\u00e5 ut pengene dine n\u00e5r du vinner. Eller les v\u00e5re omtaler, da vi allerede har gjort denne jobben for deg!<\/p>\n<p>&nbsp;<\/p>\n\n","protected":false},"excerpt":{"rendered":"<p>Velkommen til v\u00e5r guide hvor du finner all den informasjonen du trenger for \u00e5 kunne spille casino online. Denne nettsiden er laget for nordmenn, og det betyr at det er de norske bonusene, og informasjon for det norske markedet du finner her. Online casinoer finnes det mange av, og vi guider deg gjennom jungelen av [&hellip;]<\/p>\n","protected":false},"author":1,"featured_media":1,"parent":0,"menu_order":0,"comment_status":"closed","ping_status":"closed","template":"","meta":[],"_links":{"self":[{"href":"https:\/\/www.casinoonline.tf\/no\/wp-json\/wp\/v2\/pages\/9"}],"collection":[{"href":"https:\/\/www.casinoonline.tf\/no\/wp-json\/wp\/v2\/pages"}],"about":[{"href":"https:\/\/www.casinoonline.tf\/no\/wp-json\/wp\/v2\/types\/page"}],"author":[{"embeddable":true,"href":"https:\/\/www.casinoonline.tf\/no\/wp-json\/wp\/v2\/users\/1"}],"replies":[{"embeddable":true,"href":"https:\/\/www.casinoonline.tf\/no\/wp-json\/wp\/v2\/comments?post=9"}],"version-history":[{"count":16,"href":"https:\/\/www.casinoonline.tf\/no\/wp-json\/wp\/v2\/pages\/9\/revisions"}],"predecessor-version":[{"id":207,"href":"https:\/\/www.casinoonline.tf\/no\/wp-json\/wp\/v2\/pages\/9\/revisions\/207"}],"wp:featuredmedia":[{"embeddable":true,"href":"https:\/\/www.casinoonline.tf\/no\/wp-json\/"}],"wp:attachment":[{"href":"https:\/\/www.casinoonline.tf\/no\/wp-json\/wp\/v2\/media?parent=9"}],"curies":[{"name":"wp","href":"https:\/\/api.w.org\/{rel}","templated":true}]}}