





{"id":130,"date":"2016-01-15T13:42:53","date_gmt":"2016-01-15T13:42:53","guid":{"rendered":"http:\/\/www.casinoonline.tf\/se\/?page_id=130"},"modified":"2021-01-10T07:33:17","modified_gmt":"2021-01-10T07:33:17","slug":"responsible-gambling","status":"publish","type":"page","link":"https:\/\/www.casinoonline.tf\/se\/responsible-gambling\/","title":{"rendered":"Spela ansvarsfullt"},"content":{"rendered":"<p>Ett smygande spelberoende kan vara sv\u00e5rt att uppt\u00e4cka i b\u00f6rjan. Varningssignalerna ger sig oftast inte tillk\u00e4nna p\u00e5 ett klart och tydligt s\u00e4tt s\u00e5 det g\u00e4ller att vara uppm\u00e4rksam. K\u00e4nner du ett konstant behov av att spela? Har du sv\u00e5rt att kontrollera lusten att spela om pengar? Ett spelberoende skiljer sig inte s\u00e4rskilt mycket \u00e5t fr\u00e5n andra typer av beroenden, som till exempel drogmissbruk och alkoholism. I den h\u00e4r artikeln kan du l\u00e4sa mer om vad det inneb\u00e4r att ha ett spelberoende. Tanken \u00e4r att du snabbt ska kunna l\u00e4ra dig k\u00e4nna igen de vanligaste symptomen och komma till bukt med ditt spelberoende innan det \u00e4r f\u00f6r sent.<\/p>\n<h2>N\u00e4r kan en hobby f\u00f6rvandlas till ett beroende?<\/h2>\n<p>Allt som har med n\u00f6je och underh\u00e5llning att g\u00f6ra kan l\u00e4tt f\u00f6rvandlas till ett beroende om man inte \u00e4r varsam. Tobak, alkohol, droger, mat, spel och shopping h\u00f6r alla hemma i en och samma kategori i det h\u00e4r sammanhanget. Vissa m\u00e4nniskor har en st\u00f6rre tendens att hamna i ett beroende \u00e4n andra eftersom deras personliga gr\u00e4nser inte \u00e4r lika starkt markerade. N\u00e4r gr\u00e4nserna f\u00f6r vad som \u00e4r ett okej beteende t\u00e4njs alldeles f\u00f6r mycket kan det snabbt f\u00f6rvandlas till en grogrund f\u00f6r ett framtida beroende. I det h\u00e4r l\u00e4get \u00e4r det viktigare \u00e4n n\u00e5gonsin att man \u00e4r uppm\u00e4rksam p\u00e5 varningssignalerna.<\/p>\n<h2><b>L\u00e4r dig k\u00e4nna igen ett riskbeteende &#8211; och ta tag i det snabbt<\/b><\/h2>\n<p>Bakom ett beteende d\u00f6ljer sig ofta ett beroende. L\u00e4gger du ner mer tid p\u00e5 ditt spelande \u00e4n du t\u00e4nkt dig fr\u00e5n b\u00f6rjan? Ljuger du om hur mycket du spelar? Spelar du tills du br\u00e4nnt sista \u00f6ret p\u00e5 ditt konto? H\u00f6jer du st\u00e4ndigt dina insatser trots att du f\u00f6rlorat flera g\u00e5nger i f\u00f6ljd? Spenderar du hellre din tid p\u00e5 ett <a href=\"http:\/\/www.casinoonline.tf\/se\/\">online casino<\/a> \u00e4n med v\u00e4nner och familj? T\u00e4nk efter noga och var helt \u00e4rlig mot dig sj\u00e4lv. Ett spelberoende gror i det undermedvetna och det \u00e4r om\u00f6jligt att komma till bukt med det om du f\u00f6rnekar dess existens. Sj\u00e4lvklart \u00e4r ett beroende inget aktivt val, vilket inneb\u00e4r att du sannolikt kommer att beh\u00f6va hj\u00e4lp f\u00f6r att f\u00e5 kontroll p\u00e5 det. Tyv\u00e4rr s\u00e5 r\u00e4cker det inte med ren och sk\u00e4r viljestyrka. Det kan dock k\u00e4nnas sk\u00f6nt att veta att du inte \u00e4r ensam. M\u00e5nga personer lider av ett spelberoende och som tur \u00e4r finns det hj\u00e4lp att h\u00e4mta b\u00e5de hos st\u00f6dgrupper och professionella organisationer i ditt n\u00e4romr\u00e5de.<\/p>\n<h2>Ta f\u00f6rsta steget<b> <\/b><\/h2>\n<p>P\u00e5 de flesta n\u00e4tcasinon g\u00e5r det att s\u00e4tta gr\u00e4nser f\u00f6r hur mycket pengar du kan och vill spela f\u00f6r. Du kan skicka ett e-post meddelande till casinot och beg\u00e4ra att ditt konto st\u00e4ngs ned eller blockeras tempor\u00e4rt s\u00e5 att du kan skydda dig sj\u00e4lv fr\u00e5n att lockas tillbaka in i spelet innan du hunnit f\u00e5 hj\u00e4lp med ditt beroende.<\/p>\n<h2>V\u00e5ga ta kontakt<\/h2>\n<p>Det finns m\u00e5nga personer som f\u00f6rst\u00e5r dig och g\u00e4rna hj\u00e4lper dig att komma igenom ditt beroende. Fatta tag i telefonen och ring de st\u00f6dgrupper som finns n\u00e4rmast dig. Vi har listat ett antal referenser som kan hj\u00e4lpa dig att komma en bra bit p\u00e5 v\u00e4gen mot att g\u00f6ra dig av med beroendet p\u00e5 ett tryggt och konstruktivt s\u00e4tt. Att spela om pengar \u00e4r f\u00f6r m\u00e5nga en sp\u00e4nnande hobby, men l\u00e5t det aldrig g\u00e5 ut \u00f6ver ditt v\u00e4lm\u00e5ende.<\/p>\n<ul>\n<li><strong>Spelberoendes Riksf\u00f6rbund<\/strong><\/li>\n<\/ul>\n<p><a href=\"http:\/\/www.spelberoende.se\" rel=\"nofollow\">www.spelberoende.se<\/a><\/p>\n<ul>\n<li><strong>St\u00f6dlinjen<\/strong><\/li>\n<\/ul>\n<p>www.stodlinjen.se<\/p>\n<ul>\n<li><strong>Beroendecentrum<\/strong><\/li>\n<\/ul>\n<p>www.beroendecentrum.se<\/p>\n<ul>\n<li><strong>Slutaspela.nu<\/strong><\/li>\n<\/ul>\n<p>www.slutaspela.nu<\/p>\n<ul>\n<li><strong>GA Sverige &#8211; Gamblers Anonymous<\/strong><\/li>\n<\/ul>\n<p>www.ga-sverige.se<\/p>\n\n","protected":false},"excerpt":{"rendered":"<p>Ett smygande spelberoende kan vara sv\u00e5rt att uppt\u00e4cka i b\u00f6rjan. Varningssignalerna ger sig oftast inte tillk\u00e4nna p\u00e5 ett klart och tydligt s\u00e4tt s\u00e5 det g\u00e4ller att vara uppm\u00e4rksam. K\u00e4nner du ett konstant behov av att spela? Har du sv\u00e5rt att kontrollera lusten att spela om pengar? Ett spelberoende skiljer sig inte s\u00e4rskilt mycket \u00e5t fr\u00e5n [&hellip;]<\/p>\n","protected":false},"author":1,"featured_media":0,"parent":0,"menu_order":0,"comment_status":"closed","ping_status":"closed","template":"","meta":[],"_links":{"self":[{"href":"https:\/\/www.casinoonline.tf\/se\/wp-json\/wp\/v2\/pages\/130"}],"collection":[{"href":"https:\/\/www.casinoonline.tf\/se\/wp-json\/wp\/v2\/pages"}],"about":[{"href":"https:\/\/www.casinoonline.tf\/se\/wp-json\/wp\/v2\/types\/page"}],"author":[{"embeddable":true,"href":"https:\/\/www.casinoonline.tf\/se\/wp-json\/wp\/v2\/users\/1"}],"replies":[{"embeddable":true,"href":"https:\/\/www.casinoonline.tf\/se\/wp-json\/wp\/v2\/comments?post=130"}],"version-history":[{"count":6,"href":"https:\/\/www.casinoonline.tf\/se\/wp-json\/wp\/v2\/pages\/130\/revisions"}],"predecessor-version":[{"id":300,"href":"https:\/\/www.casinoonline.tf\/se\/wp-json\/wp\/v2\/pages\/130\/revisions\/300"}],"wp:attachment":[{"href":"https:\/\/www.casinoonline.tf\/se\/wp-json\/wp\/v2\/media?parent=130"}],"curies":[{"name":"wp","href":"https:\/\/api.w.org\/{rel}","templated":true}]}}