





{"id":134,"date":"2017-01-15T09:46:32","date_gmt":"2017-01-15T09:46:32","guid":{"rendered":"http:\/\/www.casinoonline.tf\/se\/?page_id=134"},"modified":"2017-01-17T14:52:13","modified_gmt":"2017-01-17T14:52:13","slug":"om-oss","status":"publish","type":"page","link":"https:\/\/www.casinoonline.tf\/se\/om-oss\/","title":{"rendered":"Om Oss"},"content":{"rendered":"<p>M\u00e5let med CasinoOnline.tf \u00e4r att kunna erbjuda v\u00e5ra l\u00e4sare relevant och st\u00e4ndigt uppdaterad information om spel p\u00e5 n\u00e4tet. VI publicerar endast texter av h\u00f6g kvalitet som har granskats noga av v\u00e5ra medarbetare. Alla artiklar och inl\u00e4gg som l\u00e4ggs upp p\u00e5 hemsidan har som syfte att guida b\u00e5de f\u00f6rstag\u00e5ngsspelare och rutinerade casino\u00e4lskare genom denna fantastiska spelv\u00e4rld. H\u00e4r f\u00e5r du reda p\u00e5 vilka casinon som ligger h\u00f6gst i topp, var du kan hitta de st\u00f6rsta bonusarna och de b\u00e4sta v\u00e4lkomsterbjudandena, den senaste mjukvaran och de finaste spelen, kort och gott, vart p\u00e5 n\u00e4tet du f\u00e5r st\u00f6rst valuta f\u00f6r pengarna.<\/p>\n<h2>\u2028VAR MED N\u00c4R DET H\u00c4NDER<\/h2>\n<p>Online casinov\u00e4rlden befinner sig i ett st\u00e4ndigt v\u00e4xande skede och konkurrensen \u00e4r h\u00e5rd bland de olika spelsajterna. Kampanjer lanseras dagligen, nya spel av senaste snitt inkorporeras i casinonas redan \u00e4ndl\u00f6sa utbud och \u00e4ven regler och villkor f\u00f6r\u00e4ndras, f\u00f6rb\u00e4ttras eller tas bort. Hos oss hittar du l\u00e4sv\u00e4rda texter som h\u00e5ller dig uppdaterad kring allt som har med n\u00e4tcasinon att g\u00f6ra. V\u00e5ra <img loading=\"lazy\" class=\"alignleft size-medium wp-image-nsm-1-391\" src=\"http:\/\/www.casinoonline.tf\/se\/wp-content\/uploads\/2016\/11\/blackjack-strategy-300x147.jpg\" alt=\"about\" width=\"300\" height=\"147\" \/>recensioner skrivs av erfarna skribenter som h\u00e5ller st\u00e4ndigt utkik efter senaste nytt. \u00c4r du nyfiken p\u00e5 att b\u00f6rja <a href=\"http:\/\/www.casinoonline.tf\/se\/\">spela p\u00e5 n\u00e4tcasino<\/a> hittar du matnyttig information om olika spel och \u00e4ven en hel del instruktionsinriktade texter om hur det g\u00e5r till att spela p\u00e5 till exempel <a href=\"http:\/\/www.casinoonline.tf\/se\/slots-online\/\">slots<\/a> och <a href=\"http:\/\/www.casinoonline.tf\/se\/roulette-online\/\">roulette online<\/a>. F\u00f6r mer rutinerade spelare erbjuder vi inl\u00e4gg om vilka strategier som b\u00e4st passar ett visst spel och vilka vinstchanser du har beroende p\u00e5 vilken spelvariant du v\u00e4ljer. Det h\u00e4r kommer extra v\u00e4l till hands om du <a href=\"http:\/\/www.casinoonline.tf\/se\/blackjack-online\/\">spelar blackjack<\/a> och n\u00e4tpoker.<\/p>\n<p>H\u00e4r hittar du ocks\u00e5 kompletta casinotopplistor och Q&amp;A listor som hj\u00e4lper dig att navigera dessa glittriga farvatten. \u00c4r du os\u00e4ker p\u00e5 om ett visst casino \u00e4r seri\u00f6st hittar du hos oss tips om vilka faktorer som b\u00f6r kollas upp innan du \u00f6ppnar ett konto. Vi reder ocks\u00e5 ut allt som har med betalningsm\u00f6jligheter att g\u00f6ra f\u00f6r att du ska kunna fatta ett informerat beslut om hur du \u00f6nskar l\u00e4gga upp din spelbudget.<\/p>\n<h2>V\u00c5RT TEAM<\/h2>\n<p>CasinoOnline.tf drivs av ett engagerat team som kan det h\u00e4r med n\u00e4tspel och casinon. I g\u00e4nget ing\u00e5r skribenter, redakt\u00f6rer, \u00f6vers\u00e4ttare, designers, recensenter och webbspecialister. Tillsammans vill vi ge dig b\u00e4sta m\u00f6jliga upplevelse n\u00e4r du scrollar genom v\u00e5r st\u00e4ndigt expanderande kunskapsbank. Vi h\u00e5ller koll p\u00e5 vad som h\u00e4nder s\u00e5 att du inte beh\u00f6ver g\u00f6ra det. Vi ger oss in i n\u00e4tcasinonas m\u00f6rkaste vr\u00e5er f\u00f6r att hitta svar p\u00e5 v\u00e5ra l\u00e4sares fr\u00e5gor. Du beh\u00f6ver inte surfa n\u00e4tet i timmar p\u00e5 jakt efter recensioner, spelguider och senaste nytt. Vi t\u00e4cker det mesta och h\u00e5ller dessutom ett s\u00e4rskilt vakande \u00f6ga p\u00e5 nya tendenser b\u00e5de inom spel och teknologi.<\/p>\n<h2>V\u00c5RA PARTNERS<img loading=\"lazy\" class=\"alignleft size-medium wp-image-nsm-1-399\" src=\"http:\/\/www.casinoonline.tf\/se\/wp-content\/uploads\/2016\/11\/casino-live-300x149.jpg\" alt=\"casino\" width=\"300\" height=\"149\" \/><\/h2>\n<p>Goda partnerskap \u00e4r viktigt om man vill erbjuda sina l\u00e4sare exklusiva v\u00e4lkomstpaket och maffiga bonusar fr\u00e5n n\u00e5gra av v\u00e4rldens ledande n\u00e4tcasinon. Genom v\u00e5rt breda samarbete ser vi till s\u00e5 att du \u00e4r f\u00f6rst med att f\u00e5 reda p\u00e5 n\u00e4r ett nytt spel sl\u00e4pps eller datumet f\u00f6r en kommande turnering eller promokampanj. Vi h\u00e5ller oss dock alltid opartiska i v\u00e5ra bed\u00f6mningar. Varje recension och nyhetsinl\u00e4gg skrivs utifr\u00e5n v\u00e5ra medarbetares egna erfarenheter av ett visst spel eller spelsajt.<\/p>\n<h2>V\u00c5RA SOCIALA MEDIER<\/h2>\n<p>F\u00f6lj CasinoOnline.tf f\u00f6r att f\u00e5 reda p\u00e5 det senaste inom allt som heter <a href=\"http:\/\/www.casinoonline.tf\/se\/\">n\u00e4tcasino<\/a>. I v\u00e5ra sociala medier hittar du ett axplock av det som finns p\u00e5 hemsidan, samt en m\u00e4ngd underh\u00e5llande videoklipp med r\u00e5d och fakta som du s\u00e4kert kommer att ha nytta av n\u00e4sta g\u00e5ng du bes\u00f6ker ditt favoritcasino. L\u00e5t oss f\u00f6lja med p\u00e5 din resa genom n\u00e4tcasinonas glammiga v\u00e4rld. Vi lovar att du inte kommer att \u00e5ngra dig!<\/p>\n<blockquote><p><span style=\"color: #3366ff;\" data-story-id=\"story_445875d590ff70aaba47c77cf70646e6\" data-timestamp=\"1479916334845\" data-text=\"Kontakta oss g\u00e4rna genom att fylla i f\u00e4lten i formul\u00e4ret nedan\" data-userid=\"513088217382084608\" data-orgid=\"513088217419833345\">Kontakta oss g\u00e4rna genom att fylla i f\u00e4lten i formul\u00e4ret nedan:<\/span><\/p><\/blockquote>\n<div role=\"form\" class=\"wpcf7\" id=\"wpcf7-f141-o1\" lang=\"sv-SE\" dir=\"ltr\">\n<div class=\"screen-reader-response\"><\/div>\n<form action=\"\/se\/wp-json\/wp\/v2\/pages\/134#wpcf7-f141-o1\" method=\"post\" class=\"wpcf7-form\" novalidate=\"novalidate\">\n<div style=\"display: none;\">\n<input type=\"hidden\" name=\"_wpcf7\" value=\"141\" \/>\n<input type=\"hidden\" name=\"_wpcf7_version\" value=\"4.5.1\" \/>\n<input type=\"hidden\" name=\"_wpcf7_locale\" value=\"sv_SE\" \/>\n<input type=\"hidden\" name=\"_wpcf7_unit_tag\" value=\"wpcf7-f141-o1\" \/>\n<input type=\"hidden\" name=\"_wpnonce\" value=\"69807e06a4\" \/>\n<\/div>\n<p><label> Ditt namn (obligatorisk)<br \/>\n    <span class=\"wpcf7-form-control-wrap your-name\"><input type=\"text\" name=\"your-name\" value=\"\" size=\"40\" class=\"wpcf7-form-control wpcf7-text wpcf7-validates-as-required\" aria-required=\"true\" aria-invalid=\"false\" \/><\/span> <\/label><\/p>\n<p><label> Din epost (obligatorisk)<br \/>\n    <span class=\"wpcf7-form-control-wrap your-email\"><input type=\"email\" name=\"your-email\" value=\"\" size=\"40\" class=\"wpcf7-form-control wpcf7-text wpcf7-email wpcf7-validates-as-required wpcf7-validates-as-email\" aria-required=\"true\" aria-invalid=\"false\" \/><\/span> <\/label><\/p>\n<p><label> \u00c4mne<br \/>\n    <span class=\"wpcf7-form-control-wrap your-subject\"><input type=\"text\" name=\"your-subject\" value=\"\" size=\"40\" class=\"wpcf7-form-control wpcf7-text\" aria-invalid=\"false\" \/><\/span> <\/label><\/p>\n<p><label> Ditt meddelande<br \/>\n    <span class=\"wpcf7-form-control-wrap your-message\"><textarea name=\"your-message\" cols=\"40\" rows=\"10\" class=\"wpcf7-form-control wpcf7-textarea\" aria-invalid=\"false\"><\/textarea><\/span> <\/label><\/p>\n<p><input type=\"submit\" value=\"Skicka\" class=\"wpcf7-form-control wpcf7-submit\" \/><\/p>\n<div class=\"wpcf7-response-output wpcf7-display-none\"><\/div><\/form><\/div>\n\n","protected":false},"excerpt":{"rendered":"<p>M\u00e5let med CasinoOnline.tf \u00e4r att kunna erbjuda v\u00e5ra l\u00e4sare relevant och st\u00e4ndigt uppdaterad information om spel p\u00e5 n\u00e4tet. VI publicerar endast texter av h\u00f6g kvalitet som har granskats noga av v\u00e5ra medarbetare. Alla artiklar och inl\u00e4gg som l\u00e4ggs upp p\u00e5 hemsidan har som syfte att guida b\u00e5de f\u00f6rstag\u00e5ngsspelare och rutinerade casino\u00e4lskare genom denna fantastiska spelv\u00e4rld. [&hellip;]<\/p>\n","protected":false},"author":1,"featured_media":0,"parent":0,"menu_order":0,"comment_status":"closed","ping_status":"closed","template":"","meta":[],"_links":{"self":[{"href":"https:\/\/www.casinoonline.tf\/se\/wp-json\/wp\/v2\/pages\/134"}],"collection":[{"href":"https:\/\/www.casinoonline.tf\/se\/wp-json\/wp\/v2\/pages"}],"about":[{"href":"https:\/\/www.casinoonline.tf\/se\/wp-json\/wp\/v2\/types\/page"}],"author":[{"embeddable":true,"href":"https:\/\/www.casinoonline.tf\/se\/wp-json\/wp\/v2\/users\/1"}],"replies":[{"embeddable":true,"href":"https:\/\/www.casinoonline.tf\/se\/wp-json\/wp\/v2\/comments?post=134"}],"version-history":[{"count":9,"href":"https:\/\/www.casinoonline.tf\/se\/wp-json\/wp\/v2\/pages\/134\/revisions"}],"predecessor-version":[{"id":177,"href":"https:\/\/www.casinoonline.tf\/se\/wp-json\/wp\/v2\/pages\/134\/revisions\/177"}],"wp:attachment":[{"href":"https:\/\/www.casinoonline.tf\/se\/wp-json\/wp\/v2\/media?parent=134"}],"curies":[{"name":"wp","href":"https:\/\/api.w.org\/{rel}","templated":true}]}}