





{"id":6,"date":"2023-08-04T11:22:08","date_gmt":"2023-08-04T11:22:08","guid":{"rendered":"http:\/\/www.casinoonline.tf\/se\/?page_id=6"},"modified":"2023-08-07T14:01:11","modified_gmt":"2023-08-07T14:01:11","slug":"spela-online-casino-och-vinn-stora-pengar","status":"publish","type":"page","link":"https:\/\/www.casinoonline.tf\/se\/","title":{"rendered":"B\u00e4sta Online Casinon"},"content":{"rendered":"<p>Spela casino online med hj\u00e4lp av v\u00e5r guide som listar de b\u00e4sta spelsajterna p\u00e5 n\u00e4tet med de st\u00f6rsta bonusarna och finaste erbjudandena f\u00f6r b\u00e5de nya och erfarna spelare.<\/p>\n<p>De flesta rutinerade spel\u00e4lskare har ofta ett eget smultronst\u00e4lle p\u00e5 n\u00e4tet. F\u00f6r nya casinospelare kan det dock vara sv\u00e5rt att pricka r\u00e4tt i ett s\u00e5 gigantiskt utbud av n\u00e4tcasinon och spelsajter. Vi har tittat p\u00e5 var de b\u00e4sta v\u00e4lkomsterbjudandena finns, de finaste bonusarna och det st\u00f6rsta utbudet av spel, och listat sex casinon med miljontals n\u00f6jda kunder p\u00e5 n\u00e4tet. Vare sig du \u00e4r ute efter ett brett spelutbud, en snygg design, ett bra gr\u00e4nssnitt eller fantastiska n\u00e4tkampanjer l\u00e4r du s\u00e4kert finna ditt eget lilla smultronst\u00e4lle bland de casinon som vi har listat nedan.<\/p>\n<h2><b>2023\u00a0<span data-story-id=\"story_d6e5be4fac1d7b0eccd669794e2c335b\" data-timestamp=\"1478542960659\" data-text=\"Topp b\u00e4sta n\u00e4tcasinon\" data-userid=\"513088217382084608\" data-orgid=\"513088217419833345\">Topp b\u00e4sta n\u00e4tcasinon<\/span>:\u00a0<\/b>Spela casino p\u00e5 n\u00e4tet &#8211; h\u00e4r hittar du de allra b\u00e4sta.<\/h2>\n<p>Visst \u00e4r det s\u00e5 att varje casino b\u00e5de har sina plussidor och minussidor. Vilka dessa \u00e4r beror helt och h\u00e5llet p\u00e5 vad du som casinospelare mest v\u00e4rdes\u00e4tter n\u00e4r du s\u00e4tter dig vid det digitala spelbordet. Vissa f\u00f6redrar de casinon som erbjuder de b\u00e4sta bonusarna och roligaste kampanjerna, medan andra spelare trivs b\u00e4st i en v\u00e4rld av fantastiska slots och m\u00e4ngder av spel. Verkligheten idag \u00e4r att det finns hundratals n\u00e4tcasinon, varav ett flertal faktiskt \u00e4r svenska online casino. Du beh\u00f6ver allts\u00e5 i de flesta fall inte oroa dig f\u00f6r spr\u00e5ket som svensk casinospelare.<\/p>\n\r\r\r\r\n\r\r\r\r\n\t<div class=\"fcrp-sctable fcrp-sctable_ver3\">\r\r\r\r\n\r\r\r\r\n\r\r\r\r\n\r\r\r\r\n               <div class=\"fcrp-sctablerow1\">\r\r\r\r\n\r\r\r\r\n                        <div class=\"fcrp-fc-col fcrp-rank-col\">Rank<\/div><div class=\"fcrp-fc-col  fcrp-site-col\" >Casino<\/div><div class=\"fcrp-fc-col fcrp-bonus-col\">Bonus<\/div><div class=\"fcrp-fc-col fcrp-rate-col\">Rating<\/div><div class=\"fcrp-fc-col fcrp-vis-col\">Visit<\/div>\r\r\r\r\n\r\r\r\r\n\r\r\r\r\n\r\r\r\r\n\t\t\t\t<\/div>\r\r\r\r\n\r\r\r\r\n\r\r\r\r\n\r\r\r\r\n<\/div><!--.fcrp-tablescroll-->\n<div class=\"su-tabs su-tabs-style-default\" data-active=\"4\"><div class=\"su-tabs-nav\"><span class=\"\" data-url=\"\" data-target=\"blank\">Bingo<\/span><span class=\"\" data-url=\"\" data-target=\"blank\">Slots<\/span><span class=\"\" data-url=\"\" data-target=\"blank\">Blackjack<\/span><span class=\"\" data-url=\"\" data-target=\"blank\">Roulette<\/span><span class=\"\" data-url=\"\" data-target=\"blank\">Baccarat<\/span><span class=\"\" data-url=\"\" data-target=\"blank\">Video Poker<\/span><\/div><div class=\"su-tabs-panes\"><div class=\"su-tabs-pane su-clearfix\">\n<p><img loading=\"lazy\" class=\"alignleft size-full wp-image-nsm-1-344\" src=\"http:\/\/www.casinoonline.tf\/se\/wp-content\/uploads\/2016\/11\/Bingo.png\" alt=\"bingo\" width=\"128\" height=\"128\" \/>Bingo \u00e4r ett popul\u00e4rt spel och bland de l\u00e4ttaste att l\u00e4ra sig. Du beh\u00f6ver i princip bara en spelbricka och en penna f\u00f6r att spela klassisk bingo. Med n\u00e4tbingo spelar du ist\u00e4llet med datormusen eller via ett digitaliserat system som g\u00f6r allt kryssande \u00e5t dig. P\u00e5 brickan finner du ett urval av siffror som v\u00e4ljs ut slumpm\u00e4ssigt. N\u00e4r en siffra ropas ut som motsvarar en ruta p\u00e5 din digitala bricka stryks rutan automatiskt. Spelet p\u00e5g\u00e5r tills n\u00e5gon lyckas f\u00e5 upp till fem fulla rader. De vanligaste varianterna av bingo i svenska n\u00e4tcasinon \u00e4r 75-bollars bingo och 90-bollars bingo. <span data-story-id=\"story_d1296be1fa470bba2eafc4ec1076edf8\" data-timestamp=\"1478708004206\" data-text=\"l\u00e4s mer\" data-userid=\"513088217382084608\" data-orgid=\"513088217419833345\">L\u00e4s mer<\/span> &gt;&gt; <\/div>\n<div class=\"su-tabs-pane su-clearfix\">\n<p><img loading=\"lazy\" class=\"alignleft size-full wp-image-nsm-1-350\" src=\"http:\/\/www.casinoonline.tf\/se\/wp-content\/uploads\/2016\/11\/slots.png\" alt=\"Slots\" width=\"128\" height=\"128\" \/>Det finns inget n\u00e4tcasino i v\u00e4rlden som inte erbjuder ett fantastiskt utbud av slots, eller enarmade banditer som de \u00e4ven kallas. Slots ger dig underh\u00e5llande spel med chansen att vinna stort. Som regel \u00e4r det ocks\u00e5 slotsen som ger de st\u00f6rsta jackpottarna. Det g\u00e5r att v\u00e4lja mellan tv\u00e5 kategorier av jackpottar p\u00e5 ett n\u00e4tcasino: progressiva och icke-progressiva. Med en progressiv jackpott kan du vinna hisnande summor pengar eftersom potten v\u00e4xer i takt med att fler spelare g\u00e5r in och spelar p\u00e5 slotten. Det finns bokstavligt talat tusentals enarmade banditer att njuta av i n\u00e4tcasinona, med allt fr\u00e5n klassiska trehjuls-automater till femhjuls-varianter, s\u00e5 risken \u00e4r v\u00e4ldigt liten att du inte hittar det perfekta spelet f\u00f6r dig! <span data-story-id=\"story_d1296be1fa470bba2eafc4ec1076edf8\" data-timestamp=\"1478708004206\" data-text=\"l\u00e4s mer\" data-userid=\"513088217382084608\" data-orgid=\"513088217419833345\">L\u00e4s mer<\/span> &gt;&gt;<\/p>\n<\/div>\n<div class=\"su-tabs-pane su-clearfix\">\n<p><img loading=\"lazy\" class=\"alignleft size-full wp-image-nsm-1-345\" src=\"http:\/\/www.casinoonline.tf\/se\/wp-content\/uploads\/2016\/11\/Blackjack.png\" alt=\"Blackjack\" width=\"128\" height=\"128\" \/>Blackjack \u00e4r ett klassiskt kortspel d\u00e4r spelarna t\u00e4vlar om att f\u00e5 en hand med ett v\u00e4rde p\u00e5 21 eller s\u00e5 n\u00e4ra 21 som m\u00f6jligt. H\u00e4nder som \u00f6verstiger 21 blir &#8221;tjocka&#8221; och spelaren f\u00f6rlorar automatiskt rundan. Trots spelets n\u00e4stan mytomspunna rykte \u00e4r det faktiskt inte sv\u00e5rare \u00e4n s\u00e5 att spela blackjack. P\u00e5 n\u00e4tcasinona \u00e4r blackjack ett av de popul\u00e4raste spelen med miljontals fans som st\u00e4ndigt \u00e5terv\u00e4nder f\u00f6r att njuta av b\u00e5de spelet och den trevliga milj\u00f6n. Vill du ha en \u00e4kta casinosalong-upplevelse finns det \u00e4ven live versioner av blackjack med riktiga dealers! <a href=\"http:\/\/www.casinoonline.tf\/se\/blackjack-online\/\"><span data-story-id=\"story_d1296be1fa470bba2eafc4ec1076edf8\" data-timestamp=\"1478708004206\" data-text=\"l\u00e4s mer\" data-userid=\"513088217382084608\" data-orgid=\"513088217419833345\">L\u00e4s mer <\/span><\/a>&gt;&gt;<\/p>\n<\/div>\n<div class=\"su-tabs-pane su-clearfix\">\n<p><img loading=\"lazy\" class=\"alignleft size-full wp-image-nsm-1-349\" src=\"http:\/\/www.casinoonline.tf\/se\/wp-content\/uploads\/2016\/11\/Roulette.png\" alt=\"roulette\" width=\"128\" height=\"128\" \/>Roulette \u00e4r en given klassiker i spelsalongerna och likas\u00e5 p\u00e5 de flesta svenska kasinon p\u00e5 n\u00e4tet. Spelet \u00e4r ocks\u00e5 ett av de absolut enklaste att spela: en kula \u00e5ker runt i ett snurrande hjul med f\u00e4rgade och numrerade fack och spelarna satsar p\u00e5 vart de tror kulan kommer att landa. Det faktum att det \u00e4r s\u00e5 l\u00e4tt att spela roulette har gjort att m\u00e5nga casinofantaster f\u00f6r\u00e4lskat sig i detta eleganta bordsspel. I n\u00e4troulette \u00e4r det en slumpgenerator ist\u00e4llet f\u00f6r en kula som best\u00e4mmer det vinnande numret. Skulle du trots allt vilja spela traditionell roulette g\u00e5r det \u00e4ven att g\u00f6ra det p\u00e5 n\u00e4tet. P\u00e5 ett live casino kan man n\u00e4mligen spela roulette med riktiga dealers! <span data-story-id=\"story_d1296be1fa470bba2eafc4ec1076edf8\" data-timestamp=\"1478708004206\" data-text=\"l\u00e4s mer\" data-userid=\"513088217382084608\" data-orgid=\"513088217419833345\">L\u00e4s mer <\/span>&gt;&gt;<\/p>\n<\/div>\n<div class=\"su-tabs-pane su-clearfix\">\n<p><img loading=\"lazy\" class=\"alignleft size-full wp-image-nsm-1-356\" src=\"http:\/\/www.casinoonline.tf\/se\/wp-content\/uploads\/2016\/11\/clubs-baccarat.png\" alt=\"Baccarat\" width=\"128\" height=\"128\" \/>Ian Flemings James Bond \u00e4r ansvarig f\u00f6r att ha gjort casinospelet baccarat k\u00e4nt. P\u00e5 m\u00e5nga s\u00e4tt liknar det blackjack. Spelet inleds med en 52-kortlek d\u00e4r varje spelare tilldelas tv\u00e5 kort. Upp till 14 spelare kan spela samtidigt och m\u00e5let \u00e4r att att f\u00e5 en hand med ett v\u00e4rde p\u00e5 9 eller s\u00e5 n\u00e4ra 9 som m\u00f6jligt. Till skillnad fr\u00e5n blackjack f\u00f6rlorar du inte spelet om din hand \u00f6verskrider 9. Ist\u00e4llet dras den f\u00f6rsta siffran fr\u00e5n totalsumman vilket inneb\u00e4r att om du har en hand med ett v\u00e4rde p\u00e5 18 blir ditt nya v\u00e4rde 8 ist\u00e4llet.<\/p>\n<\/div>\n<div class=\"su-tabs-pane su-clearfix\">\n<p><img loading=\"lazy\" class=\"alignleft size-full wp-image-nsm-1-348\" src=\"http:\/\/www.casinoonline.tf\/se\/wp-content\/uploads\/2016\/11\/Poker.png\" alt=\"Poker\" width=\"128\" height=\"128\" \/>Poker \u00e4r f\u00f6rmodligen v\u00e4rldens mest k\u00e4nda kortspel d\u00e4r spelarna t\u00e4vlar mot varandra f\u00f6r att vinna en gemensam pott. Poker var fr\u00e5n b\u00f6rjan ett s\u00e4llskapsspel, l\u00e5ngt innan det f\u00f6rsta casinot d\u00f6k upp. Numera finns det en rad olika varianter av poker d\u00e4r de vanligaste och popul\u00e4raste \u00e4r Texas Hold&#8217;em och Stud Poker. I n\u00e4tcasinona satsas det friskt p\u00e5 pokerspel och p\u00e5 den senaste tiden har allt fler spelare \u00e4ven b\u00f6rjat spela video poker. Video poker \u00e4r en slags blandning mellan slots och poker. Spelaren delas fem kort och t\u00e4vlar mot spelautomatens hand. En vinsttabell avg\u00f6r vem som har vunnit. L<span data-story-id=\"story_d1296be1fa470bba2eafc4ec1076edf8\" data-timestamp=\"1478708004206\" data-text=\"l\u00e4s mer\" data-userid=\"513088217382084608\" data-orgid=\"513088217419833345\">\u00e4s mer <\/span>&gt;&gt;<\/p>\n<\/div><\/div><\/div>\n<h3>Hitta de b\u00e4sta erbjudandena<\/h3>\n<p>Konkurrensen bland b\u00e5de svenska casino online och utl\u00e4ndska \u00e4r f\u00f6rst\u00e5s knivskarp och spelsajterna t\u00e4vlar st\u00e4ndigt om att erbjuda de st\u00f6rsta bonusarna och mest lockande kampanjerna. En del bjuder p\u00e5 gener\u00f6sa priser f\u00f6r resor, konsertbiljetter och underh\u00e5llningsevenemang. Andra f\u00f6rs\u00f6ker \u00f6vertr\u00e4ffa sina konkurrenter med ett allt bredare (och nyare) utbud av casino spel. H\u00e4r \u00e4r det upp till dig att avg\u00f6ra vilket Sverige casino som \u00e4r v\u00e4l v\u00e4rt ett \u00e5terbes\u00f6k. Kan du r\u00e4kna med snabb och kunnig kundsupport? Har casinot ett bra utbud av spel? Fungerar mjukvaran som den ska? Med lite t\u00e5lamod och n\u00e5gra v\u00e4rdefulla tips fr\u00e5n oss l\u00e4r du snabbt hitta ditt eget b\u00e4sta n\u00e4tcasino i denna magiska spelv\u00e4rld.<\/p>\n<h3>Det som utm\u00e4rker ett bra casino<\/h3>\n<p>Som n\u00e4mnt tidigare \u00e4r det b\u00e4sta s\u00e4ttet att hitta bra online casinon att helt enkelt prova sig fram bland olika sajter. Det finns dock ett antal faktorer som spelar en avg\u00f6rande roll n\u00e4r det \u00e4r dags att betygs\u00e4tta ett online casino.<\/p>\n<p>I f\u00f6rsta hand m\u00e5ste casinot ha en giltig licens fr\u00e5n en legitim spelmyndighet. Malta Gaming Authority (MGA)\u00a0har funnits sen 2001 och har ett fl\u00e4ckfritt rykte inom den internationella spelindustrin. Maltas f\u00f6rm\u00e5nliga skattevillkor har gjort att dess spelindustri p\u00e5 senaste tiden har vuxit enormt med hundratals spelf\u00f6retag som drivs direkt fr\u00e5n denna lilla semester\u00f6. En annan legitim spelmyndighet \u00e4r United Kingdom Gaming Commission som ocks\u00e5 \u00e4r en av de \u00e4ldsta licensierande myndigheterna f\u00f6r digitala spelsajter. P\u00e5 grund av de h\u00f6ga brittiska skatterna \u00e4r det dock f\u00e5 online casinon som registrerar sig hos United Kingdom Gaming Commission. Ist\u00e4llet v\u00e4ljer m\u00e5nga att registrera sig hos Isle of Man Gambling Supervision Commission, en annan liten \u00f6-nation som gjort sig k\u00e4nd f\u00f6r att vara n\u00e5got av ett skatteparadis. St\u00f6ter du p\u00e5 ett online casino som f\u00e5tt sin licens fr\u00e5n n\u00e5gon av dessa tre spelmyndigheter kan du vara s\u00e4ker p\u00e5 att det handlar om en legal verksamhet.<\/p>\n<p><img loading=\"lazy\" class=\"alignright size-full wp-image-212\" src=\"http:\/\/www.casinoonline.tf\/se\/wp-content\/uploads\/sites\/2\/2016\/11\/OnlineCasino.jpg\" alt=\"Det som utm\u00e4rker ett bra casino online\" width=\"760\" height=\"304\" srcset=\"https:\/\/www.casinoonline.tf\/se\/wp-content\/uploads\/sites\/2\/2016\/11\/OnlineCasino.jpg 760w, https:\/\/www.casinoonline.tf\/se\/wp-content\/uploads\/sites\/2\/2016\/11\/OnlineCasino-300x120.jpg 300w, https:\/\/www.casinoonline.tf\/se\/wp-content\/uploads\/sites\/2\/2016\/11\/OnlineCasino-608x243.jpg 608w, https:\/\/www.casinoonline.tf\/se\/wp-content\/uploads\/sites\/2\/2016\/11\/OnlineCasino-758x304.jpg 758w\" sizes=\"(max-width: 760px) 100vw, 760px\" \/><\/p>\n<h3>En bra spelupplevelse<\/h3>\n<p>En annan viktig faktor n\u00e4r man ska v\u00e4lja ut ett bra n\u00e4tcasino har f\u00f6rst\u00e5s med sj\u00e4lva spelupplevelsen att g\u00f6ra. Ett bra casino m\u00e5ste ha ett imponerande utbud av spel och det ska vara l\u00e4tt att spela b\u00e5de online och genom den nedladdningsbara plattformen. Spelen m\u00e5ste vara r\u00e4ttvisa och ocks\u00e5 r\u00e4kna med v\u00e4lkomstbonusar, lojalitetsbonusar och m\u00e5nga, fina kampanjer. Kanske viktigast av allt i sammanhanget \u00e4r att spelen har en h\u00f6g \u00e5terbetalningsprocent.<\/p>\n<p>Onlinekasinon i USA blir allt mer popul\u00e4ra. Med ett brett utbud av spel som slots, poker, blackjack och roulette, erbjuder de underh\u00e5llning direkt hemifr\u00e5n. Lagar och f\u00f6rordningar f\u00f6r onlinespel varierar fr\u00e5n stat till stat, s\u00e5 det \u00e4r viktigt att v\u00e4lja en ansedd och licensierad plattform. F\u00f6r mer information och f\u00f6r att hitta de b\u00e4sta <a href=\"https:\/\/www.casinoonline.tf\/\">&#8216;real money US casinos online&#8217;<\/a>, bes\u00f6k l\u00e4nken. Om du \u00e4r intresserad av bonusar, s\u00e4rskilt utan ins\u00e4ttningsbonus, <a href=\"https:\/\/www.casinoonline.tf\/no-deposit-bonus\/\" target=\"_blank\" rel=\"noopener\">klicka h\u00e4r<\/a>.<\/p>\n<h3>S\u00e4kra spelvillkor och bra v\u00e4lkomsterbjudanden<\/h3>\n<p>Det ska vara kr\u00e5ngelfritt att spela p\u00e5 n\u00e4tet och f\u00f6r att det ska kunna ske b\u00f6r ett bra casino acceptera de vanligaste betalningsmetoderna, d\u00e4ribland Visa, AmEx, MasterCard och PayPal. Ju fler betalningsalternativ desto b\u00e4ttre. Du ska kunna k\u00e4nna dig trygg n\u00e4r du g\u00f6r uttag och ins\u00e4ttningar och vara s\u00e4ker p\u00e5 att casinot sk\u00f6ter dina uppgifter med total sekretess. Utbetalningar b\u00f6r ske p\u00e5 ett r\u00e4ttvist och proffsigt s\u00e4tt. Idag har de allra flesta casinon p\u00e5 n\u00e4tet n\u00e5gon form av bonus eller speciella erbjudanden n\u00e4r du registrerar dig f\u00f6r f\u00f6rsta g\u00e5ngen men casinot b\u00f6r \u00e4ven ha lockande villkor f\u00f6r lojala casinospelare, s\u00e5som ett f\u00f6rdelaktigt lojalitetsprogram och exklusiva erbjudanden. Andra bra f\u00f6rm\u00e5ner inkluderar till exempel gratisspel, <a href=\"http:\/\/www.casinoonline.tf\/se\/slots-online\/\">free spins i slotmaskiner<\/a> och \u00e5terkommande ins\u00e4ttningsbonusar.<\/p>\n<h3>Fr\u00e5gor &amp; Svar<\/h3>\n<p><span style=\"color: #333399;\">F\u00e5 svar p\u00e5 de viktigaste fr\u00e5gorna om svenska n\u00e4tcasinon och ta ett s\u00e4kert kliv in i den glittriga spelv\u00e4rlden redan idag.<\/span><\/p>\n<div class=\"su-accordion\">\n<div class=\"su-spoiler su-spoiler-style-fancy su-spoiler-icon-arrow-circle-1\" data-anchor=\"Kanjaganv\u00e4ndasvenskvalutan\u00e4rjagspelarp\u00e5n\u00e4tcasino?\"><div class=\"su-spoiler-title\"><span class=\"su-spoiler-icon\"><\/span><b>Kan jag anv\u00e4nda svensk valuta n\u00e4r jag spelar p\u00e5 n\u00e4tcasino?<\/b><\/div><div class=\"su-spoiler-content su-clearfix\" style=\"display:none\">F\u00f6rutom p\u00e5 svenska n\u00e4tkasinon kan du \u00e4ven spela f\u00f6r svenska pengar p\u00e5 en m\u00e4ngd utl\u00e4ndska kasinon. \u00c4ven om betalningar i euro, brittiska pound och amerikanska dollar \u00e4r vanligast erbjuder de flesta stora kasinon upp till ett tiotal valutor f\u00f6r att underl\u00e4tta betalningsprocessen f\u00f6r sina spelare.<\/div><\/div>\n<div class=\"su-spoiler su-spoiler-style-fancy su-spoiler-icon-arrow-circle-1 su-spoiler-closed\" data-anchor=\"M\u00e5stejagsatsariktigapengarn\u00e4rjagspelarp\u00e5n\u00e4tet?\"><div class=\"su-spoiler-title\"><span class=\"su-spoiler-icon\"><\/span><b>M\u00e5ste jag satsa riktiga pengar n\u00e4r jag spelar p\u00e5 n\u00e4tet?<\/b><\/div><div class=\"su-spoiler-content su-clearfix\" style=\"display:none\">M\u00e5nga svenska kasinon p\u00e5 n\u00e4tet till\u00e5ter sina spelare att prova sig fram bland olika spel helt gratis innan de ger sig in i dom p\u00e5 riktigt. P\u00e5 s\u00e5 s\u00e4tt kan du som spelare f\u00e5 en k\u00e4nsla av spelet, testa dess regler och till\u00e4mpa olika strategier utan att spendera ett enda \u00f6re ur fickan. De flesta klassiska bordsspel, som till exempel blackjack, poker, baccarat och <a href=\"http:\/\/toppsvenskacasinon.com\/free-spins\/\">Free Spins<\/a>, har olika gratisvarianter p\u00e5 n\u00e4tet men det g\u00e5r \u00e4ven att hitta en hel del slots med fria spins som du kan \u00f6va turen p\u00e5.<\/div><\/div>\n<div class=\"su-spoiler su-spoiler-style-fancy su-spoiler-icon-arrow-circle-1 su-spoiler-closed\" data-anchor=\"Hurhittarjagdetb\u00e4stasvenskakasinotp\u00e5n\u00e4tet?\"><div class=\"su-spoiler-title\"><span class=\"su-spoiler-icon\"><\/span><b>Hur hittar jag det b\u00e4sta svenska kasinot p\u00e5 n\u00e4tet?<\/b><\/div><div class=\"su-spoiler-content su-clearfix\" style=\"display:none\">\n<p>Vare sig du \u00e4r p\u00e5 jakt efter just svenska kasinon p\u00e5 n\u00e4tet eller vill testa turen p\u00e5 ett stort internationellt kasino \u00e4r s\u00e4kerheten det allra f\u00f6rsta en smart spelare b\u00f6r t\u00e4nka p\u00e5. Det kanske l\u00e5ter omst\u00e4ndigt men vet du vad du ska leta efter beh\u00f6ver det inte alls vara s\u00e4rskilt sv\u00e5rt att ta reda p\u00e5 r\u00e4tt information om kasinot. Alla legitima n\u00e4tkasinon regleras av s\u00e4rskilda spelmyndigheter som utf\u00e4rdar spellicenser och ser till att kasinona f\u00f6ljer de regler som har satts upp. De fr\u00e4msta och absolut b\u00e4sta kasinona \u00e4r dessutom utvecklade av ledande programvaruleverant\u00f6rer vilket garanterar att b\u00e5de kasinot och spelen fungerar som de ska. H\u00e5ll utkik efter namn som Playtech, NetEnt och Microgaming.<\/div><\/div>\n<div class=\"su-spoiler su-spoiler-style-fancy su-spoiler-icon-arrow-circle-1 su-spoiler-closed\" data-anchor=\"Hurg\u00f6rjagins\u00e4ttningar\/uttagp\u00e5ettn\u00e4tkasino?\"><div class=\"su-spoiler-title\"><span class=\"su-spoiler-icon\"><\/span><b>Hur g\u00f6r jag ins\u00e4ttningar\/uttag p\u00e5 ett n\u00e4tkasino?<\/b><\/div><div class=\"su-spoiler-content su-clearfix\" style=\"display:none\">De flesta n\u00e4tkasinon erbjuder sina spelare en m\u00e4ngd olika betalningsalternativ f\u00f6r att ta ut och s\u00e4tta in pengar p\u00e5 sina spelkonton. De vanligaste metoderna \u00e4r betal- och kreditkort samt elektroniska pl\u00e5nb\u00f6cker. VISA, Mastercard och American Express tillh\u00f6r de popul\u00e4raste eftersom betalning med just kreditkort \u00e4r en av de snabbaste metoderna att f\u00e5 in pengar p\u00e5 kontot. H\u00f6gst upp p\u00e5 listan av e-pl\u00e5nb\u00f6cker hittar du PayPal, Neteller och Skrill. En del kasinon erbjuder ocks\u00e5 ett begr\u00e4nsat utbud av offline metoder, som till exempel bank\u00f6verf\u00f6ringar. \u00a0Dessa brukar dock ta l\u00e4ngre tid att behandla \u00e4n betalningar med kort och e-pl\u00e5nb\u00f6cker. En vanlig bank\u00f6verf\u00f6ring kan exempelvis ta upp till flera dagar innan pengarna syns p\u00e5 kontot.<\/div><\/div>\n<div class=\"su-spoiler su-spoiler-style-fancy su-spoiler-icon-arrow-circle-1\" data-anchor=\"Hurg\u00f6rjagf\u00f6ratth\u00e4mtaminv\u00e4lkomstbonus?\"><div class=\"su-spoiler-title\"><span class=\"su-spoiler-icon\"><\/span><b>Hur g\u00f6r jag f\u00f6r att h\u00e4mta min v\u00e4lkomstbonus?<\/b><\/div><div class=\"su-spoiler-content su-clearfix\" style=\"display:none\">Varje kasino har egna villkor f\u00f6r hur spelare kan g\u00f6ra anspr\u00e5k p\u00e5 deras v\u00e4lkomstbonusar. Som regel kommer ett bra n\u00e4tkasino att vilja undvika kr\u00e5ngla till det f\u00f6r dig och d\u00e4rf\u00f6r dyker v\u00e4lkomstbonusen upp i de flesta fall automatiskt p\u00e5 ditt spelkonto. Dock kan det h\u00e4nda att ett kasino f\u00f6rst vill att du g\u00f6r en f\u00f6rsta ins\u00e4ttning innan bonusen registreras p\u00e5 kontot. Andra kan ist\u00e4llet kr\u00e4va att du satsar en viss summa pengar p\u00e5 ett spel innan du kan ta ut din v\u00e4lkomstbonus. Ta g\u00e4rna reda p\u00e5 vilka regler som g\u00e4ller f\u00f6rst, innan du v\u00e4ljer att \u00f6ppna ett konto.<\/div><\/div>\n<div class=\"su-spoiler su-spoiler-style-fancy su-spoiler-icon-arrow-circle-1 su-spoiler-closed\" data-anchor=\"\u00c4rdetlagligtattspelap\u00e5svenskan\u00e4tkasinon?\"><div class=\"su-spoiler-title\"><span class=\"su-spoiler-icon\"><\/span><b>\u00c4r det lagligt att spela p\u00e5 svenska n\u00e4tkasinon?<\/b><\/div><div class=\"su-spoiler-content su-clearfix\" style=\"display:none\">Det spelar egentligen ingen roll om du spelar p\u00e5 ett svenskt eller ett utl\u00e4ndskt <a href=\"http:\/\/www.casinoonline.tf\/se\/\">n\u00e4tkasino<\/a>, s\u00e5 l\u00e4nge kasinot har en giltig spellicens kan du som spelare vara lugn i vetskapen om att kasinot \u00e4r lagligt. I Sverige \u00e4r landbaserade kasinon statligt \u00e4gda. D\u00e4remot \u00e4r n\u00e4tkasinon \u00e4n s\u00e5 l\u00e4nge inte till\u00e5tna. D\u00e4rf\u00f6r \u00e4r de flesta registrerade i EU-l\u00e4nder som Malta, Cypern, Isle of Man och Gibraltar, vilket i praktiken inneb\u00e4r skattefria vinster f\u00f6r svenska spelare.<\/div><\/div>\n<\/div>\n<p><img loading=\"lazy\" class=\"alignright size-full wp-image-214\" src=\"http:\/\/www.casinoonline.tf\/se\/wp-content\/uploads\/sites\/2\/2016\/11\/Svar-online-casino.jpg\" alt=\"Fr\u00e5gor &amp; Svar casino online\" width=\"760\" height=\"288\" srcset=\"https:\/\/www.casinoonline.tf\/se\/wp-content\/uploads\/sites\/2\/2016\/11\/Svar-online-casino.jpg 760w, https:\/\/www.casinoonline.tf\/se\/wp-content\/uploads\/sites\/2\/2016\/11\/Svar-online-casino-300x114.jpg 300w, https:\/\/www.casinoonline.tf\/se\/wp-content\/uploads\/sites\/2\/2016\/11\/Svar-online-casino-608x230.jpg 608w, https:\/\/www.casinoonline.tf\/se\/wp-content\/uploads\/sites\/2\/2016\/11\/Svar-online-casino-758x288.jpg 758w\" sizes=\"(max-width: 760px) 100vw, 760px\" \/><\/p>\n<h4>William Hill Vegas Casino<\/h4>\n<p>William Hill Vegas ger dig en bonus p\u00e5 100% n\u00e4r du registrerar dig f\u00f6r f\u00f6rsta g\u00e5ngen! Vegas \u00e4r en j\u00e4tte p\u00e5 marknaden n\u00e4r det kommer till spelautomater och h\u00e4r kan du testa dina f\u00e4rdigheter bland ett stort utbud av klassiska enarmade banditer och video slots av senaste modell med lockande progressiva jackpots.<\/p>\n<h4>Ladbrokes Casino<\/h4>\n<p>Ladbrokes \u00e4r ett v\u00e4letablerat online casino som har skaffat sig en plats i m\u00e5nga spelares hj\u00e4rtan runtom i v\u00e4rlden. Alla spel p\u00e5 Ladbrokes \u00e4r skapade av Playtech, s\u00e5 det handlar om spel i toppklass! Du f\u00e5r en v\u00e4lkomstbonus p\u00e5 100% med din f\u00f6rsta ins\u00e4ttning p\u00e5 max 5000 kr.<\/p>\n<h4><b><br \/>\n<\/b>Betway Casino<\/h4>\n<p>\u00c4r ett stort och sp\u00e4nnande utbud av spel viktigt f\u00f6r dig \u00e4r Betway det perfekta casinot att bes\u00f6ka. Med \u00f6ver 400 spel kan du njuta av poker, blackjack, baccarat, keno, roulette och ett hundratal slots med eftertraktade progressiva jackpots.<\/p>\n<h4>Eurogrand Casino<\/h4>\n<p>EuroGrand \u00e4r ett elegant casino med \u00e4kta europeisk fl\u00e4rd och ett fantastiskt spelutbud. Nya spelare bjuds p\u00e5 en mycket gener\u00f6s v\u00e4lkomstbonus p\u00e5 300% f\u00f6r ins\u00e4ttningar p\u00e5 upp till 10.000 kr.<\/p>\n<h4>Betfair Casino<\/h4>\n<p>\u00c4r du nyb\u00f6rjare i den digitala casinov\u00e4rlden \u00e4r Betfair ett tryggt och sp\u00e4nnande alternativ att ta en n\u00e4rmare titt p\u00e5. B\u00e5de sajten och den nedladdningsbara versionen finns p\u00e5 svenska och spelutbudet \u00e4r enormt s\u00e5 ta dig tid att testa dig fram till favoriterna. Betfair Casino bjuder p\u00e5 100% v\u00e4lkomstbonus p\u00e5 f\u00f6rsta ins\u00e4ttningen!<\/p>\n<h4>LeoVegas Casino<\/h4>\n<p>H\u00e4r hittar du ett spelpalats i v\u00e4rldsklass! LeoVegas \u00e4r ett svenskutvecklat casino och kan bes\u00f6kas helt och h\u00e5llet p\u00e5 svenska. Eftersom casinot numera drivs fr\u00e5n Malta inneb\u00e4r det att alla vinster \u00e4r skattefria f\u00f6r svenska n\u00e4tspelare.<\/p>\n\n","protected":false},"excerpt":{"rendered":"<p>Spela casino online med hj\u00e4lp av v\u00e5r guide som listar de b\u00e4sta spelsajterna p\u00e5 n\u00e4tet med de st\u00f6rsta bonusarna och finaste erbjudandena f\u00f6r b\u00e5de nya och erfarna spelare. De flesta rutinerade spel\u00e4lskare har ofta ett eget smultronst\u00e4lle p\u00e5 n\u00e4tet. F\u00f6r nya casinospelare kan det dock vara sv\u00e5rt att pricka r\u00e4tt i ett s\u00e5 gigantiskt utbud [&hellip;]<\/p>\n","protected":false},"author":1,"featured_media":0,"parent":0,"menu_order":0,"comment_status":"closed","ping_status":"closed","template":"","meta":[],"_links":{"self":[{"href":"https:\/\/www.casinoonline.tf\/se\/wp-json\/wp\/v2\/pages\/6"}],"collection":[{"href":"https:\/\/www.casinoonline.tf\/se\/wp-json\/wp\/v2\/pages"}],"about":[{"href":"https:\/\/www.casinoonline.tf\/se\/wp-json\/wp\/v2\/types\/page"}],"author":[{"embeddable":true,"href":"https:\/\/www.casinoonline.tf\/se\/wp-json\/wp\/v2\/users\/1"}],"replies":[{"embeddable":true,"href":"https:\/\/www.casinoonline.tf\/se\/wp-json\/wp\/v2\/comments?post=6"}],"version-history":[{"count":32,"href":"https:\/\/www.casinoonline.tf\/se\/wp-json\/wp\/v2\/pages\/6\/revisions"}],"predecessor-version":[{"id":305,"href":"https:\/\/www.casinoonline.tf\/se\/wp-json\/wp\/v2\/pages\/6\/revisions\/305"}],"wp:attachment":[{"href":"https:\/\/www.casinoonline.tf\/se\/wp-json\/wp\/v2\/media?parent=6"}],"curies":[{"name":"wp","href":"https:\/\/api.w.org\/{rel}","templated":true}]}}